{"id":962,"date":"2024-07-16T19:09:28","date_gmt":"2024-07-16T17:09:28","guid":{"rendered":"https:\/\/sogecom.sogelux.net\/?post_type=product&#038;p=962"},"modified":"2024-07-16T19:09:28","modified_gmt":"2024-07-16T17:09:28","slug":"support-a-clips-en-polymere-antichoc-o-20mm-gris-ral-7035","status":"publish","type":"product","link":"https:\/\/sogecom.sogelux.net\/?product=support-a-clips-en-polymere-antichoc-o-20mm-gris-ral-7035","title":{"rendered":"SUPPORT \u00c0 CLIPS EN POLYM\u00c8RE ANTICHOC &#8211; \u00d8 20MM &#8211; GRIS RAL 7035"},"content":{"rendered":"<h2 class=\"productHero__sub title title-6 text-semibold\">Gamme de produits: S\u00e9rie GW FIT<br \/>\nAccessoires pour l&#8217;installation \u00e9lectrique<\/h2>\n<div class=\"textCmp\">Syst\u00e8me complet comprenant des presse-\u00e9toupes, des accessoires de fixation en plastique et en m\u00e9tal, des accessoires de liaison pour conduit rigide et gaine, des colliers de c\u00e2blage et d&#8217;installation pour ext\u00e9rieur et des borniers de connexion. L&#8217;\u00e9tendue de la gamme et la diversit\u00e9 des offres de chaque famille font de GEWISS le sp\u00e9cialiste et le partenaire id\u00e9al dans la mise en \u0153uvre de toutes sortes d&#8217;installations, qu&#8217;elles soient \u00e0 usage r\u00e9sidentiel, tertiaire ou industriel.<\/div>\n","protected":false},"excerpt":{"rendered":"<div class=\"productHero__cod\">Code:\u00a0<span class=\"color-primary-1 text-semibold\">GW50602<\/span><\/div>\n<div class=\"productHero__btns\"><\/div>\n","protected":false},"featured_media":963,"comment_status":"open","ping_status":"closed","template":"","meta":[],"product_cat":[205,204],"product_tag":[216],"class_list":{"0":"post-962","1":"product","2":"type-product","3":"status-publish","4":"has-post-thumbnail","6":"product_cat-plomberie","7":"product_cat-plomberie-et-sanitaire","8":"product_tag-gris","9":"yith_product_brand-gewiss","11":"first","12":"instock","13":"taxable","14":"shipping-taxable","15":"purchasable","16":"product-type-simple","17":"add-to-wishlist-after_add_to_cart"},"yoast_head":"<!-- This site is optimized with the Yoast SEO plugin v23.4 - https:\/\/yoast.com\/wordpress\/plugins\/seo\/ -->\n<title>SUPPORT \u00c0 CLIPS EN POLYM\u00c8RE ANTICHOC - \u00d8 20MM - GRIS RAL 7035 - Sogecom<\/title>\n<meta name=\"robots\" content=\"index, follow, max-snippet:-1, max-image-preview:large, max-video-preview:-1\" \/>\n<link rel=\"canonical\" href=\"https:\/\/sogecom.sogelux.net\/?product=support-a-clips-en-polymere-antichoc-o-20mm-gris-ral-7035\" \/>\n<meta property=\"og:locale\" content=\"fr_FR\" \/>\n<meta property=\"og:type\" content=\"article\" \/>\n<meta property=\"og:title\" content=\"SUPPORT \u00c0 CLIPS EN POLYM\u00c8RE ANTICHOC - \u00d8 20MM - GRIS RAL 7035 - Sogecom\" \/>\n<meta property=\"og:description\" content=\"Code:\u00a0GW50602\" \/>\n<meta property=\"og:url\" content=\"https:\/\/sogecom.sogelux.net\/?product=support-a-clips-en-polymere-antichoc-o-20mm-gris-ral-7035\" \/>\n<meta property=\"og:site_name\" content=\"Sogecom\" \/>\n<meta property=\"article:publisher\" content=\"https:\/\/www.facebook.com\/p\/Sogelux-100050365376293\/?locale=fr_FR\" \/>\n<meta property=\"og:image\" content=\"https:\/\/sogecom.sogelux.net\/wp-content\/uploads\/2024\/07\/GW50602-SOGECOM-SOGELUX-NET.jpg\" \/>\n\t<meta property=\"og:image:width\" content=\"780\" \/>\n\t<meta property=\"og:image:height\" content=\"780\" \/>\n\t<meta property=\"og:image:type\" content=\"image\/jpeg\" \/>\n<meta name=\"twitter:card\" content=\"summary_large_image\" \/>\n<script type=\"application\/ld+json\" class=\"yoast-schema-graph\">{\"@context\":\"https:\/\/schema.org\",\"@graph\":[{\"@type\":\"WebPage\",\"@id\":\"https:\/\/sogecom.sogelux.net\/?product=support-a-clips-en-polymere-antichoc-o-20mm-gris-ral-7035\",\"url\":\"https:\/\/sogecom.sogelux.net\/?product=support-a-clips-en-polymere-antichoc-o-20mm-gris-ral-7035\",\"name\":\"SUPPORT \u00c0 CLIPS EN POLYM\u00c8RE ANTICHOC - \u00d8 20MM - GRIS RAL 7035 - Sogecom\",\"isPartOf\":{\"@id\":\"https:\/\/sogecom.sogelux.net\/#website\"},\"primaryImageOfPage\":{\"@id\":\"https:\/\/sogecom.sogelux.net\/?product=support-a-clips-en-polymere-antichoc-o-20mm-gris-ral-7035#primaryimage\"},\"image\":{\"@id\":\"https:\/\/sogecom.sogelux.net\/?product=support-a-clips-en-polymere-antichoc-o-20mm-gris-ral-7035#primaryimage\"},\"thumbnailUrl\":\"https:\/\/sogecom.sogelux.net\/wp-content\/uploads\/2024\/07\/GW50602-SOGECOM-SOGELUX-NET.jpg\",\"datePublished\":\"2024-07-16T17:09:28+00:00\",\"dateModified\":\"2024-07-16T17:09:28+00:00\",\"breadcrumb\":{\"@id\":\"https:\/\/sogecom.sogelux.net\/?product=support-a-clips-en-polymere-antichoc-o-20mm-gris-ral-7035#breadcrumb\"},\"inLanguage\":\"fr-FR\",\"potentialAction\":[{\"@type\":\"ReadAction\",\"target\":[\"https:\/\/sogecom.sogelux.net\/?product=support-a-clips-en-polymere-antichoc-o-20mm-gris-ral-7035\"]}]},{\"@type\":\"ImageObject\",\"inLanguage\":\"fr-FR\",\"@id\":\"https:\/\/sogecom.sogelux.net\/?product=support-a-clips-en-polymere-antichoc-o-20mm-gris-ral-7035#primaryimage\",\"url\":\"https:\/\/sogecom.sogelux.net\/wp-content\/uploads\/2024\/07\/GW50602-SOGECOM-SOGELUX-NET.jpg\",\"contentUrl\":\"https:\/\/sogecom.sogelux.net\/wp-content\/uploads\/2024\/07\/GW50602-SOGECOM-SOGELUX-NET.jpg\",\"width\":780,\"height\":780},{\"@type\":\"BreadcrumbList\",\"@id\":\"https:\/\/sogecom.sogelux.net\/?product=support-a-clips-en-polymere-antichoc-o-20mm-gris-ral-7035#breadcrumb\",\"itemListElement\":[{\"@type\":\"ListItem\",\"position\":1,\"name\":\"Accueil\",\"item\":\"https:\/\/sogecom.sogelux.net\/\"},{\"@type\":\"ListItem\",\"position\":2,\"name\":\"Boutique\",\"item\":\"https:\/\/sogecom.sogelux.net\/?page_id=10\"},{\"@type\":\"ListItem\",\"position\":3,\"name\":\"SUPPORT \u00c0 CLIPS EN POLYM\u00c8RE ANTICHOC &#8211; \u00d8 20MM &#8211; GRIS RAL 7035\"}]},{\"@type\":\"WebSite\",\"@id\":\"https:\/\/sogecom.sogelux.net\/#website\",\"url\":\"https:\/\/sogecom.sogelux.net\/\",\"name\":\"Sogecom sogelux\",\"description\":\"\",\"publisher\":{\"@id\":\"https:\/\/sogecom.sogelux.net\/#organization\"},\"potentialAction\":[{\"@type\":\"SearchAction\",\"target\":{\"@type\":\"EntryPoint\",\"urlTemplate\":\"https:\/\/sogecom.sogelux.net\/?s={search_term_string}\"},\"query-input\":{\"@type\":\"PropertyValueSpecification\",\"valueRequired\":true,\"valueName\":\"search_term_string\"}}],\"inLanguage\":\"fr-FR\"},{\"@type\":\"Organization\",\"@id\":\"https:\/\/sogecom.sogelux.net\/#organization\",\"name\":\"Sogecom\",\"url\":\"https:\/\/sogecom.sogelux.net\/\",\"logo\":{\"@type\":\"ImageObject\",\"inLanguage\":\"fr-FR\",\"@id\":\"https:\/\/sogecom.sogelux.net\/#\/schema\/logo\/image\/\",\"url\":\"https:\/\/sogecom.sogelux.net\/wp-content\/uploads\/2024\/07\/cropped-logo-sogelux-scaled-1.webp\",\"contentUrl\":\"https:\/\/sogecom.sogelux.net\/wp-content\/uploads\/2024\/07\/cropped-logo-sogelux-scaled-1.webp\",\"width\":2560,\"height\":697,\"caption\":\"Sogecom\"},\"image\":{\"@id\":\"https:\/\/sogecom.sogelux.net\/#\/schema\/logo\/image\/\"},\"sameAs\":[\"https:\/\/www.facebook.com\/p\/Sogelux-100050365376293\/?locale=fr_FR\",\"https:\/\/www.instagram.com\/sogelux.ci\/\",\"https:\/\/ci.linkedin.com\/company\/sogelux\"]}]}<\/script>\n<!-- \/ Yoast SEO plugin. -->","yoast_head_json":{"title":"SUPPORT \u00c0 CLIPS EN POLYM\u00c8RE ANTICHOC - \u00d8 20MM - GRIS RAL 7035 - Sogecom","robots":{"index":"index","follow":"follow","max-snippet":"max-snippet:-1","max-image-preview":"max-image-preview:large","max-video-preview":"max-video-preview:-1"},"canonical":"https:\/\/sogecom.sogelux.net\/?product=support-a-clips-en-polymere-antichoc-o-20mm-gris-ral-7035","og_locale":"fr_FR","og_type":"article","og_title":"SUPPORT \u00c0 CLIPS EN POLYM\u00c8RE ANTICHOC - \u00d8 20MM - GRIS RAL 7035 - Sogecom","og_description":"Code:\u00a0GW50602","og_url":"https:\/\/sogecom.sogelux.net\/?product=support-a-clips-en-polymere-antichoc-o-20mm-gris-ral-7035","og_site_name":"Sogecom","article_publisher":"https:\/\/www.facebook.com\/p\/Sogelux-100050365376293\/?locale=fr_FR","og_image":[{"width":780,"height":780,"url":"https:\/\/sogecom.sogelux.net\/wp-content\/uploads\/2024\/07\/GW50602-SOGECOM-SOGELUX-NET.jpg","type":"image\/jpeg"}],"twitter_card":"summary_large_image","schema":{"@context":"https:\/\/schema.org","@graph":[{"@type":"WebPage","@id":"https:\/\/sogecom.sogelux.net\/?product=support-a-clips-en-polymere-antichoc-o-20mm-gris-ral-7035","url":"https:\/\/sogecom.sogelux.net\/?product=support-a-clips-en-polymere-antichoc-o-20mm-gris-ral-7035","name":"SUPPORT \u00c0 CLIPS EN POLYM\u00c8RE ANTICHOC - \u00d8 20MM - GRIS RAL 7035 - Sogecom","isPartOf":{"@id":"https:\/\/sogecom.sogelux.net\/#website"},"primaryImageOfPage":{"@id":"https:\/\/sogecom.sogelux.net\/?product=support-a-clips-en-polymere-antichoc-o-20mm-gris-ral-7035#primaryimage"},"image":{"@id":"https:\/\/sogecom.sogelux.net\/?product=support-a-clips-en-polymere-antichoc-o-20mm-gris-ral-7035#primaryimage"},"thumbnailUrl":"https:\/\/sogecom.sogelux.net\/wp-content\/uploads\/2024\/07\/GW50602-SOGECOM-SOGELUX-NET.jpg","datePublished":"2024-07-16T17:09:28+00:00","dateModified":"2024-07-16T17:09:28+00:00","breadcrumb":{"@id":"https:\/\/sogecom.sogelux.net\/?product=support-a-clips-en-polymere-antichoc-o-20mm-gris-ral-7035#breadcrumb"},"inLanguage":"fr-FR","potentialAction":[{"@type":"ReadAction","target":["https:\/\/sogecom.sogelux.net\/?product=support-a-clips-en-polymere-antichoc-o-20mm-gris-ral-7035"]}]},{"@type":"ImageObject","inLanguage":"fr-FR","@id":"https:\/\/sogecom.sogelux.net\/?product=support-a-clips-en-polymere-antichoc-o-20mm-gris-ral-7035#primaryimage","url":"https:\/\/sogecom.sogelux.net\/wp-content\/uploads\/2024\/07\/GW50602-SOGECOM-SOGELUX-NET.jpg","contentUrl":"https:\/\/sogecom.sogelux.net\/wp-content\/uploads\/2024\/07\/GW50602-SOGECOM-SOGELUX-NET.jpg","width":780,"height":780},{"@type":"BreadcrumbList","@id":"https:\/\/sogecom.sogelux.net\/?product=support-a-clips-en-polymere-antichoc-o-20mm-gris-ral-7035#breadcrumb","itemListElement":[{"@type":"ListItem","position":1,"name":"Accueil","item":"https:\/\/sogecom.sogelux.net\/"},{"@type":"ListItem","position":2,"name":"Boutique","item":"https:\/\/sogecom.sogelux.net\/?page_id=10"},{"@type":"ListItem","position":3,"name":"SUPPORT \u00c0 CLIPS EN POLYM\u00c8RE ANTICHOC &#8211; \u00d8 20MM &#8211; GRIS RAL 7035"}]},{"@type":"WebSite","@id":"https:\/\/sogecom.sogelux.net\/#website","url":"https:\/\/sogecom.sogelux.net\/","name":"Sogecom sogelux","description":"","publisher":{"@id":"https:\/\/sogecom.sogelux.net\/#organization"},"potentialAction":[{"@type":"SearchAction","target":{"@type":"EntryPoint","urlTemplate":"https:\/\/sogecom.sogelux.net\/?s={search_term_string}"},"query-input":{"@type":"PropertyValueSpecification","valueRequired":true,"valueName":"search_term_string"}}],"inLanguage":"fr-FR"},{"@type":"Organization","@id":"https:\/\/sogecom.sogelux.net\/#organization","name":"Sogecom","url":"https:\/\/sogecom.sogelux.net\/","logo":{"@type":"ImageObject","inLanguage":"fr-FR","@id":"https:\/\/sogecom.sogelux.net\/#\/schema\/logo\/image\/","url":"https:\/\/sogecom.sogelux.net\/wp-content\/uploads\/2024\/07\/cropped-logo-sogelux-scaled-1.webp","contentUrl":"https:\/\/sogecom.sogelux.net\/wp-content\/uploads\/2024\/07\/cropped-logo-sogelux-scaled-1.webp","width":2560,"height":697,"caption":"Sogecom"},"image":{"@id":"https:\/\/sogecom.sogelux.net\/#\/schema\/logo\/image\/"},"sameAs":["https:\/\/www.facebook.com\/p\/Sogelux-100050365376293\/?locale=fr_FR","https:\/\/www.instagram.com\/sogelux.ci\/","https:\/\/ci.linkedin.com\/company\/sogelux"]}]}},"_links":{"self":[{"href":"https:\/\/sogecom.sogelux.net\/index.php?rest_route=\/wp\/v2\/product\/962","targetHints":{"allow":["GET"]}}],"collection":[{"href":"https:\/\/sogecom.sogelux.net\/index.php?rest_route=\/wp\/v2\/product"}],"about":[{"href":"https:\/\/sogecom.sogelux.net\/index.php?rest_route=\/wp\/v2\/types\/product"}],"replies":[{"embeddable":true,"href":"https:\/\/sogecom.sogelux.net\/index.php?rest_route=%2Fwp%2Fv2%2Fcomments&post=962"}],"wp:featuredmedia":[{"embeddable":true,"href":"https:\/\/sogecom.sogelux.net\/index.php?rest_route=\/wp\/v2\/media\/963"}],"wp:attachment":[{"href":"https:\/\/sogecom.sogelux.net\/index.php?rest_route=%2Fwp%2Fv2%2Fmedia&parent=962"}],"wp:term":[{"taxonomy":"product_cat","embeddable":true,"href":"https:\/\/sogecom.sogelux.net\/index.php?rest_route=%2Fwp%2Fv2%2Fproduct_cat&post=962"},{"taxonomy":"product_tag","embeddable":true,"href":"https:\/\/sogecom.sogelux.net\/index.php?rest_route=%2Fwp%2Fv2%2Fproduct_tag&post=962"}],"curies":[{"name":"wp","href":"https:\/\/api.w.org\/{rel}","templated":true}]}}