{"id":2836,"date":"2024-10-08T14:22:19","date_gmt":"2024-10-08T12:22:19","guid":{"rendered":"https:\/\/sogecom.sogelux.net\/?post_type=product&#038;p=2836"},"modified":"2024-10-08T14:22:19","modified_gmt":"2024-10-08T12:22:19","slug":"chargeur-usb-ac-blanc-ub3510wh","status":"publish","type":"product","link":"https:\/\/sogecom.sogelux.net\/?product=chargeur-usb-ac-blanc-ub3510wh","title":{"rendered":"CHARGEUR USB A+C BLANC &#8211; UB3510WH"},"content":{"rendered":"<div class=\"sidebar-bar-pdp-container mb-4 overflow-hidden\">\n<div class=\"js-show-docs-docs-pdp-content d-sm-block\">\n<div class=\"row\">\n<div class=\"col-sm-6\">\n<h3 class=\"h4 title-divider d-none d-sm-block\">Description<\/h3>\n<p>Peut recharger simultan\u00e9ment 2 \u00e9quipements : t\u00e9l\u00e9phone, smartphone, lecteur MP3 ou MP4, appareil photo, manette de jeux, GPS, Powerbank mais \u00e9galement 1 tablette<\/p>\n<div class=\"mb-4\">\n<h5>Caract\u00e9ristiques produit<\/h5>\n<ul class=\"pl-3 list-style-disc\">\n<li>Puissance: 15 watts<\/li>\n<li>Produit livr\u00e9 complet: fixation \u00e0 vis ou \u00e0 griffes<\/li>\n<li>Rattrapage angulaire (+\/-10\u00b0) facilitant la mise \u00e0 niveau du m\u00e9canisme.<\/li>\n<li>Blanc: RAL 9003<\/li>\n<\/ul>\n<\/div>\n<h5>Recommandations \/ restrictions d\u2019usages<\/h5>\n<ul class=\"pl-3 list-style-disc\">\n<li>Usage en int\u00e9rieur uniquement<\/li>\n<\/ul>\n<\/div>\n<div class=\"col-sm-6\">\n<div class=\"sidebar-bar-pdp\">\n<div class=\"theiaStickySidebar\">\n<div class=\"bg-powder-blue sidebar-bar-pdp-body\">\n<div class=\"sidebar-bar-pdp-text\">\n<h3 class=\"h4 title-divider\">Les plus produits<\/h3>\n<div class=\"mb-4\">\n<h5>Les + installation<\/h5>\n<ul class=\"pl-3 list-style-disc\">\n<li>Son encombrement r\u00e9duit permet une pose sans efforts, repiquage possible vers une autre prise<\/li>\n<\/ul>\n<\/div>\n<div class=\"mb-4\">\n<h5>Les + utilisation<\/h5>\n<ul class=\"pl-3 list-style-disc\">\n<li>Texture resistante aux rayures, et UV, surfaces \u00e0 nettoyage facile<\/li>\n<\/ul>\n<\/div>\n<h5>Avantages<\/h5>\n<ul class=\"pl-3 list-style-disc\">\n<li>La premi\u00e8re gamme qui propose un design moderne, rond dans le carr\u00e9, pour un produit \u00e9conomique<\/li>\n<li>La s\u00e9curit\u00e9 legrand avec un chassis plastique isolant et aux formes arrondies pour limiter les riques de blessure lors de la mise en oeuvre<\/li>\n<li>Existe en deux couleurs : blanc satin\u00e9 pour un usage universel et gris urbain pour les espaces modernes<\/li>\n<\/ul>\n<\/div>\n<\/div>\n<\/div>\n<\/div>\n<\/div>\n<\/div>\n<\/div>\n<\/div>\n<div class=\"mt-4\">\n<h3 class=\"h4 title-divider\">Caract\u00e9ristiques techniques<\/h3>\n<div class=\"row\">\n<div class=\"col-sm-6\">\n<table class=\"table table-striped table-borderless table-two-column mb-4\">\n<tbody>\n<tr>\n<th>Mod\u00e8le<\/th>\n<td>Autre<\/td>\n<\/tr>\n<tr>\n<th>Nombre de ports USB-A<\/th>\n<td>1<\/td>\n<\/tr>\n<tr>\n<th>Nombre de ports USB-C<\/th>\n<td>1<\/td>\n<\/tr>\n<tr>\n<th>Tension de fonctionnement<\/th>\n<td>100-240 V<\/td>\n<\/tr>\n<tr>\n<th>Fr\u00e9quence<\/th>\n<td>50-60 Hz<\/td>\n<\/tr>\n<tr>\n<th>Courant de sortie max.<\/th>\n<td>3000 mA<\/td>\n<\/tr>\n<tr>\n<th>Tension de sortie<\/th>\n<td>5-5 V<\/td>\n<\/tr>\n<tr>\n<th>Consommation d&#8217;\u00e9nergie<\/th>\n<td>0.066 W<\/td>\n<\/tr>\n<tr>\n<th>Type de connexion<\/th>\n<td>Borne \u00e0 vis<\/td>\n<\/tr>\n<tr>\n<th>Mode de pose<\/th>\n<td>Encastr\u00e9<\/td>\n<\/tr>\n<tr>\n<th>Couleur<\/th>\n<td>Blanc<\/td>\n<\/tr>\n<tr>\n<th>Largeur d&#8217;appareil<\/th>\n<td>80 mm<\/td>\n<\/tr>\n<tr>\n<th>Hauteur d&#8217;appareil<\/th>\n<td>80 mm<\/td>\n<\/tr>\n<tr>\n<th>Profondeur d&#8217;appareil<\/th>\n<td>43.2 mm<\/td>\n<\/tr>\n<tr>\n<th>Profondeur min. de la bo\u00eete d&#8217;encastrement<\/th>\n<td>40 mm<\/td>\n<\/tr>\n<tr>\n<th>Adapt\u00e9 \u00e0 la classe de protection (IP)<\/th>\n<td>IP20<\/td>\n<\/tr>\n<tr>\n<th>R\u00e9sistance aux chocs (IK)<\/th>\n<td>IK04<\/td>\n<\/tr>\n<\/tbody>\n<\/table>\n<\/div>\n<div class=\"col-sm-6\">\n<table class=\"table table-striped table-borderless table-two-column mb-4\">\n<tbody>\n<tr>\n<th>Traitement antimicrobien<\/th>\n<td>Non<\/td>\n<\/tr>\n<tr>\n<th>Sans fil<\/th>\n<td>Non<\/td>\n<\/tr>\n<tr>\n<th>Temperature d&#8217;utilisation \/d&#8217;installation<\/th>\n<td>-5-40 \u00b0C<\/td>\n<\/tr>\n<tr>\n<th>Temperature de stockage<\/th>\n<td>-10-70 \u00b0C<\/td>\n<\/tr>\n<tr>\n<th>Type de tension<\/th>\n<td>AC<\/td>\n<\/tr>\n<tr>\n<th>Tension nominale (Un)<\/th>\n<td>100-240 V<\/td>\n<\/tr>\n<tr>\n<th>Power Delivery<\/th>\n<td>Non<\/td>\n<\/tr>\n<tr>\n<th>Courant d&#8217;alimentation<\/th>\n<td>0.5-0.5 A<\/td>\n<\/tr>\n<tr>\n<th>Neutre obligatoire<\/th>\n<td>Oui<\/td>\n<\/tr>\n<tr>\n<th>Indication de rep\u00e9rage des bornes de raccordement<\/th>\n<td>Oui<\/td>\n<\/tr>\n<tr>\n<th>Conforme aux tests de mise en service (1000V)<\/th>\n<td>Non<\/td>\n<\/tr>\n<tr>\n<th>Sans halog\u00e8ne<\/th>\n<td>Oui<\/td>\n<\/tr>\n<tr>\n<th>Nombre de bornes<\/th>\n<td>2<\/td>\n<\/tr>\n<tr>\n<th>Capacit\u00e9 des bornes<\/th>\n<td>1.5-2.5 mm\u00b2<\/td>\n<\/tr>\n<tr>\n<th>Nature du cable pour connexion<\/th>\n<td>Souple ou rigide<\/td>\n<\/tr>\n<tr>\n<th>Section de c\u00e2ble<\/th>\n<td>1.5-2.5 mm\u00b2<\/td>\n<\/tr>\n<\/tbody>\n<\/table>\n<\/div>\n<\/div>\n<\/div>\n","protected":false},"excerpt":{"rendered":"<p><strong>Ref : UB3510WH\u00a0<\/strong><\/p>\n<p>Ref <strong>SOGELUX :\u00a0<\/strong><\/p>\n<p><strong><a href=\"https:\/\/www.legrand.ci\/fr\/catalogue\/chargeur-usb-ac-urbano-finition-blanc-ub3510wh#\" target=\"_blank\" rel=\"noopener\">Fiche technique<\/a>\u00a0<\/strong><\/p>\n","protected":false},"featured_media":2837,"comment_status":"open","ping_status":"closed","template":"","meta":[],"product_cat":[135,136],"product_tag":[],"class_list":{"0":"post-2836","1":"product","2":"type-product","3":"status-publish","4":"has-post-thumbnail","6":"product_cat-interrupteurs-et-prises","7":"product_cat-interrupteurs-et-prises-legrand","8":"yith_product_brand-legrand","10":"first","11":"instock","12":"taxable","13":"shipping-taxable","14":"purchasable","15":"product-type-simple","16":"add-to-wishlist-after_add_to_cart"},"yoast_head":"<!-- This site is optimized with the Yoast SEO plugin v23.4 - https:\/\/yoast.com\/wordpress\/plugins\/seo\/ -->\n<title>CHARGEUR USB A+C BLANC - UB3510WH - Sogecom<\/title>\n<meta name=\"description\" content=\"Chargeur USB A+C Urbano finition blanc \u00b7 Peut recharger simultan\u00e9ment 2 \u00e9quipements : t\u00e9l\u00e9phone, smartphone, lecteur MP3 ou MP4, appareil photo, manette\" \/>\n<meta name=\"robots\" content=\"index, follow, max-snippet:-1, max-image-preview:large, max-video-preview:-1\" \/>\n<link rel=\"canonical\" href=\"https:\/\/sogecom.sogelux.net\/?product=chargeur-usb-ac-blanc-ub3510wh\" \/>\n<meta property=\"og:locale\" content=\"fr_FR\" \/>\n<meta property=\"og:type\" content=\"article\" \/>\n<meta property=\"og:title\" content=\"CHARGEUR USB A+C BLANC - UB3510WH - Sogecom\" \/>\n<meta property=\"og:description\" content=\"Chargeur USB A+C Urbano finition blanc \u00b7 Peut recharger simultan\u00e9ment 2 \u00e9quipements : t\u00e9l\u00e9phone, smartphone, lecteur MP3 ou MP4, appareil photo, manette\" \/>\n<meta property=\"og:url\" content=\"https:\/\/sogecom.sogelux.net\/?product=chargeur-usb-ac-blanc-ub3510wh\" \/>\n<meta property=\"og:site_name\" content=\"Sogecom\" \/>\n<meta property=\"article:publisher\" content=\"https:\/\/www.facebook.com\/p\/Sogelux-100050365376293\/?locale=fr_FR\" \/>\n<meta property=\"og:image\" content=\"https:\/\/sogecom.sogelux.net\/wp-content\/uploads\/2024\/10\/CHARGEUR-USB-AC-BLANC-UB3510WH.jpg\" \/>\n\t<meta property=\"og:image:width\" content=\"780\" \/>\n\t<meta property=\"og:image:height\" content=\"780\" \/>\n\t<meta property=\"og:image:type\" content=\"image\/jpeg\" \/>\n<meta name=\"twitter:card\" content=\"summary_large_image\" \/>\n<meta name=\"twitter:label1\" content=\"Dur\u00e9e de lecture estim\u00e9e\" \/>\n\t<meta name=\"twitter:data1\" content=\"2 minutes\" \/>\n<script type=\"application\/ld+json\" class=\"yoast-schema-graph\">{\"@context\":\"https:\/\/schema.org\",\"@graph\":[{\"@type\":\"WebPage\",\"@id\":\"https:\/\/sogecom.sogelux.net\/?product=chargeur-usb-ac-blanc-ub3510wh\",\"url\":\"https:\/\/sogecom.sogelux.net\/?product=chargeur-usb-ac-blanc-ub3510wh\",\"name\":\"CHARGEUR USB A+C BLANC - UB3510WH - Sogecom\",\"isPartOf\":{\"@id\":\"https:\/\/sogecom.sogelux.net\/#website\"},\"primaryImageOfPage\":{\"@id\":\"https:\/\/sogecom.sogelux.net\/?product=chargeur-usb-ac-blanc-ub3510wh#primaryimage\"},\"image\":{\"@id\":\"https:\/\/sogecom.sogelux.net\/?product=chargeur-usb-ac-blanc-ub3510wh#primaryimage\"},\"thumbnailUrl\":\"https:\/\/sogecom.sogelux.net\/wp-content\/uploads\/2024\/10\/CHARGEUR-USB-AC-BLANC-UB3510WH.jpg\",\"datePublished\":\"2024-10-08T12:22:19+00:00\",\"dateModified\":\"2024-10-08T12:22:19+00:00\",\"description\":\"Chargeur USB A+C Urbano finition blanc \u00b7 Peut recharger simultan\u00e9ment 2 \u00e9quipements : t\u00e9l\u00e9phone, smartphone, lecteur MP3 ou MP4, appareil photo, manette\",\"breadcrumb\":{\"@id\":\"https:\/\/sogecom.sogelux.net\/?product=chargeur-usb-ac-blanc-ub3510wh#breadcrumb\"},\"inLanguage\":\"fr-FR\",\"potentialAction\":[{\"@type\":\"ReadAction\",\"target\":[\"https:\/\/sogecom.sogelux.net\/?product=chargeur-usb-ac-blanc-ub3510wh\"]}]},{\"@type\":\"ImageObject\",\"inLanguage\":\"fr-FR\",\"@id\":\"https:\/\/sogecom.sogelux.net\/?product=chargeur-usb-ac-blanc-ub3510wh#primaryimage\",\"url\":\"https:\/\/sogecom.sogelux.net\/wp-content\/uploads\/2024\/10\/CHARGEUR-USB-AC-BLANC-UB3510WH.jpg\",\"contentUrl\":\"https:\/\/sogecom.sogelux.net\/wp-content\/uploads\/2024\/10\/CHARGEUR-USB-AC-BLANC-UB3510WH.jpg\",\"width\":780,\"height\":780},{\"@type\":\"BreadcrumbList\",\"@id\":\"https:\/\/sogecom.sogelux.net\/?product=chargeur-usb-ac-blanc-ub3510wh#breadcrumb\",\"itemListElement\":[{\"@type\":\"ListItem\",\"position\":1,\"name\":\"Accueil\",\"item\":\"https:\/\/sogecom.sogelux.net\/\"},{\"@type\":\"ListItem\",\"position\":2,\"name\":\"Boutique\",\"item\":\"https:\/\/sogecom.sogelux.net\/?page_id=10\"},{\"@type\":\"ListItem\",\"position\":3,\"name\":\"CHARGEUR USB A+C BLANC &#8211; UB3510WH\"}]},{\"@type\":\"WebSite\",\"@id\":\"https:\/\/sogecom.sogelux.net\/#website\",\"url\":\"https:\/\/sogecom.sogelux.net\/\",\"name\":\"Sogecom sogelux\",\"description\":\"\",\"publisher\":{\"@id\":\"https:\/\/sogecom.sogelux.net\/#organization\"},\"potentialAction\":[{\"@type\":\"SearchAction\",\"target\":{\"@type\":\"EntryPoint\",\"urlTemplate\":\"https:\/\/sogecom.sogelux.net\/?s={search_term_string}\"},\"query-input\":{\"@type\":\"PropertyValueSpecification\",\"valueRequired\":true,\"valueName\":\"search_term_string\"}}],\"inLanguage\":\"fr-FR\"},{\"@type\":\"Organization\",\"@id\":\"https:\/\/sogecom.sogelux.net\/#organization\",\"name\":\"Sogecom\",\"url\":\"https:\/\/sogecom.sogelux.net\/\",\"logo\":{\"@type\":\"ImageObject\",\"inLanguage\":\"fr-FR\",\"@id\":\"https:\/\/sogecom.sogelux.net\/#\/schema\/logo\/image\/\",\"url\":\"https:\/\/sogecom.sogelux.net\/wp-content\/uploads\/2024\/07\/cropped-logo-sogelux-scaled-1.webp\",\"contentUrl\":\"https:\/\/sogecom.sogelux.net\/wp-content\/uploads\/2024\/07\/cropped-logo-sogelux-scaled-1.webp\",\"width\":2560,\"height\":697,\"caption\":\"Sogecom\"},\"image\":{\"@id\":\"https:\/\/sogecom.sogelux.net\/#\/schema\/logo\/image\/\"},\"sameAs\":[\"https:\/\/www.facebook.com\/p\/Sogelux-100050365376293\/?locale=fr_FR\",\"https:\/\/www.instagram.com\/sogelux.ci\/\",\"https:\/\/ci.linkedin.com\/company\/sogelux\"]}]}<\/script>\n<!-- \/ Yoast SEO plugin. -->","yoast_head_json":{"title":"CHARGEUR USB A+C BLANC - UB3510WH - Sogecom","description":"Chargeur USB A+C Urbano finition blanc \u00b7 Peut recharger simultan\u00e9ment 2 \u00e9quipements : t\u00e9l\u00e9phone, smartphone, lecteur MP3 ou MP4, appareil photo, manette","robots":{"index":"index","follow":"follow","max-snippet":"max-snippet:-1","max-image-preview":"max-image-preview:large","max-video-preview":"max-video-preview:-1"},"canonical":"https:\/\/sogecom.sogelux.net\/?product=chargeur-usb-ac-blanc-ub3510wh","og_locale":"fr_FR","og_type":"article","og_title":"CHARGEUR USB A+C BLANC - UB3510WH - Sogecom","og_description":"Chargeur USB A+C Urbano finition blanc \u00b7 Peut recharger simultan\u00e9ment 2 \u00e9quipements : t\u00e9l\u00e9phone, smartphone, lecteur MP3 ou MP4, appareil photo, manette","og_url":"https:\/\/sogecom.sogelux.net\/?product=chargeur-usb-ac-blanc-ub3510wh","og_site_name":"Sogecom","article_publisher":"https:\/\/www.facebook.com\/p\/Sogelux-100050365376293\/?locale=fr_FR","og_image":[{"width":780,"height":780,"url":"https:\/\/sogecom.sogelux.net\/wp-content\/uploads\/2024\/10\/CHARGEUR-USB-AC-BLANC-UB3510WH.jpg","type":"image\/jpeg"}],"twitter_card":"summary_large_image","twitter_misc":{"Dur\u00e9e de lecture estim\u00e9e":"2 minutes"},"schema":{"@context":"https:\/\/schema.org","@graph":[{"@type":"WebPage","@id":"https:\/\/sogecom.sogelux.net\/?product=chargeur-usb-ac-blanc-ub3510wh","url":"https:\/\/sogecom.sogelux.net\/?product=chargeur-usb-ac-blanc-ub3510wh","name":"CHARGEUR USB A+C BLANC - UB3510WH - Sogecom","isPartOf":{"@id":"https:\/\/sogecom.sogelux.net\/#website"},"primaryImageOfPage":{"@id":"https:\/\/sogecom.sogelux.net\/?product=chargeur-usb-ac-blanc-ub3510wh#primaryimage"},"image":{"@id":"https:\/\/sogecom.sogelux.net\/?product=chargeur-usb-ac-blanc-ub3510wh#primaryimage"},"thumbnailUrl":"https:\/\/sogecom.sogelux.net\/wp-content\/uploads\/2024\/10\/CHARGEUR-USB-AC-BLANC-UB3510WH.jpg","datePublished":"2024-10-08T12:22:19+00:00","dateModified":"2024-10-08T12:22:19+00:00","description":"Chargeur USB A+C Urbano finition blanc \u00b7 Peut recharger simultan\u00e9ment 2 \u00e9quipements : t\u00e9l\u00e9phone, smartphone, lecteur MP3 ou MP4, appareil photo, manette","breadcrumb":{"@id":"https:\/\/sogecom.sogelux.net\/?product=chargeur-usb-ac-blanc-ub3510wh#breadcrumb"},"inLanguage":"fr-FR","potentialAction":[{"@type":"ReadAction","target":["https:\/\/sogecom.sogelux.net\/?product=chargeur-usb-ac-blanc-ub3510wh"]}]},{"@type":"ImageObject","inLanguage":"fr-FR","@id":"https:\/\/sogecom.sogelux.net\/?product=chargeur-usb-ac-blanc-ub3510wh#primaryimage","url":"https:\/\/sogecom.sogelux.net\/wp-content\/uploads\/2024\/10\/CHARGEUR-USB-AC-BLANC-UB3510WH.jpg","contentUrl":"https:\/\/sogecom.sogelux.net\/wp-content\/uploads\/2024\/10\/CHARGEUR-USB-AC-BLANC-UB3510WH.jpg","width":780,"height":780},{"@type":"BreadcrumbList","@id":"https:\/\/sogecom.sogelux.net\/?product=chargeur-usb-ac-blanc-ub3510wh#breadcrumb","itemListElement":[{"@type":"ListItem","position":1,"name":"Accueil","item":"https:\/\/sogecom.sogelux.net\/"},{"@type":"ListItem","position":2,"name":"Boutique","item":"https:\/\/sogecom.sogelux.net\/?page_id=10"},{"@type":"ListItem","position":3,"name":"CHARGEUR USB A+C BLANC &#8211; UB3510WH"}]},{"@type":"WebSite","@id":"https:\/\/sogecom.sogelux.net\/#website","url":"https:\/\/sogecom.sogelux.net\/","name":"Sogecom sogelux","description":"","publisher":{"@id":"https:\/\/sogecom.sogelux.net\/#organization"},"potentialAction":[{"@type":"SearchAction","target":{"@type":"EntryPoint","urlTemplate":"https:\/\/sogecom.sogelux.net\/?s={search_term_string}"},"query-input":{"@type":"PropertyValueSpecification","valueRequired":true,"valueName":"search_term_string"}}],"inLanguage":"fr-FR"},{"@type":"Organization","@id":"https:\/\/sogecom.sogelux.net\/#organization","name":"Sogecom","url":"https:\/\/sogecom.sogelux.net\/","logo":{"@type":"ImageObject","inLanguage":"fr-FR","@id":"https:\/\/sogecom.sogelux.net\/#\/schema\/logo\/image\/","url":"https:\/\/sogecom.sogelux.net\/wp-content\/uploads\/2024\/07\/cropped-logo-sogelux-scaled-1.webp","contentUrl":"https:\/\/sogecom.sogelux.net\/wp-content\/uploads\/2024\/07\/cropped-logo-sogelux-scaled-1.webp","width":2560,"height":697,"caption":"Sogecom"},"image":{"@id":"https:\/\/sogecom.sogelux.net\/#\/schema\/logo\/image\/"},"sameAs":["https:\/\/www.facebook.com\/p\/Sogelux-100050365376293\/?locale=fr_FR","https:\/\/www.instagram.com\/sogelux.ci\/","https:\/\/ci.linkedin.com\/company\/sogelux"]}]}},"_links":{"self":[{"href":"https:\/\/sogecom.sogelux.net\/index.php?rest_route=\/wp\/v2\/product\/2836","targetHints":{"allow":["GET"]}}],"collection":[{"href":"https:\/\/sogecom.sogelux.net\/index.php?rest_route=\/wp\/v2\/product"}],"about":[{"href":"https:\/\/sogecom.sogelux.net\/index.php?rest_route=\/wp\/v2\/types\/product"}],"replies":[{"embeddable":true,"href":"https:\/\/sogecom.sogelux.net\/index.php?rest_route=%2Fwp%2Fv2%2Fcomments&post=2836"}],"wp:featuredmedia":[{"embeddable":true,"href":"https:\/\/sogecom.sogelux.net\/index.php?rest_route=\/wp\/v2\/media\/2837"}],"wp:attachment":[{"href":"https:\/\/sogecom.sogelux.net\/index.php?rest_route=%2Fwp%2Fv2%2Fmedia&parent=2836"}],"wp:term":[{"taxonomy":"product_cat","embeddable":true,"href":"https:\/\/sogecom.sogelux.net\/index.php?rest_route=%2Fwp%2Fv2%2Fproduct_cat&post=2836"},{"taxonomy":"product_tag","embeddable":true,"href":"https:\/\/sogecom.sogelux.net\/index.php?rest_route=%2Fwp%2Fv2%2Fproduct_tag&post=2836"}],"curies":[{"name":"wp","href":"https:\/\/api.w.org\/{rel}","templated":true}]}}