{"id":2775,"date":"2024-09-14T14:05:06","date_gmt":"2024-09-14T12:05:06","guid":{"rendered":"https:\/\/sogecom.sogelux.net\/?post_type=product&#038;p=2775"},"modified":"2024-09-14T14:05:06","modified_gmt":"2024-09-14T12:05:06","slug":"rj45-cat-6-utp-gris-ub4311gr","status":"publish","type":"product","link":"https:\/\/sogecom.sogelux.net\/?product=rj45-cat-6-utp-gris-ub4311gr","title":{"rendered":"RJ45 CAT 6 UTP GRIS &#8211; UB4311GR"},"content":{"rendered":"<div class=\"sidebar-bar-pdp-container mb-4 overflow-hidden\">\n<div class=\"js-show-docs-docs-pdp-content d-sm-block\">\n<div class=\"row\">\n<div class=\"col-sm-6\">\n<h3 class=\"h4 title-divider d-none d-sm-block\">Description<\/h3>\n<p>Cette prise Ethernet RJ45 8 contacts de cat\u00e9gorie 6 convient aux usages de grade 3 (t\u00e9l\u00e9phone, Internet et t\u00e9l\u00e9vision haut d\u00e9bit)<\/p>\n<div class=\"mb-4\">\n<h5>Caract\u00e9ristiques techniques<\/h5>\n<ul class=\"pl-3 list-style-disc\">\n<li>Produit livr\u00e9 complet: fixation \u00e0 vis ou \u00e0 griffes<\/li>\n<li>Bornes de raccordement \u00e0 serrage automatique<\/li>\n<li>Rattrapage angulaire (+\/-10\u00b0) facilitant la mise \u00e0 niveau du m\u00e9canisme.<\/li>\n<li>Gris: RAL 7035<\/li>\n<\/ul>\n<\/div>\n<h5>Recommandations \/ restrictions d\u2019usages<\/h5>\n<ul class=\"pl-3 list-style-disc\">\n<li>Usage en int\u00e9rieur uniquement<\/li>\n<\/ul>\n<\/div>\n<div class=\"col-sm-6\">\n<div class=\"sidebar-bar-pdp\">\n<div class=\"theiaStickySidebar\">\n<div class=\"bg-powder-blue sidebar-bar-pdp-body\">\n<div class=\"sidebar-bar-pdp-text\">\n<h3 class=\"h4 title-divider\">Les + produits<\/h3>\n<div class=\"mb-4\">\n<h5>Les + installation<\/h5>\n<ul class=\"pl-3 list-style-disc\">\n<li>Pose sans efforts avec le cablage du m\u00e9canisme sans outils<\/li>\n<\/ul>\n<\/div>\n<div class=\"mb-4\">\n<h5>Les + utilisation<\/h5>\n<ul class=\"pl-3 list-style-disc\">\n<li>Texture resistante aux rayures, et UV, pas de d\u00e9gradation de la couleur dans le temps, surfaces \u00e0 nettoyage facile<\/li>\n<\/ul>\n<\/div>\n<h5>Avantages<\/h5>\n<ul class=\"pl-3 list-style-disc\">\n<li>La premi\u00e8re gamme qui propose un design moderne, rond dans le carr\u00e9, pour un produit \u00e9conomique<\/li>\n<li>La s\u00e9curit\u00e9 legrand avec un chassis plastique isolant et aux formes arrondies pour limiter les riques de blessure lors de la mise en oeuvre<\/li>\n<li>Existe en deux couleurs : blanc satin\u00e9 pour un usage universel et gris urbain pour les espaces modernes<\/li>\n<\/ul>\n<\/div>\n<\/div>\n<\/div>\n<\/div>\n<\/div>\n<\/div>\n<\/div>\n<\/div>\n<div class=\"mt-4\">\n<h3 class=\"h4 title-divider\">Caract\u00e9ristiques techniques<\/h3>\n<div class=\"row\">\n<div class=\"col-sm-6\">\n<table class=\"table table-striped table-borderless table-two-column mb-4\">\n<tbody>\n<tr>\n<th>Montage apparent<\/th>\n<td>Non<\/td>\n<\/tr>\n<tr>\n<th>Montage encastr\u00e9<\/th>\n<td>Oui<\/td>\n<\/tr>\n<tr>\n<th>Encastrement de canal<\/th>\n<td>Non<\/td>\n<\/tr>\n<tr>\n<th>Citerne au sol\/montage en sous-sol<\/th>\n<td>Non<\/td>\n<\/tr>\n<tr>\n<th>Type de fixation<\/th>\n<td>\u00c0 clipser<\/td>\n<\/tr>\n<tr>\n<th>Composition<\/th>\n<td>M\u00e9canisme complet avec plaque<\/td>\n<\/tr>\n<tr>\n<th>Type de connecteur<\/th>\n<td>RJ45 8(8)<\/td>\n<\/tr>\n<tr>\n<th>Avec jacks\/coupleurs<\/th>\n<td>Oui<\/td>\n<\/tr>\n<tr>\n<th>Adapt\u00e9 au nombre de jacks\/coupleurs<\/th>\n<td>1<\/td>\n<\/tr>\n<tr>\n<th>Cat\u00e9gorie<\/th>\n<td>6<\/td>\n<\/tr>\n<tr>\n<th>Couleur<\/th>\n<td>Gris<\/td>\n<\/tr>\n<tr>\n<th>Num\u00e9ro RAL<\/th>\n<td>7035<\/td>\n<\/tr>\n<tr>\n<th>Type de connexion<\/th>\n<td>Contact pour connexion autod\u00e9nudante<\/td>\n<\/tr>\n<tr>\n<th>Jacks blind\u00e9s<\/th>\n<td>Non<\/td>\n<\/tr>\n<tr>\n<th>Bo\u00eetier blind\u00e9<\/th>\n<td>Non<\/td>\n<\/tr>\n<tr>\n<th>Raccordement de mise \u00e0 la terre s\u00e9par\u00e9<\/th>\n<td>Non<\/td>\n<\/tr>\n<tr>\n<th>Avec zone de texte<\/th>\n<td>Non<\/td>\n<\/tr>\n<tr>\n<th>Compatible avec des couvercles tiers<\/th>\n<td>Non<\/td>\n<\/tr>\n<tr>\n<th>D\u00e9charge s\u00e9par\u00e9e de c\u00e2ble de traction<\/th>\n<td>Non<\/td>\n<\/tr>\n<tr>\n<th>Type de montage raccordement de blindage<\/th>\n<td>Sans<\/td>\n<\/tr>\n<tr>\n<th>Direction de sortie<\/th>\n<td>Droit<\/td>\n<\/tr>\n<\/tbody>\n<\/table>\n<\/div>\n<div class=\"col-sm-6\">\n<table class=\"table table-striped table-borderless table-two-column mb-4\">\n<tbody>\n<tr>\n<th>Avec protection contre la poussi\u00e8re<\/th>\n<td>Oui<\/td>\n<\/tr>\n<tr>\n<th>Classe de protection (IP)<\/th>\n<td>IP20<\/td>\n<\/tr>\n<tr>\n<th>Codage m\u00e9canique<\/th>\n<td>Non<\/td>\n<\/tr>\n<tr>\n<th>Code couleur<\/th>\n<td>Oui<\/td>\n<\/tr>\n<tr>\n<th>Largeur d&#8217;appareil<\/th>\n<td>80 mm<\/td>\n<\/tr>\n<tr>\n<th>Hauteur d&#8217;appareil<\/th>\n<td>80 mm<\/td>\n<\/tr>\n<tr>\n<th>Device depth<\/th>\n<td>38.8 mm<\/td>\n<\/tr>\n<tr>\n<th>Nombre de modules (construction modulaire)<\/th>\n<td>1<\/td>\n<\/tr>\n<tr>\n<th>Built-in depth<\/th>\n<td>26.55 mm<\/td>\n<\/tr>\n<tr>\n<th>R\u00e9sistance aux chocs (IK)<\/th>\n<td>IK04<\/td>\n<\/tr>\n<tr>\n<th>Temperature d&#8217;utilisation \/d&#8217;installation<\/th>\n<td>-5-40 \u00b0C<\/td>\n<\/tr>\n<tr>\n<th>Temperature de stockage<\/th>\n<td>-10-70 \u00b0C<\/td>\n<\/tr>\n<tr>\n<th>Indication de rep\u00e9rage des bornes de raccordement<\/th>\n<td>Oui<\/td>\n<\/tr>\n<tr>\n<th>Sans halog\u00e8ne<\/th>\n<td>Oui<\/td>\n<\/tr>\n<tr>\n<th>Traitement antimicrobien<\/th>\n<td>Non<\/td>\n<\/tr>\n<tr>\n<th>Mode de pose<\/th>\n<td>Encastr\u00e9<\/td>\n<\/tr>\n<tr>\n<th>Nature d&#8217;embout entr\u00e9e de cable<\/th>\n<td>Non applicable<\/td>\n<\/tr>\n<tr>\n<th>Vertical fixing center distance<\/th>\n<td>71-71 mm<\/td>\n<\/tr>\n<tr>\n<th>Horizontal fixing center distance<\/th>\n<td>71-71 mm<\/td>\n<\/tr>\n<tr>\n<th>Maintien du cable<\/th>\n<td>Non applicable<\/td>\n<\/tr>\n<\/tbody>\n<\/table>\n<\/div>\n<\/div>\n<\/div>\n","protected":false},"excerpt":{"rendered":"<p><strong>Ref : UB4311GR\u00a0<\/strong><\/p>\n<p><strong>Ref SOGELUX :<\/strong><\/p>\n<p><strong><a href=\"https:\/\/sogecom.sogelux.net\/wp-content\/uploads\/2024\/09\/F04174FR-00.pdf\" target=\"_blank\" rel=\"noopener\">Fiche technique<\/a><\/strong><\/p>\n","protected":false},"featured_media":0,"comment_status":"open","ping_status":"closed","template":"","meta":[],"product_brand":[],"product_cat":[135,136],"product_tag":[],"class_list":{"0":"post-2775","1":"product","2":"type-product","3":"status-publish","5":"product_cat-interrupteurs-et-prises","6":"product_cat-interrupteurs-et-prises-legrand","7":"yith_product_brand-legrand","9":"first","10":"instock","11":"taxable","12":"shipping-taxable","13":"purchasable","14":"product-type-simple","15":"add-to-wishlist-after_add_to_cart"},"yoast_head":"<!-- This site is optimized with the Yoast SEO plugin v23.4 - https:\/\/yoast.com\/wordpress\/plugins\/seo\/ -->\n<title>RJ45 CAT 6 UTP GRIS - UB4311GR - Sogecom<\/title>\n<meta name=\"description\" content=\"UB4311GR EAN. 3414972563451. Cette prise Ethernet RJ45 8 contacts de cat\u00e9gorie 6 convient aux usages de grade 3 (t\u00e9l\u00e9phone, Internet et t\u00e9l\u00e9vision haut...\" \/>\n<meta name=\"robots\" content=\"index, follow, max-snippet:-1, max-image-preview:large, max-video-preview:-1\" \/>\n<link rel=\"canonical\" href=\"https:\/\/sogecom.sogelux.net\/?product=rj45-cat-6-utp-gris-ub4311gr\" \/>\n<meta property=\"og:locale\" content=\"fr_FR\" \/>\n<meta property=\"og:type\" content=\"article\" \/>\n<meta property=\"og:title\" content=\"RJ45 CAT 6 UTP GRIS - UB4311GR - Sogecom\" \/>\n<meta property=\"og:description\" content=\"UB4311GR EAN. 3414972563451. Cette prise Ethernet RJ45 8 contacts de cat\u00e9gorie 6 convient aux usages de grade 3 (t\u00e9l\u00e9phone, Internet et t\u00e9l\u00e9vision haut...\" \/>\n<meta property=\"og:url\" content=\"https:\/\/sogecom.sogelux.net\/?product=rj45-cat-6-utp-gris-ub4311gr\" \/>\n<meta property=\"og:site_name\" content=\"Sogecom\" \/>\n<meta property=\"article:publisher\" content=\"https:\/\/www.facebook.com\/p\/Sogelux-100050365376293\/?locale=fr_FR\" \/>\n<meta name=\"twitter:card\" content=\"summary_large_image\" \/>\n<meta name=\"twitter:label1\" content=\"Dur\u00e9e de lecture estim\u00e9e\" \/>\n\t<meta name=\"twitter:data1\" content=\"2 minutes\" \/>\n<script type=\"application\/ld+json\" class=\"yoast-schema-graph\">{\"@context\":\"https:\/\/schema.org\",\"@graph\":[{\"@type\":\"WebPage\",\"@id\":\"https:\/\/sogecom.sogelux.net\/?product=rj45-cat-6-utp-gris-ub4311gr\",\"url\":\"https:\/\/sogecom.sogelux.net\/?product=rj45-cat-6-utp-gris-ub4311gr\",\"name\":\"RJ45 CAT 6 UTP GRIS - UB4311GR - Sogecom\",\"isPartOf\":{\"@id\":\"https:\/\/sogecom.sogelux.net\/#website\"},\"datePublished\":\"2024-09-14T12:05:06+00:00\",\"dateModified\":\"2024-09-14T12:05:06+00:00\",\"description\":\"UB4311GR EAN. 3414972563451. Cette prise Ethernet RJ45 8 contacts de cat\u00e9gorie 6 convient aux usages de grade 3 (t\u00e9l\u00e9phone, Internet et t\u00e9l\u00e9vision haut...\",\"breadcrumb\":{\"@id\":\"https:\/\/sogecom.sogelux.net\/?product=rj45-cat-6-utp-gris-ub4311gr#breadcrumb\"},\"inLanguage\":\"fr-FR\",\"potentialAction\":[{\"@type\":\"ReadAction\",\"target\":[\"https:\/\/sogecom.sogelux.net\/?product=rj45-cat-6-utp-gris-ub4311gr\"]}]},{\"@type\":\"BreadcrumbList\",\"@id\":\"https:\/\/sogecom.sogelux.net\/?product=rj45-cat-6-utp-gris-ub4311gr#breadcrumb\",\"itemListElement\":[{\"@type\":\"ListItem\",\"position\":1,\"name\":\"Accueil\",\"item\":\"https:\/\/sogecom.sogelux.net\/\"},{\"@type\":\"ListItem\",\"position\":2,\"name\":\"Boutique\",\"item\":\"https:\/\/sogecom.sogelux.net\/?page_id=10\"},{\"@type\":\"ListItem\",\"position\":3,\"name\":\"RJ45 CAT 6 UTP GRIS &#8211; UB4311GR\"}]},{\"@type\":\"WebSite\",\"@id\":\"https:\/\/sogecom.sogelux.net\/#website\",\"url\":\"https:\/\/sogecom.sogelux.net\/\",\"name\":\"Sogecom sogelux\",\"description\":\"\",\"publisher\":{\"@id\":\"https:\/\/sogecom.sogelux.net\/#organization\"},\"potentialAction\":[{\"@type\":\"SearchAction\",\"target\":{\"@type\":\"EntryPoint\",\"urlTemplate\":\"https:\/\/sogecom.sogelux.net\/?s={search_term_string}\"},\"query-input\":{\"@type\":\"PropertyValueSpecification\",\"valueRequired\":true,\"valueName\":\"search_term_string\"}}],\"inLanguage\":\"fr-FR\"},{\"@type\":\"Organization\",\"@id\":\"https:\/\/sogecom.sogelux.net\/#organization\",\"name\":\"Sogecom\",\"url\":\"https:\/\/sogecom.sogelux.net\/\",\"logo\":{\"@type\":\"ImageObject\",\"inLanguage\":\"fr-FR\",\"@id\":\"https:\/\/sogecom.sogelux.net\/#\/schema\/logo\/image\/\",\"url\":\"https:\/\/sogecom.sogelux.net\/wp-content\/uploads\/2024\/07\/cropped-logo-sogelux-scaled-1.webp\",\"contentUrl\":\"https:\/\/sogecom.sogelux.net\/wp-content\/uploads\/2024\/07\/cropped-logo-sogelux-scaled-1.webp\",\"width\":2560,\"height\":697,\"caption\":\"Sogecom\"},\"image\":{\"@id\":\"https:\/\/sogecom.sogelux.net\/#\/schema\/logo\/image\/\"},\"sameAs\":[\"https:\/\/www.facebook.com\/p\/Sogelux-100050365376293\/?locale=fr_FR\",\"https:\/\/www.instagram.com\/sogelux.ci\/\",\"https:\/\/ci.linkedin.com\/company\/sogelux\"]}]}<\/script>\n<!-- \/ Yoast SEO plugin. -->","yoast_head_json":{"title":"RJ45 CAT 6 UTP GRIS - UB4311GR - Sogecom","description":"UB4311GR EAN. 3414972563451. Cette prise Ethernet RJ45 8 contacts de cat\u00e9gorie 6 convient aux usages de grade 3 (t\u00e9l\u00e9phone, Internet et t\u00e9l\u00e9vision haut...","robots":{"index":"index","follow":"follow","max-snippet":"max-snippet:-1","max-image-preview":"max-image-preview:large","max-video-preview":"max-video-preview:-1"},"canonical":"https:\/\/sogecom.sogelux.net\/?product=rj45-cat-6-utp-gris-ub4311gr","og_locale":"fr_FR","og_type":"article","og_title":"RJ45 CAT 6 UTP GRIS - UB4311GR - Sogecom","og_description":"UB4311GR EAN. 3414972563451. Cette prise Ethernet RJ45 8 contacts de cat\u00e9gorie 6 convient aux usages de grade 3 (t\u00e9l\u00e9phone, Internet et t\u00e9l\u00e9vision haut...","og_url":"https:\/\/sogecom.sogelux.net\/?product=rj45-cat-6-utp-gris-ub4311gr","og_site_name":"Sogecom","article_publisher":"https:\/\/www.facebook.com\/p\/Sogelux-100050365376293\/?locale=fr_FR","twitter_card":"summary_large_image","twitter_misc":{"Dur\u00e9e de lecture estim\u00e9e":"2 minutes"},"schema":{"@context":"https:\/\/schema.org","@graph":[{"@type":"WebPage","@id":"https:\/\/sogecom.sogelux.net\/?product=rj45-cat-6-utp-gris-ub4311gr","url":"https:\/\/sogecom.sogelux.net\/?product=rj45-cat-6-utp-gris-ub4311gr","name":"RJ45 CAT 6 UTP GRIS - UB4311GR - Sogecom","isPartOf":{"@id":"https:\/\/sogecom.sogelux.net\/#website"},"datePublished":"2024-09-14T12:05:06+00:00","dateModified":"2024-09-14T12:05:06+00:00","description":"UB4311GR EAN. 3414972563451. Cette prise Ethernet RJ45 8 contacts de cat\u00e9gorie 6 convient aux usages de grade 3 (t\u00e9l\u00e9phone, Internet et t\u00e9l\u00e9vision haut...","breadcrumb":{"@id":"https:\/\/sogecom.sogelux.net\/?product=rj45-cat-6-utp-gris-ub4311gr#breadcrumb"},"inLanguage":"fr-FR","potentialAction":[{"@type":"ReadAction","target":["https:\/\/sogecom.sogelux.net\/?product=rj45-cat-6-utp-gris-ub4311gr"]}]},{"@type":"BreadcrumbList","@id":"https:\/\/sogecom.sogelux.net\/?product=rj45-cat-6-utp-gris-ub4311gr#breadcrumb","itemListElement":[{"@type":"ListItem","position":1,"name":"Accueil","item":"https:\/\/sogecom.sogelux.net\/"},{"@type":"ListItem","position":2,"name":"Boutique","item":"https:\/\/sogecom.sogelux.net\/?page_id=10"},{"@type":"ListItem","position":3,"name":"RJ45 CAT 6 UTP GRIS &#8211; UB4311GR"}]},{"@type":"WebSite","@id":"https:\/\/sogecom.sogelux.net\/#website","url":"https:\/\/sogecom.sogelux.net\/","name":"Sogecom sogelux","description":"","publisher":{"@id":"https:\/\/sogecom.sogelux.net\/#organization"},"potentialAction":[{"@type":"SearchAction","target":{"@type":"EntryPoint","urlTemplate":"https:\/\/sogecom.sogelux.net\/?s={search_term_string}"},"query-input":{"@type":"PropertyValueSpecification","valueRequired":true,"valueName":"search_term_string"}}],"inLanguage":"fr-FR"},{"@type":"Organization","@id":"https:\/\/sogecom.sogelux.net\/#organization","name":"Sogecom","url":"https:\/\/sogecom.sogelux.net\/","logo":{"@type":"ImageObject","inLanguage":"fr-FR","@id":"https:\/\/sogecom.sogelux.net\/#\/schema\/logo\/image\/","url":"https:\/\/sogecom.sogelux.net\/wp-content\/uploads\/2024\/07\/cropped-logo-sogelux-scaled-1.webp","contentUrl":"https:\/\/sogecom.sogelux.net\/wp-content\/uploads\/2024\/07\/cropped-logo-sogelux-scaled-1.webp","width":2560,"height":697,"caption":"Sogecom"},"image":{"@id":"https:\/\/sogecom.sogelux.net\/#\/schema\/logo\/image\/"},"sameAs":["https:\/\/www.facebook.com\/p\/Sogelux-100050365376293\/?locale=fr_FR","https:\/\/www.instagram.com\/sogelux.ci\/","https:\/\/ci.linkedin.com\/company\/sogelux"]}]}},"_links":{"self":[{"href":"https:\/\/sogecom.sogelux.net\/index.php?rest_route=\/wp\/v2\/product\/2775","targetHints":{"allow":["GET"]}}],"collection":[{"href":"https:\/\/sogecom.sogelux.net\/index.php?rest_route=\/wp\/v2\/product"}],"about":[{"href":"https:\/\/sogecom.sogelux.net\/index.php?rest_route=\/wp\/v2\/types\/product"}],"replies":[{"embeddable":true,"href":"https:\/\/sogecom.sogelux.net\/index.php?rest_route=%2Fwp%2Fv2%2Fcomments&post=2775"}],"wp:attachment":[{"href":"https:\/\/sogecom.sogelux.net\/index.php?rest_route=%2Fwp%2Fv2%2Fmedia&parent=2775"}],"wp:term":[{"taxonomy":"product_brand","embeddable":true,"href":"https:\/\/sogecom.sogelux.net\/index.php?rest_route=%2Fwp%2Fv2%2Fproduct_brand&post=2775"},{"taxonomy":"product_cat","embeddable":true,"href":"https:\/\/sogecom.sogelux.net\/index.php?rest_route=%2Fwp%2Fv2%2Fproduct_cat&post=2775"},{"taxonomy":"product_tag","embeddable":true,"href":"https:\/\/sogecom.sogelux.net\/index.php?rest_route=%2Fwp%2Fv2%2Fproduct_tag&post=2775"}],"curies":[{"name":"wp","href":"https:\/\/api.w.org\/{rel}","templated":true}]}}