{"id":2318,"date":"2024-08-20T11:17:09","date_gmt":"2024-08-20T09:17:09","guid":{"rendered":"https:\/\/sogecom.sogelux.net\/?post_type=product&#038;p=2318"},"modified":"2024-08-20T11:17:09","modified_gmt":"2024-08-20T09:17:09","slug":"boite-carre-1-poste-p40-schalb71301","status":"publish","type":"product","link":"https:\/\/sogecom.sogelux.net\/?product=boite-carre-1-poste-p40-schalb71301","title":{"rendered":"BOITE CARRE 1 POSTE P40 &#8211; SCHALB71301"},"content":{"rendered":"<section class=\"section section--with-columns\">\n<h2 class=\"section-heading section-heading--color-default\">Description<\/h2>\n<div class=\"section__content\">\n<div class=\"text-container pdp-long-desc expanded\"><span class=\"description__content font-m\">Les bo\u00eetes \u00e0 sceller Modulo de Schneider Electric s&#8217;assemblent entre elles pour former des configurations doubles ou triples en toute simplicit\u00e9 et similaires \u00e0 un jeu de construction De forme carr\u00e9e, cette bo\u00eete \u00e0 encastrer dispose d&#8217;une profondeur de 40mm Sa fonction de bo\u00eete de jonction permet le raccordement d&#8217;appareils Tr\u00e8s simple d&#8217;installation, cette bo\u00eete carr\u00e9e se fixe facilement (\u00e0 sceller) Ce boitier d&#8217;appareil de couleur bleue RAL 5015 s&#8217;encastre, permettant les entr\u00e9es de c\u00e2bles suivantes &#8211; 2 entr\u00e9es d\u00e9fon\u00e7ables de 20 mm de diam\u00e8tre,- 2 entr\u00e9es d\u00e9fon\u00e7ables de 25 mm de diam\u00e8tre,- 4 entr\u00e9es d\u00e9fon\u00e7ables de 20 et 25 mm de diam\u00e8tre Cette bo\u00eete d&#8217;encastrement est d\u00e9di\u00e9e \u00e0 l&#8217;encastrement des appareillages en ma\u00e7onnerie et s&#8217;associe \u00e0 d&#8217;autres Elle s&#8217;adapte aux gammes d&#8217;appareillages de Schneider Electric<\/span><\/div>\n<div class=\"content\"><\/div>\n<\/div>\n<\/section>\n<section class=\"section section--with-columns\">\n<h2 class=\"section-heading section-heading--color-default\">Sp\u00e9cifications<\/h2>\n<div class=\"section__content\">\n<div class=\"specifications specifications__view-more-content-wrapper specifications__view-more-content-wrapper--expanded\">\n<div class=\"specifications__view-more-content\">\n<table class=\"specifications-table\">\n<caption class=\"specifications-table__caption\">Principales<\/caption>\n<tbody>\n<tr class=\"specifications-table__row\">\n<th class=\"specifications-table__row-heading\">Gamme de produit<\/th>\n<td class=\"specifications-table__cell\"><span class=\"specifications-table__text specifications-table__text--first-letter-uppercase\">Modulo<\/span><\/td>\n<\/tr>\n<tr class=\"specifications-table__row\">\n<th class=\"specifications-table__row-heading\">Type de produit ou \u00e9quipement<\/th>\n<td class=\"specifications-table__cell\"><span class=\"specifications-table__text specifications-table__text--first-letter-uppercase\">Bo\u00eetier d\u2019appareil<\/span><\/td>\n<\/tr>\n<tr class=\"specifications-table__row\">\n<th class=\"specifications-table__row-heading\">Mode de fixation<\/th>\n<td class=\"specifications-table__cell\"><span class=\"specifications-table__text specifications-table__text--first-letter-uppercase\">Par vis et griffes<\/span><\/td>\n<\/tr>\n<tr class=\"specifications-table__row\">\n<th class=\"specifications-table__row-heading\">Mati\u00e8re<\/th>\n<td class=\"specifications-table__cell\"><span class=\"specifications-table__text specifications-table__text--first-letter-uppercase\">PS (polystyr\u00e8ne)<\/span><\/td>\n<\/tr>\n<tr class=\"specifications-table__row\">\n<th class=\"specifications-table__row-heading\">Nuance de la couleur<\/th>\n<td class=\"specifications-table__cell\"><span class=\"specifications-table__text specifications-table__text--first-letter-uppercase\">Bleu (RAL 5015)<\/span><\/td>\n<\/tr>\n<\/tbody>\n<\/table>\n<table class=\"specifications-table\">\n<caption class=\"specifications-table__caption\">Compl\u00e9mentaires<\/caption>\n<tbody>\n<tr class=\"specifications-table__row\">\n<th class=\"specifications-table__row-heading\">Nombre de postes<\/th>\n<td class=\"specifications-table__cell\"><span class=\"specifications-table__text specifications-table__text--first-letter-uppercase\">1 poste<\/span><\/td>\n<\/tr>\n<tr class=\"specifications-table__row\">\n<th class=\"specifications-table__row-heading\">Entr\u00e9e de c\u00e2ble<\/th>\n<td class=\"specifications-table__cell\"><span class=\"specifications-table__text specifications-table__text--first-letter-uppercase\">2 entr\u00e9e d\u00e9fon\u00e7able diam\u00e8tre : 20 mm<br \/>\n2 entr\u00e9e d\u00e9fon\u00e7able diam\u00e8tre : 25 mm<br \/>\n4 entr\u00e9e d\u00e9fon\u00e7able diam\u00e8tre : 20\u202625 mm<\/span><\/td>\n<\/tr>\n<tr class=\"specifications-table__row\">\n<th class=\"specifications-table__row-heading\">Distance entre supports<\/th>\n<td class=\"specifications-table__cell\"><span class=\"specifications-table__text specifications-table__text--first-letter-uppercase\">60 mm<\/span><\/td>\n<\/tr>\n<tr class=\"specifications-table__row\">\n<th class=\"specifications-table__row-heading\">Profondeur<\/th>\n<td class=\"specifications-table__cell\"><span class=\"specifications-table__text specifications-table__text--first-letter-uppercase\">40 mm<\/span><\/td>\n<\/tr>\n<\/tbody>\n<\/table>\n<table class=\"specifications-table\">\n<caption class=\"specifications-table__caption\">Environnement<\/caption>\n<tbody>\n<tr class=\"specifications-table__row\">\n<th class=\"specifications-table__row-heading\">Montage de l&#8217;appareil<\/th>\n<td class=\"specifications-table__cell\"><span class=\"specifications-table__text specifications-table__text--first-letter-uppercase\">Encastr\u00e9<\/span><\/td>\n<\/tr>\n<\/tbody>\n<\/table>\n<table class=\"specifications-table\">\n<caption class=\"specifications-table__caption\">Emballage<\/caption>\n<tbody>\n<tr class=\"specifications-table__row\">\n<th class=\"specifications-table__row-heading\">Type d&#8217;emballage 1<\/th>\n<td class=\"specifications-table__cell\"><span class=\"specifications-table__text specifications-table__text--first-letter-uppercase\">PCE<\/span><\/td>\n<\/tr>\n<tr class=\"specifications-table__row\">\n<th class=\"specifications-table__row-heading\">Nb produits dans l&#8217;emballage 1<\/th>\n<td class=\"specifications-table__cell\"><span class=\"specifications-table__text specifications-table__text--first-letter-uppercase\">1<\/span><\/td>\n<\/tr>\n<tr class=\"specifications-table__row\">\n<th class=\"specifications-table__row-heading\">Hauteur de l&#8217;emballage 1<\/th>\n<td class=\"specifications-table__cell\"><span class=\"specifications-table__text specifications-table__text--first-letter-uppercase\">3,900 cm<\/span><\/td>\n<\/tr>\n<tr class=\"specifications-table__row\">\n<th class=\"specifications-table__row-heading\">Largeur de l&#8217;emballage 1<\/th>\n<td class=\"specifications-table__cell\"><span class=\"specifications-table__text specifications-table__text--first-letter-uppercase\">7,500 cm<\/span><\/td>\n<\/tr>\n<tr class=\"specifications-table__row\">\n<th class=\"specifications-table__row-heading\">Longueur de l&#8217;emballage 1<\/th>\n<td class=\"specifications-table__cell\"><span class=\"specifications-table__text specifications-table__text--first-letter-uppercase\">7,500 cm<\/span><\/td>\n<\/tr>\n<tr class=\"specifications-table__row\">\n<th class=\"specifications-table__row-heading\">Poids de l&#8217;emballage 1<\/th>\n<td class=\"specifications-table__cell\"><span class=\"specifications-table__text specifications-table__text--first-letter-uppercase\">33,000 g<\/span><\/td>\n<\/tr>\n<tr class=\"specifications-table__row\">\n<th class=\"specifications-table__row-heading\">Type d&#8217;emballage 2<\/th>\n<td class=\"specifications-table__cell\"><span class=\"specifications-table__text specifications-table__text--first-letter-uppercase\">BB1<\/span><\/td>\n<\/tr>\n<tr class=\"specifications-table__row\">\n<th class=\"specifications-table__row-heading\">Nb produits dans l&#8217;emballage 2<\/th>\n<td class=\"specifications-table__cell\"><span class=\"specifications-table__text specifications-table__text--first-letter-uppercase\">50<\/span><\/td>\n<\/tr>\n<tr class=\"specifications-table__row\">\n<th class=\"specifications-table__row-heading\">Hauteur de l&#8217;emballage 2<\/th>\n<td class=\"specifications-table__cell\"><span class=\"specifications-table__text specifications-table__text--first-letter-uppercase\">18,500 cm<\/span><\/td>\n<\/tr>\n<tr class=\"specifications-table__row\">\n<th class=\"specifications-table__row-heading\">Largeur de l&#8217;emballage 2<\/th>\n<td class=\"specifications-table__cell\"><span class=\"specifications-table__text specifications-table__text--first-letter-uppercase\">38,000 cm<\/span><\/td>\n<\/tr>\n<tr class=\"specifications-table__row\">\n<th class=\"specifications-table__row-heading\">Longueur de l&#8217;emballage 2<\/th>\n<td class=\"specifications-table__cell\"><span class=\"specifications-table__text specifications-table__text--first-letter-uppercase\">20,500 cm<\/span><\/td>\n<\/tr>\n<tr class=\"specifications-table__row\">\n<th class=\"specifications-table__row-heading\">Poids de l&#8217;emballage 2<\/th>\n<td class=\"specifications-table__cell\"><span class=\"specifications-table__text specifications-table__text--first-letter-uppercase\">1,868 kg<\/span><\/td>\n<\/tr>\n<tr class=\"specifications-table__row\">\n<th class=\"specifications-table__row-heading\">Type d&#8217;emballage 3<\/th>\n<td class=\"specifications-table__cell\"><span class=\"specifications-table__text specifications-table__text--first-letter-uppercase\">P12<\/span><\/td>\n<\/tr>\n<tr class=\"specifications-table__row\">\n<th class=\"specifications-table__row-heading\">Nb produits dans l&#8217;emballage 3<\/th>\n<td class=\"specifications-table__cell\"><span class=\"specifications-table__text specifications-table__text--first-letter-uppercase\">2500<\/span><\/td>\n<\/tr>\n<tr class=\"specifications-table__row\">\n<th class=\"specifications-table__row-heading\">Hauteur de l&#8217;emballage 3<\/th>\n<td class=\"specifications-table__cell\"><span class=\"specifications-table__text specifications-table__text--first-letter-uppercase\">120,000 cm<\/span><\/td>\n<\/tr>\n<tr class=\"specifications-table__row\">\n<th class=\"specifications-table__row-heading\">Largeur de l&#8217;emballage 3<\/th>\n<td class=\"specifications-table__cell\"><span class=\"specifications-table__text specifications-table__text--first-letter-uppercase\">80,000 cm<\/span><\/td>\n<\/tr>\n<tr class=\"specifications-table__row\">\n<th class=\"specifications-table__row-heading\">Longueur de l&#8217;emballage 3<\/th>\n<td class=\"specifications-table__cell\"><span class=\"specifications-table__text specifications-table__text--first-letter-uppercase\">120,000 cm<\/span><\/td>\n<\/tr>\n<tr class=\"specifications-table__row\">\n<th class=\"specifications-table__row-heading\">Poids de l&#8217;emballage 3<\/th>\n<td class=\"specifications-table__cell\"><span class=\"specifications-table__text specifications-table__text--first-letter-uppercase\">103,700 kg<\/span><\/td>\n<\/tr>\n<\/tbody>\n<\/table>\n<table class=\"specifications-table\">\n<caption class=\"specifications-table__caption\">Garantie contractuelle<\/caption>\n<tbody>\n<tr class=\"specifications-table__row\">\n<th class=\"specifications-table__row-heading\">Garantie<\/th>\n<td class=\"specifications-table__cell\"><span class=\"specifications-table__text specifications-table__text--first-letter-uppercase\">18 mois<\/span><\/td>\n<\/tr>\n<\/tbody>\n<\/table>\n<\/div>\n<\/div>\n<\/div>\n<\/section>\n","protected":false},"excerpt":{"rendered":"<p><strong>Ref : ALB71301<\/strong><\/p>\n<p>Ref SOGELUX : <strong>SCHALB71301<\/strong><\/p>\n<p><strong><a href=\"https:\/\/www.se.com\/fr\/fr\/product\/download-pdf\/ALB71301\" target=\"_blank\" rel=\"noopener\">Fiche technique<\/a><\/strong><\/p>\n","protected":false},"featured_media":2320,"comment_status":"open","ping_status":"closed","template":"","meta":[],"product_brand":[],"product_cat":[151,152],"product_tag":[],"class_list":{"0":"post-2318","1":"product","2":"type-product","3":"status-publish","4":"has-post-thumbnail","6":"product_cat-boite-de-connecteur","7":"product_cat-boites-encastrables","8":"yith_product_brand-shneider-electric","10":"first","11":"instock","12":"taxable","13":"shipping-taxable","14":"purchasable","15":"product-type-simple","16":"add-to-wishlist-after_add_to_cart"},"yoast_head":"<!-- This site is optimized with the Yoast SEO plugin v23.4 - https:\/\/yoast.com\/wordpress\/plugins\/seo\/ -->\n<title>BOITE CARRE 1 POSTE P40 - SCHALB71301 - Sogecom<\/title>\n<meta name=\"robots\" content=\"index, follow, max-snippet:-1, max-image-preview:large, max-video-preview:-1\" \/>\n<link rel=\"canonical\" href=\"https:\/\/sogecom.sogelux.net\/?product=boite-carre-1-poste-p40-schalb71301\" \/>\n<meta property=\"og:locale\" content=\"fr_FR\" \/>\n<meta property=\"og:type\" content=\"article\" \/>\n<meta property=\"og:title\" content=\"BOITE CARRE 1 POSTE P40 - SCHALB71301 - Sogecom\" \/>\n<meta property=\"og:description\" content=\"Ref : ALB71301  Ref SOGELUX : SCHALB71301  Fiche technique\" \/>\n<meta property=\"og:url\" content=\"https:\/\/sogecom.sogelux.net\/?product=boite-carre-1-poste-p40-schalb71301\" \/>\n<meta property=\"og:site_name\" content=\"Sogecom\" \/>\n<meta property=\"article:publisher\" content=\"https:\/\/www.facebook.com\/p\/Sogelux-100050365376293\/?locale=fr_FR\" \/>\n<meta property=\"og:image\" content=\"https:\/\/sogecom.sogelux.net\/wp-content\/uploads\/2024\/08\/BOITE-CARRE-1-POSTE-P40-SCHALB71301.png\" \/>\n\t<meta property=\"og:image:width\" content=\"780\" \/>\n\t<meta property=\"og:image:height\" content=\"780\" \/>\n\t<meta property=\"og:image:type\" content=\"image\/png\" \/>\n<meta name=\"twitter:card\" content=\"summary_large_image\" \/>\n<meta name=\"twitter:label1\" content=\"Dur\u00e9e de lecture estim\u00e9e\" \/>\n\t<meta name=\"twitter:data1\" content=\"1 minute\" \/>\n<script type=\"application\/ld+json\" class=\"yoast-schema-graph\">{\"@context\":\"https:\/\/schema.org\",\"@graph\":[{\"@type\":\"WebPage\",\"@id\":\"https:\/\/sogecom.sogelux.net\/?product=boite-carre-1-poste-p40-schalb71301\",\"url\":\"https:\/\/sogecom.sogelux.net\/?product=boite-carre-1-poste-p40-schalb71301\",\"name\":\"BOITE CARRE 1 POSTE P40 - SCHALB71301 - Sogecom\",\"isPartOf\":{\"@id\":\"https:\/\/sogecom.sogelux.net\/#website\"},\"primaryImageOfPage\":{\"@id\":\"https:\/\/sogecom.sogelux.net\/?product=boite-carre-1-poste-p40-schalb71301#primaryimage\"},\"image\":{\"@id\":\"https:\/\/sogecom.sogelux.net\/?product=boite-carre-1-poste-p40-schalb71301#primaryimage\"},\"thumbnailUrl\":\"https:\/\/sogecom.sogelux.net\/wp-content\/uploads\/2024\/08\/BOITE-CARRE-1-POSTE-P40-SCHALB71301.png\",\"datePublished\":\"2024-08-20T09:17:09+00:00\",\"dateModified\":\"2024-08-20T09:17:09+00:00\",\"breadcrumb\":{\"@id\":\"https:\/\/sogecom.sogelux.net\/?product=boite-carre-1-poste-p40-schalb71301#breadcrumb\"},\"inLanguage\":\"fr-FR\",\"potentialAction\":[{\"@type\":\"ReadAction\",\"target\":[\"https:\/\/sogecom.sogelux.net\/?product=boite-carre-1-poste-p40-schalb71301\"]}]},{\"@type\":\"ImageObject\",\"inLanguage\":\"fr-FR\",\"@id\":\"https:\/\/sogecom.sogelux.net\/?product=boite-carre-1-poste-p40-schalb71301#primaryimage\",\"url\":\"https:\/\/sogecom.sogelux.net\/wp-content\/uploads\/2024\/08\/BOITE-CARRE-1-POSTE-P40-SCHALB71301.png\",\"contentUrl\":\"https:\/\/sogecom.sogelux.net\/wp-content\/uploads\/2024\/08\/BOITE-CARRE-1-POSTE-P40-SCHALB71301.png\",\"width\":780,\"height\":780},{\"@type\":\"BreadcrumbList\",\"@id\":\"https:\/\/sogecom.sogelux.net\/?product=boite-carre-1-poste-p40-schalb71301#breadcrumb\",\"itemListElement\":[{\"@type\":\"ListItem\",\"position\":1,\"name\":\"Accueil\",\"item\":\"https:\/\/sogecom.sogelux.net\/\"},{\"@type\":\"ListItem\",\"position\":2,\"name\":\"Boutique\",\"item\":\"https:\/\/sogecom.sogelux.net\/?page_id=10\"},{\"@type\":\"ListItem\",\"position\":3,\"name\":\"BOITE CARRE 1 POSTE P40 &#8211; SCHALB71301\"}]},{\"@type\":\"WebSite\",\"@id\":\"https:\/\/sogecom.sogelux.net\/#website\",\"url\":\"https:\/\/sogecom.sogelux.net\/\",\"name\":\"Sogecom sogelux\",\"description\":\"\",\"publisher\":{\"@id\":\"https:\/\/sogecom.sogelux.net\/#organization\"},\"potentialAction\":[{\"@type\":\"SearchAction\",\"target\":{\"@type\":\"EntryPoint\",\"urlTemplate\":\"https:\/\/sogecom.sogelux.net\/?s={search_term_string}\"},\"query-input\":{\"@type\":\"PropertyValueSpecification\",\"valueRequired\":true,\"valueName\":\"search_term_string\"}}],\"inLanguage\":\"fr-FR\"},{\"@type\":\"Organization\",\"@id\":\"https:\/\/sogecom.sogelux.net\/#organization\",\"name\":\"Sogecom\",\"url\":\"https:\/\/sogecom.sogelux.net\/\",\"logo\":{\"@type\":\"ImageObject\",\"inLanguage\":\"fr-FR\",\"@id\":\"https:\/\/sogecom.sogelux.net\/#\/schema\/logo\/image\/\",\"url\":\"https:\/\/sogecom.sogelux.net\/wp-content\/uploads\/2024\/07\/cropped-logo-sogelux-scaled-1.webp\",\"contentUrl\":\"https:\/\/sogecom.sogelux.net\/wp-content\/uploads\/2024\/07\/cropped-logo-sogelux-scaled-1.webp\",\"width\":2560,\"height\":697,\"caption\":\"Sogecom\"},\"image\":{\"@id\":\"https:\/\/sogecom.sogelux.net\/#\/schema\/logo\/image\/\"},\"sameAs\":[\"https:\/\/www.facebook.com\/p\/Sogelux-100050365376293\/?locale=fr_FR\",\"https:\/\/www.instagram.com\/sogelux.ci\/\",\"https:\/\/ci.linkedin.com\/company\/sogelux\"]}]}<\/script>\n<!-- \/ Yoast SEO plugin. -->","yoast_head_json":{"title":"BOITE CARRE 1 POSTE P40 - SCHALB71301 - Sogecom","robots":{"index":"index","follow":"follow","max-snippet":"max-snippet:-1","max-image-preview":"max-image-preview:large","max-video-preview":"max-video-preview:-1"},"canonical":"https:\/\/sogecom.sogelux.net\/?product=boite-carre-1-poste-p40-schalb71301","og_locale":"fr_FR","og_type":"article","og_title":"BOITE CARRE 1 POSTE P40 - SCHALB71301 - Sogecom","og_description":"Ref : ALB71301  Ref SOGELUX : SCHALB71301  Fiche technique","og_url":"https:\/\/sogecom.sogelux.net\/?product=boite-carre-1-poste-p40-schalb71301","og_site_name":"Sogecom","article_publisher":"https:\/\/www.facebook.com\/p\/Sogelux-100050365376293\/?locale=fr_FR","og_image":[{"width":780,"height":780,"url":"https:\/\/sogecom.sogelux.net\/wp-content\/uploads\/2024\/08\/BOITE-CARRE-1-POSTE-P40-SCHALB71301.png","type":"image\/png"}],"twitter_card":"summary_large_image","twitter_misc":{"Dur\u00e9e de lecture estim\u00e9e":"1 minute"},"schema":{"@context":"https:\/\/schema.org","@graph":[{"@type":"WebPage","@id":"https:\/\/sogecom.sogelux.net\/?product=boite-carre-1-poste-p40-schalb71301","url":"https:\/\/sogecom.sogelux.net\/?product=boite-carre-1-poste-p40-schalb71301","name":"BOITE CARRE 1 POSTE P40 - SCHALB71301 - Sogecom","isPartOf":{"@id":"https:\/\/sogecom.sogelux.net\/#website"},"primaryImageOfPage":{"@id":"https:\/\/sogecom.sogelux.net\/?product=boite-carre-1-poste-p40-schalb71301#primaryimage"},"image":{"@id":"https:\/\/sogecom.sogelux.net\/?product=boite-carre-1-poste-p40-schalb71301#primaryimage"},"thumbnailUrl":"https:\/\/sogecom.sogelux.net\/wp-content\/uploads\/2024\/08\/BOITE-CARRE-1-POSTE-P40-SCHALB71301.png","datePublished":"2024-08-20T09:17:09+00:00","dateModified":"2024-08-20T09:17:09+00:00","breadcrumb":{"@id":"https:\/\/sogecom.sogelux.net\/?product=boite-carre-1-poste-p40-schalb71301#breadcrumb"},"inLanguage":"fr-FR","potentialAction":[{"@type":"ReadAction","target":["https:\/\/sogecom.sogelux.net\/?product=boite-carre-1-poste-p40-schalb71301"]}]},{"@type":"ImageObject","inLanguage":"fr-FR","@id":"https:\/\/sogecom.sogelux.net\/?product=boite-carre-1-poste-p40-schalb71301#primaryimage","url":"https:\/\/sogecom.sogelux.net\/wp-content\/uploads\/2024\/08\/BOITE-CARRE-1-POSTE-P40-SCHALB71301.png","contentUrl":"https:\/\/sogecom.sogelux.net\/wp-content\/uploads\/2024\/08\/BOITE-CARRE-1-POSTE-P40-SCHALB71301.png","width":780,"height":780},{"@type":"BreadcrumbList","@id":"https:\/\/sogecom.sogelux.net\/?product=boite-carre-1-poste-p40-schalb71301#breadcrumb","itemListElement":[{"@type":"ListItem","position":1,"name":"Accueil","item":"https:\/\/sogecom.sogelux.net\/"},{"@type":"ListItem","position":2,"name":"Boutique","item":"https:\/\/sogecom.sogelux.net\/?page_id=10"},{"@type":"ListItem","position":3,"name":"BOITE CARRE 1 POSTE P40 &#8211; SCHALB71301"}]},{"@type":"WebSite","@id":"https:\/\/sogecom.sogelux.net\/#website","url":"https:\/\/sogecom.sogelux.net\/","name":"Sogecom sogelux","description":"","publisher":{"@id":"https:\/\/sogecom.sogelux.net\/#organization"},"potentialAction":[{"@type":"SearchAction","target":{"@type":"EntryPoint","urlTemplate":"https:\/\/sogecom.sogelux.net\/?s={search_term_string}"},"query-input":{"@type":"PropertyValueSpecification","valueRequired":true,"valueName":"search_term_string"}}],"inLanguage":"fr-FR"},{"@type":"Organization","@id":"https:\/\/sogecom.sogelux.net\/#organization","name":"Sogecom","url":"https:\/\/sogecom.sogelux.net\/","logo":{"@type":"ImageObject","inLanguage":"fr-FR","@id":"https:\/\/sogecom.sogelux.net\/#\/schema\/logo\/image\/","url":"https:\/\/sogecom.sogelux.net\/wp-content\/uploads\/2024\/07\/cropped-logo-sogelux-scaled-1.webp","contentUrl":"https:\/\/sogecom.sogelux.net\/wp-content\/uploads\/2024\/07\/cropped-logo-sogelux-scaled-1.webp","width":2560,"height":697,"caption":"Sogecom"},"image":{"@id":"https:\/\/sogecom.sogelux.net\/#\/schema\/logo\/image\/"},"sameAs":["https:\/\/www.facebook.com\/p\/Sogelux-100050365376293\/?locale=fr_FR","https:\/\/www.instagram.com\/sogelux.ci\/","https:\/\/ci.linkedin.com\/company\/sogelux"]}]}},"_links":{"self":[{"href":"https:\/\/sogecom.sogelux.net\/index.php?rest_route=\/wp\/v2\/product\/2318","targetHints":{"allow":["GET"]}}],"collection":[{"href":"https:\/\/sogecom.sogelux.net\/index.php?rest_route=\/wp\/v2\/product"}],"about":[{"href":"https:\/\/sogecom.sogelux.net\/index.php?rest_route=\/wp\/v2\/types\/product"}],"replies":[{"embeddable":true,"href":"https:\/\/sogecom.sogelux.net\/index.php?rest_route=%2Fwp%2Fv2%2Fcomments&post=2318"}],"wp:featuredmedia":[{"embeddable":true,"href":"https:\/\/sogecom.sogelux.net\/index.php?rest_route=\/wp\/v2\/media\/2320"}],"wp:attachment":[{"href":"https:\/\/sogecom.sogelux.net\/index.php?rest_route=%2Fwp%2Fv2%2Fmedia&parent=2318"}],"wp:term":[{"taxonomy":"product_brand","embeddable":true,"href":"https:\/\/sogecom.sogelux.net\/index.php?rest_route=%2Fwp%2Fv2%2Fproduct_brand&post=2318"},{"taxonomy":"product_cat","embeddable":true,"href":"https:\/\/sogecom.sogelux.net\/index.php?rest_route=%2Fwp%2Fv2%2Fproduct_cat&post=2318"},{"taxonomy":"product_tag","embeddable":true,"href":"https:\/\/sogecom.sogelux.net\/index.php?rest_route=%2Fwp%2Fv2%2Fproduct_tag&post=2318"}],"curies":[{"name":"wp","href":"https:\/\/api.w.org\/{rel}","templated":true}]}}