{"id":2022,"date":"2024-08-09T17:44:44","date_gmt":"2024-08-09T15:44:44","guid":{"rendered":"https:\/\/sogecom.sogelux.net\/?post_type=product&#038;p=2022"},"modified":"2024-08-09T17:44:44","modified_gmt":"2024-08-09T15:44:44","slug":"prise-hdmi-preconnectorisee-1-mod-anthracite-meca-seul-nu343054","status":"publish","type":"product","link":"https:\/\/sogecom.sogelux.net\/?product=prise-hdmi-preconnectorisee-1-mod-anthracite-meca-seul-nu343054","title":{"rendered":"Prise HDMI pr\u00e9connectoris\u00e9e &#8211; 1 mod &#8211; Anthracite &#8211; m\u00e9ca seul-NU343054"},"content":{"rendered":"<section class=\"section section--with-columns\">\n<h2 class=\"section-heading section-heading--color-default\">Description<\/h2>\n<div class=\"section__content\">\n<div class=\"text-container pdp-long-desc expanded\"><span class=\"description__content font-m\">La nouvelle prise audio\/vid\u00e9o NU343054 Unica de Schneider Electric est anthracite. Cette prise HDMI se clipse en toute simplicit\u00e9. La prise audio\/vid\u00e9o est en ABS thermoplastique stabilis\u00e9 aux UV, ce qui la rend tr\u00e8s r\u00e9sistante. Fabriqu\u00e9e dans le respect de l&#8217;environnement, elle est sans substances extr\u00eamement pr\u00e9occupantes et sans halog\u00e8ne. En outre, son niveau de protection IK02 contribue \u00e0 la protection contre les impacts. De plus, elle r\u00e9pond \u00e0 la norme 2014\/30\/EU &#8211; compatibilit\u00e9 \u00e9lectromagn\u00e9tique. Par ailleurs, fabriqu\u00e9e dans le respect de l&#8217;environnement, cette prise reste r\u00e9sistante aux UV et \u00e0 tout type d&#8217;entretien ou d&#8217;environnement : ac\u00e9tone, alcool, ammoniaque, eau de Javel, savon liquide, huile, essence et produit vitre. Cette prise audio\/vid\u00e9o r\u00e9pond aux normes EN 61000-6-1, EN 61000-6-3, EN 62680-2-1. Sa finition est brillante, ce qui offre un rendu lumineux et \u00e9l\u00e9gant. La nouvelle gamme Unica abrite de nouveaux designs, couleurs et mat\u00e9riaux \u00e0 la d\u00e9licatesse incomparable : un carr\u00e9 dans un carr\u00e9, c&#8217;est ainsi que l&#8217;on pourrait r\u00e9sumer l&#8217;esth\u00e9tisme de la gamme Unica. Mais \u00e7a serait passer sous silence la finesse de ses lignes ainsi que la richesse, l&#8217;intelligence et la facilit\u00e9 de ses fonctions.<\/span><\/div>\n<div class=\"qds-container\"><button class=\"qds-button\" tabindex=\"0\" type=\"button\" data-importance=\"subdued\" data-size=\"standard\" data-action=\"dropdown-close\"><\/button><\/p>\n<div class=\"qds-container\">\n<div class=\"qds-click-target\"><\/div>\n<\/div>\n<div class=\"qds-focus-ring\" data-importance=\"subdued\" data-size=\"standard\"><\/div>\n<\/div>\n<div class=\"content\"><\/div>\n<\/div>\n<\/section>\n<section class=\"section section--with-columns\">\n<h2 class=\"section-heading section-heading--color-default\">Sp\u00e9cifications<\/h2>\n<div class=\"section__content\">\n<div class=\"specifications specifications__view-more-content-wrapper specifications__view-more-content-wrapper--expanded\">\n<div class=\"specifications__view-more-content\">\n<table class=\"specifications-table\">\n<caption class=\"specifications-table__caption\">Principales<\/caption>\n<tbody>\n<tr class=\"specifications-table__row\">\n<th class=\"specifications-table__row-heading\">Gamme<\/th>\n<td class=\"specifications-table__cell\"><span class=\"specifications-table__text specifications-table__text--first-letter-uppercase\">Unica<\/span><\/td>\n<\/tr>\n<tr class=\"specifications-table__row\">\n<th class=\"specifications-table__row-heading\">Type de produit ou \u00e9quipement<\/th>\n<td class=\"specifications-table__cell\"><span class=\"specifications-table__text specifications-table__text--first-letter-uppercase\">Prise audio\/vid\u00e9o<\/span><\/td>\n<\/tr>\n<tr class=\"specifications-table__row\">\n<th class=\"specifications-table__row-heading\">Type de connecteur<\/th>\n<td class=\"specifications-table__cell\"><span class=\"specifications-table__text specifications-table__text--first-letter-uppercase\">HDMI<\/span><\/td>\n<\/tr>\n<tr class=\"specifications-table__row\">\n<th class=\"specifications-table__row-heading\">Type de circuit \u00e9lectrique<\/th>\n<td class=\"specifications-table__cell\"><span class=\"specifications-table__text specifications-table__text--first-letter-uppercase\">Audio\/video<\/span><\/td>\n<\/tr>\n<tr class=\"specifications-table__row\">\n<th class=\"specifications-table__row-heading\">Pr\u00e9sentation du produit<\/th>\n<td class=\"specifications-table__cell\"><span class=\"specifications-table__text specifications-table__text--first-letter-uppercase\">M\u00e9canisme<\/span><\/td>\n<\/tr>\n<tr class=\"specifications-table__row\">\n<th class=\"specifications-table__row-heading\">Nuance de la couleur<\/th>\n<td class=\"specifications-table__cell\"><span class=\"specifications-table__text specifications-table__text--first-letter-uppercase\">Anthracite (RAL 7021)<\/span><\/td>\n<\/tr>\n<tr class=\"specifications-table__row\">\n<th class=\"specifications-table__row-heading\">Type d&#8217;emballage<\/th>\n<td class=\"specifications-table__cell\"><span class=\"specifications-table__text specifications-table__text--first-letter-uppercase\">Film plastique-bo\u00eete<\/span><\/td>\n<\/tr>\n<tr class=\"specifications-table__row\">\n<th class=\"specifications-table__row-heading\">Couleur<\/th>\n<td class=\"specifications-table__cell\"><span class=\"specifications-table__text specifications-table__text--first-letter-uppercase\">Anthracite<\/span><\/td>\n<\/tr>\n<\/tbody>\n<\/table>\n<table class=\"specifications-table\">\n<caption class=\"specifications-table__caption\">Compl\u00e9mentaires<\/caption>\n<tbody>\n<tr class=\"specifications-table__row\">\n<th class=\"specifications-table__row-heading\">Nombre de prises d&#8217;alimentation<\/th>\n<td class=\"specifications-table__cell\"><span class=\"specifications-table__text specifications-table__text--first-letter-uppercase\">1<\/span><\/td>\n<\/tr>\n<tr class=\"specifications-table__row\">\n<th class=\"specifications-table__row-heading\">Mode de fixation<\/th>\n<td class=\"specifications-table__cell\"><span class=\"specifications-table__text specifications-table__text--first-letter-uppercase\">Clipsable<\/span><\/td>\n<\/tr>\n<tr class=\"specifications-table__row\">\n<th class=\"specifications-table__row-heading\">Nombre de modules<\/th>\n<td class=\"specifications-table__cell\"><span class=\"specifications-table__text specifications-table__text--first-letter-uppercase\">1 module<\/span><\/td>\n<\/tr>\n<tr class=\"specifications-table__row\">\n<th class=\"specifications-table__row-heading\">Finition de la surface<\/th>\n<td class=\"specifications-table__cell\"><span class=\"specifications-table__text specifications-table__text--first-letter-uppercase\">Mat<\/span><\/td>\n<\/tr>\n<tr class=\"specifications-table__row\">\n<th class=\"specifications-table__row-heading\">Quantit\u00e9 du lot<\/th>\n<td class=\"specifications-table__cell\"><span class=\"specifications-table__text specifications-table__text--first-letter-uppercase\">Lot de 10<\/span><\/td>\n<\/tr>\n<tr class=\"specifications-table__row\">\n<th class=\"specifications-table__row-heading\">Mati\u00e8re<\/th>\n<td class=\"specifications-table__cell\"><span class=\"specifications-table__text specifications-table__text--first-letter-uppercase\">Plastique anti-UV: plaque centrale<\/span><\/td>\n<\/tr>\n<tr class=\"specifications-table__row\">\n<th class=\"specifications-table__row-heading\">Hauteur<\/th>\n<td class=\"specifications-table__cell\"><span class=\"specifications-table__text specifications-table__text--first-letter-uppercase\">45 mm<\/span><\/td>\n<\/tr>\n<tr class=\"specifications-table__row\">\n<th class=\"specifications-table__row-heading\">Largeur<\/th>\n<td class=\"specifications-table__cell\"><span class=\"specifications-table__text specifications-table__text--first-letter-uppercase\">22,5 mm<\/span><\/td>\n<\/tr>\n<tr class=\"specifications-table__row\">\n<th class=\"specifications-table__row-heading\">Profondeur<\/th>\n<td class=\"specifications-table__cell\"><span class=\"specifications-table__text specifications-table__text--first-letter-uppercase\">220 mm<\/span><\/td>\n<\/tr>\n<tr class=\"specifications-table__row\">\n<th class=\"specifications-table__row-heading\">Poids du produit<\/th>\n<td class=\"specifications-table__cell\"><span class=\"specifications-table__text specifications-table__text--first-letter-uppercase\">0,036 kg<\/span><\/td>\n<\/tr>\n<tr class=\"specifications-table__row\">\n<th class=\"specifications-table__row-heading\">R\u00e9sistance aux agents chimiques<\/th>\n<td class=\"specifications-table__cell\"><span class=\"specifications-table__text specifications-table__text--first-letter-uppercase\">R\u00e9sistant \u00e0 l&#8217;alcool (70%)<br \/>\nR\u00e9sistant \u00e0 l&#8217;alcool (96%)<br \/>\nR\u00e9sistant \u00e0 l&#8217;acide lactique<br \/>\nR\u00e9sistant \u00e0 l&#8217;ammonium quaternaire dilu\u00e9<br \/>\nR\u00e9sistant au javellisant dilu\u00e9<br \/>\nR\u00e9sistant \u00e0 l&#8217;ammoniaque dilu\u00e9<br \/>\nR\u00e9sistant \u00e0 l&#8217;eau savonneuse<br \/>\nR\u00e9sistant au lave vitre<br \/>\nR\u00e9sistante au peroxyde d&#8217;hydrog\u00e8ne 10 volumes<br \/>\nR\u00e9sistant au hexane<\/span><\/td>\n<\/tr>\n<\/tbody>\n<\/table>\n<table class=\"specifications-table\">\n<caption class=\"specifications-table__caption\">Environnement<\/caption>\n<tbody>\n<tr class=\"specifications-table__row\">\n<th class=\"specifications-table__row-heading\">Temp\u00e9rature ambiante de stockage<\/th>\n<td class=\"specifications-table__cell\"><span class=\"specifications-table__text specifications-table__text--first-letter-uppercase\">-5\u202650 \u00b0C<\/span><\/td>\n<\/tr>\n<tr class=\"specifications-table__row\">\n<th class=\"specifications-table__row-heading\">Temp\u00e9rature de l&#8217;air ambiant en fonctionnement<\/th>\n<td class=\"specifications-table__cell\"><span class=\"specifications-table__text specifications-table__text--first-letter-uppercase\">5\u202645 \u00b0C<\/span><\/td>\n<\/tr>\n<tr class=\"specifications-table__row\">\n<th class=\"specifications-table__row-heading\">Normes<\/th>\n<td class=\"specifications-table__cell\"><span class=\"specifications-table__text specifications-table__text--first-letter-uppercase\">EN 50049<br \/>\nEN 50157<\/span><\/td>\n<\/tr>\n<tr class=\"specifications-table__row\">\n<th class=\"specifications-table__row-heading\">Degr\u00e9 de protection (IP)<\/th>\n<td class=\"specifications-table__cell\"><span class=\"specifications-table__text specifications-table__text--first-letter-uppercase\">IP2xC<\/span><\/td>\n<\/tr>\n<tr class=\"specifications-table__row\">\n<th class=\"specifications-table__row-heading\">Tenue aux chocs (IK)<\/th>\n<td class=\"specifications-table__cell\"><span class=\"specifications-table__text specifications-table__text--first-letter-uppercase\">IK02<\/span><\/td>\n<\/tr>\n<\/tbody>\n<\/table>\n<table class=\"specifications-table\">\n<caption class=\"specifications-table__caption\">Emballage<\/caption>\n<tbody>\n<tr class=\"specifications-table__row\">\n<th class=\"specifications-table__row-heading\">Type d&#8217;emballage 1<\/th>\n<td class=\"specifications-table__cell\"><span class=\"specifications-table__text specifications-table__text--first-letter-uppercase\">PCE<\/span><\/td>\n<\/tr>\n<tr class=\"specifications-table__row\">\n<th class=\"specifications-table__row-heading\">Nb produits dans l&#8217;emballage 1<\/th>\n<td class=\"specifications-table__cell\"><span class=\"specifications-table__text specifications-table__text--first-letter-uppercase\">1<\/span><\/td>\n<\/tr>\n<tr class=\"specifications-table__row\">\n<th class=\"specifications-table__row-heading\">Hauteur de l&#8217;emballage 1<\/th>\n<td class=\"specifications-table__cell\"><span class=\"specifications-table__text specifications-table__text--first-letter-uppercase\">2,300 cm<\/span><\/td>\n<\/tr>\n<tr class=\"specifications-table__row\">\n<th class=\"specifications-table__row-heading\">Largeur de l&#8217;emballage 1<\/th>\n<td class=\"specifications-table__cell\"><span class=\"specifications-table__text specifications-table__text--first-letter-uppercase\">10,000 cm<\/span><\/td>\n<\/tr>\n<tr class=\"specifications-table__row\">\n<th class=\"specifications-table__row-heading\">Longueur de l&#8217;emballage 1<\/th>\n<td class=\"specifications-table__cell\"><span class=\"specifications-table__text specifications-table__text--first-letter-uppercase\">11,000 cm<\/span><\/td>\n<\/tr>\n<tr class=\"specifications-table__row\">\n<th class=\"specifications-table__row-heading\">Poids de l&#8217;emballage 1<\/th>\n<td class=\"specifications-table__cell\"><span class=\"specifications-table__text specifications-table__text--first-letter-uppercase\">43,000 g<\/span><\/td>\n<\/tr>\n<tr class=\"specifications-table__row\">\n<th class=\"specifications-table__row-heading\">Type d&#8217;emballage 2<\/th>\n<td class=\"specifications-table__cell\"><span class=\"specifications-table__text specifications-table__text--first-letter-uppercase\">S02<\/span><\/td>\n<\/tr>\n<tr class=\"specifications-table__row\">\n<th class=\"specifications-table__row-heading\">Nb produits dans l&#8217;emballage 2<\/th>\n<td class=\"specifications-table__cell\"><span class=\"specifications-table__text specifications-table__text--first-letter-uppercase\">10<\/span><\/td>\n<\/tr>\n<tr class=\"specifications-table__row\">\n<th class=\"specifications-table__row-heading\">Hauteur de l&#8217;emballage 2<\/th>\n<td class=\"specifications-table__cell\"><span class=\"specifications-table__text specifications-table__text--first-letter-uppercase\">15,000 cm<\/span><\/td>\n<\/tr>\n<tr class=\"specifications-table__row\">\n<th class=\"specifications-table__row-heading\">Largeur de l&#8217;emballage 2<\/th>\n<td class=\"specifications-table__cell\"><span class=\"specifications-table__text specifications-table__text--first-letter-uppercase\">30,000 cm<\/span><\/td>\n<\/tr>\n<tr class=\"specifications-table__row\">\n<th class=\"specifications-table__row-heading\">Longueur de l&#8217;emballage 2<\/th>\n<td class=\"specifications-table__cell\"><span class=\"specifications-table__text specifications-table__text--first-letter-uppercase\">40,000 cm<\/span><\/td>\n<\/tr>\n<tr class=\"specifications-table__row\">\n<th class=\"specifications-table__row-heading\">Poids de l&#8217;emballage 2<\/th>\n<td class=\"specifications-table__cell\"><span class=\"specifications-table__text specifications-table__text--first-letter-uppercase\">832,000 g<\/span><\/td>\n<\/tr>\n<\/tbody>\n<\/table>\n<table class=\"specifications-table\">\n<caption class=\"specifications-table__caption\">Garantie contractuelle<\/caption>\n<tbody>\n<tr class=\"specifications-table__row\">\n<th class=\"specifications-table__row-heading\">Garantie<\/th>\n<td class=\"specifications-table__cell\"><span class=\"specifications-table__text specifications-table__text--first-letter-uppercase\">18 mois<\/span><\/td>\n<\/tr>\n<\/tbody>\n<\/table>\n<\/div>\n<\/div>\n<\/div>\n<\/section>\n","protected":false},"excerpt":{"rendered":"<p>Ref : <strong>NU343054<\/strong><\/p>\n<h2><a href=\"https:\/\/visuals.se.com\/NU343054_360H-seq_WD20\/20200612T1149\/360\" target=\"_blank\" rel=\"noopener\">IMAGE 360 <\/a><\/h2>\n<p><strong><a href=\"https:\/\/www.se.com\/fr\/fr\/product\/download-pdf\/NU343054\" target=\"_blank\" rel=\"noopener\">Fiche technique <\/a><\/strong><\/p>\n","protected":false},"featured_media":2025,"comment_status":"open","ping_status":"closed","template":"","meta":[],"product_cat":[135,137],"product_tag":[274],"class_list":{"0":"post-2022","1":"product","2":"type-product","3":"status-publish","4":"has-post-thumbnail","6":"product_cat-interrupteurs-et-prises","7":"product_cat-interrupteurs-et-prises-schneider","8":"product_tag-schneider-electric-new-unica-prise-audio-video-prise-audio-video-new-unica-prise-audio-video-schneider-electric","9":"yith_product_brand-shneider-electric","11":"first","12":"instock","13":"taxable","14":"shipping-taxable","15":"purchasable","16":"product-type-simple","17":"add-to-wishlist-after_add_to_cart"},"yoast_head":"<!-- This site is optimized with the Yoast SEO plugin v23.4 - https:\/\/yoast.com\/wordpress\/plugins\/seo\/ -->\n<title>Prise HDMI pr\u00e9connectoris\u00e9e - 1 mod - Anthracite - m\u00e9ca seul-NU343054 - Sogecom<\/title>\n<meta name=\"robots\" content=\"index, follow, max-snippet:-1, max-image-preview:large, max-video-preview:-1\" \/>\n<link rel=\"canonical\" href=\"https:\/\/sogecom.sogelux.net\/?product=prise-hdmi-preconnectorisee-1-mod-anthracite-meca-seul-nu343054\" \/>\n<meta property=\"og:locale\" content=\"fr_FR\" \/>\n<meta property=\"og:type\" content=\"article\" \/>\n<meta property=\"og:title\" content=\"Prise HDMI pr\u00e9connectoris\u00e9e - 1 mod - Anthracite - m\u00e9ca seul-NU343054 - Sogecom\" \/>\n<meta property=\"og:description\" content=\"Ref : NU343054 IMAGE 360  Fiche technique\" \/>\n<meta property=\"og:url\" content=\"https:\/\/sogecom.sogelux.net\/?product=prise-hdmi-preconnectorisee-1-mod-anthracite-meca-seul-nu343054\" \/>\n<meta property=\"og:site_name\" content=\"Sogecom\" \/>\n<meta property=\"article:publisher\" content=\"https:\/\/www.facebook.com\/p\/Sogelux-100050365376293\/?locale=fr_FR\" \/>\n<meta property=\"og:image\" content=\"https:\/\/sogecom.sogelux.net\/wp-content\/uploads\/2024\/08\/Prise-HDMI-preconnectorisee-1-mod-Anthracite-meca-seul-NU343054.jpg\" \/>\n\t<meta property=\"og:image:width\" content=\"780\" \/>\n\t<meta property=\"og:image:height\" content=\"780\" \/>\n\t<meta property=\"og:image:type\" content=\"image\/jpeg\" \/>\n<meta name=\"twitter:card\" content=\"summary_large_image\" \/>\n<meta name=\"twitter:label1\" content=\"Dur\u00e9e de lecture estim\u00e9e\" \/>\n\t<meta name=\"twitter:data1\" content=\"2 minutes\" \/>\n<script type=\"application\/ld+json\" class=\"yoast-schema-graph\">{\"@context\":\"https:\/\/schema.org\",\"@graph\":[{\"@type\":\"WebPage\",\"@id\":\"https:\/\/sogecom.sogelux.net\/?product=prise-hdmi-preconnectorisee-1-mod-anthracite-meca-seul-nu343054\",\"url\":\"https:\/\/sogecom.sogelux.net\/?product=prise-hdmi-preconnectorisee-1-mod-anthracite-meca-seul-nu343054\",\"name\":\"Prise HDMI pr\u00e9connectoris\u00e9e - 1 mod - Anthracite - m\u00e9ca seul-NU343054 - Sogecom\",\"isPartOf\":{\"@id\":\"https:\/\/sogecom.sogelux.net\/#website\"},\"primaryImageOfPage\":{\"@id\":\"https:\/\/sogecom.sogelux.net\/?product=prise-hdmi-preconnectorisee-1-mod-anthracite-meca-seul-nu343054#primaryimage\"},\"image\":{\"@id\":\"https:\/\/sogecom.sogelux.net\/?product=prise-hdmi-preconnectorisee-1-mod-anthracite-meca-seul-nu343054#primaryimage\"},\"thumbnailUrl\":\"https:\/\/sogecom.sogelux.net\/wp-content\/uploads\/2024\/08\/Prise-HDMI-preconnectorisee-1-mod-Anthracite-meca-seul-NU343054.jpg\",\"datePublished\":\"2024-08-09T15:44:44+00:00\",\"dateModified\":\"2024-08-09T15:44:44+00:00\",\"breadcrumb\":{\"@id\":\"https:\/\/sogecom.sogelux.net\/?product=prise-hdmi-preconnectorisee-1-mod-anthracite-meca-seul-nu343054#breadcrumb\"},\"inLanguage\":\"fr-FR\",\"potentialAction\":[{\"@type\":\"ReadAction\",\"target\":[\"https:\/\/sogecom.sogelux.net\/?product=prise-hdmi-preconnectorisee-1-mod-anthracite-meca-seul-nu343054\"]}]},{\"@type\":\"ImageObject\",\"inLanguage\":\"fr-FR\",\"@id\":\"https:\/\/sogecom.sogelux.net\/?product=prise-hdmi-preconnectorisee-1-mod-anthracite-meca-seul-nu343054#primaryimage\",\"url\":\"https:\/\/sogecom.sogelux.net\/wp-content\/uploads\/2024\/08\/Prise-HDMI-preconnectorisee-1-mod-Anthracite-meca-seul-NU343054.jpg\",\"contentUrl\":\"https:\/\/sogecom.sogelux.net\/wp-content\/uploads\/2024\/08\/Prise-HDMI-preconnectorisee-1-mod-Anthracite-meca-seul-NU343054.jpg\",\"width\":780,\"height\":780},{\"@type\":\"BreadcrumbList\",\"@id\":\"https:\/\/sogecom.sogelux.net\/?product=prise-hdmi-preconnectorisee-1-mod-anthracite-meca-seul-nu343054#breadcrumb\",\"itemListElement\":[{\"@type\":\"ListItem\",\"position\":1,\"name\":\"Accueil\",\"item\":\"https:\/\/sogecom.sogelux.net\/\"},{\"@type\":\"ListItem\",\"position\":2,\"name\":\"Boutique\",\"item\":\"https:\/\/sogecom.sogelux.net\/?page_id=10\"},{\"@type\":\"ListItem\",\"position\":3,\"name\":\"Prise HDMI pr\u00e9connectoris\u00e9e &#8211; 1 mod &#8211; Anthracite &#8211; m\u00e9ca seul-NU343054\"}]},{\"@type\":\"WebSite\",\"@id\":\"https:\/\/sogecom.sogelux.net\/#website\",\"url\":\"https:\/\/sogecom.sogelux.net\/\",\"name\":\"Sogecom sogelux\",\"description\":\"\",\"publisher\":{\"@id\":\"https:\/\/sogecom.sogelux.net\/#organization\"},\"potentialAction\":[{\"@type\":\"SearchAction\",\"target\":{\"@type\":\"EntryPoint\",\"urlTemplate\":\"https:\/\/sogecom.sogelux.net\/?s={search_term_string}\"},\"query-input\":{\"@type\":\"PropertyValueSpecification\",\"valueRequired\":true,\"valueName\":\"search_term_string\"}}],\"inLanguage\":\"fr-FR\"},{\"@type\":\"Organization\",\"@id\":\"https:\/\/sogecom.sogelux.net\/#organization\",\"name\":\"Sogecom\",\"url\":\"https:\/\/sogecom.sogelux.net\/\",\"logo\":{\"@type\":\"ImageObject\",\"inLanguage\":\"fr-FR\",\"@id\":\"https:\/\/sogecom.sogelux.net\/#\/schema\/logo\/image\/\",\"url\":\"https:\/\/sogecom.sogelux.net\/wp-content\/uploads\/2024\/07\/cropped-logo-sogelux-scaled-1.webp\",\"contentUrl\":\"https:\/\/sogecom.sogelux.net\/wp-content\/uploads\/2024\/07\/cropped-logo-sogelux-scaled-1.webp\",\"width\":2560,\"height\":697,\"caption\":\"Sogecom\"},\"image\":{\"@id\":\"https:\/\/sogecom.sogelux.net\/#\/schema\/logo\/image\/\"},\"sameAs\":[\"https:\/\/www.facebook.com\/p\/Sogelux-100050365376293\/?locale=fr_FR\",\"https:\/\/www.instagram.com\/sogelux.ci\/\",\"https:\/\/ci.linkedin.com\/company\/sogelux\"]}]}<\/script>\n<!-- \/ Yoast SEO plugin. -->","yoast_head_json":{"title":"Prise HDMI pr\u00e9connectoris\u00e9e - 1 mod - Anthracite - m\u00e9ca seul-NU343054 - Sogecom","robots":{"index":"index","follow":"follow","max-snippet":"max-snippet:-1","max-image-preview":"max-image-preview:large","max-video-preview":"max-video-preview:-1"},"canonical":"https:\/\/sogecom.sogelux.net\/?product=prise-hdmi-preconnectorisee-1-mod-anthracite-meca-seul-nu343054","og_locale":"fr_FR","og_type":"article","og_title":"Prise HDMI pr\u00e9connectoris\u00e9e - 1 mod - Anthracite - m\u00e9ca seul-NU343054 - Sogecom","og_description":"Ref : NU343054 IMAGE 360  Fiche technique","og_url":"https:\/\/sogecom.sogelux.net\/?product=prise-hdmi-preconnectorisee-1-mod-anthracite-meca-seul-nu343054","og_site_name":"Sogecom","article_publisher":"https:\/\/www.facebook.com\/p\/Sogelux-100050365376293\/?locale=fr_FR","og_image":[{"width":780,"height":780,"url":"https:\/\/sogecom.sogelux.net\/wp-content\/uploads\/2024\/08\/Prise-HDMI-preconnectorisee-1-mod-Anthracite-meca-seul-NU343054.jpg","type":"image\/jpeg"}],"twitter_card":"summary_large_image","twitter_misc":{"Dur\u00e9e de lecture estim\u00e9e":"2 minutes"},"schema":{"@context":"https:\/\/schema.org","@graph":[{"@type":"WebPage","@id":"https:\/\/sogecom.sogelux.net\/?product=prise-hdmi-preconnectorisee-1-mod-anthracite-meca-seul-nu343054","url":"https:\/\/sogecom.sogelux.net\/?product=prise-hdmi-preconnectorisee-1-mod-anthracite-meca-seul-nu343054","name":"Prise HDMI pr\u00e9connectoris\u00e9e - 1 mod - Anthracite - m\u00e9ca seul-NU343054 - Sogecom","isPartOf":{"@id":"https:\/\/sogecom.sogelux.net\/#website"},"primaryImageOfPage":{"@id":"https:\/\/sogecom.sogelux.net\/?product=prise-hdmi-preconnectorisee-1-mod-anthracite-meca-seul-nu343054#primaryimage"},"image":{"@id":"https:\/\/sogecom.sogelux.net\/?product=prise-hdmi-preconnectorisee-1-mod-anthracite-meca-seul-nu343054#primaryimage"},"thumbnailUrl":"https:\/\/sogecom.sogelux.net\/wp-content\/uploads\/2024\/08\/Prise-HDMI-preconnectorisee-1-mod-Anthracite-meca-seul-NU343054.jpg","datePublished":"2024-08-09T15:44:44+00:00","dateModified":"2024-08-09T15:44:44+00:00","breadcrumb":{"@id":"https:\/\/sogecom.sogelux.net\/?product=prise-hdmi-preconnectorisee-1-mod-anthracite-meca-seul-nu343054#breadcrumb"},"inLanguage":"fr-FR","potentialAction":[{"@type":"ReadAction","target":["https:\/\/sogecom.sogelux.net\/?product=prise-hdmi-preconnectorisee-1-mod-anthracite-meca-seul-nu343054"]}]},{"@type":"ImageObject","inLanguage":"fr-FR","@id":"https:\/\/sogecom.sogelux.net\/?product=prise-hdmi-preconnectorisee-1-mod-anthracite-meca-seul-nu343054#primaryimage","url":"https:\/\/sogecom.sogelux.net\/wp-content\/uploads\/2024\/08\/Prise-HDMI-preconnectorisee-1-mod-Anthracite-meca-seul-NU343054.jpg","contentUrl":"https:\/\/sogecom.sogelux.net\/wp-content\/uploads\/2024\/08\/Prise-HDMI-preconnectorisee-1-mod-Anthracite-meca-seul-NU343054.jpg","width":780,"height":780},{"@type":"BreadcrumbList","@id":"https:\/\/sogecom.sogelux.net\/?product=prise-hdmi-preconnectorisee-1-mod-anthracite-meca-seul-nu343054#breadcrumb","itemListElement":[{"@type":"ListItem","position":1,"name":"Accueil","item":"https:\/\/sogecom.sogelux.net\/"},{"@type":"ListItem","position":2,"name":"Boutique","item":"https:\/\/sogecom.sogelux.net\/?page_id=10"},{"@type":"ListItem","position":3,"name":"Prise HDMI pr\u00e9connectoris\u00e9e &#8211; 1 mod &#8211; Anthracite &#8211; m\u00e9ca seul-NU343054"}]},{"@type":"WebSite","@id":"https:\/\/sogecom.sogelux.net\/#website","url":"https:\/\/sogecom.sogelux.net\/","name":"Sogecom sogelux","description":"","publisher":{"@id":"https:\/\/sogecom.sogelux.net\/#organization"},"potentialAction":[{"@type":"SearchAction","target":{"@type":"EntryPoint","urlTemplate":"https:\/\/sogecom.sogelux.net\/?s={search_term_string}"},"query-input":{"@type":"PropertyValueSpecification","valueRequired":true,"valueName":"search_term_string"}}],"inLanguage":"fr-FR"},{"@type":"Organization","@id":"https:\/\/sogecom.sogelux.net\/#organization","name":"Sogecom","url":"https:\/\/sogecom.sogelux.net\/","logo":{"@type":"ImageObject","inLanguage":"fr-FR","@id":"https:\/\/sogecom.sogelux.net\/#\/schema\/logo\/image\/","url":"https:\/\/sogecom.sogelux.net\/wp-content\/uploads\/2024\/07\/cropped-logo-sogelux-scaled-1.webp","contentUrl":"https:\/\/sogecom.sogelux.net\/wp-content\/uploads\/2024\/07\/cropped-logo-sogelux-scaled-1.webp","width":2560,"height":697,"caption":"Sogecom"},"image":{"@id":"https:\/\/sogecom.sogelux.net\/#\/schema\/logo\/image\/"},"sameAs":["https:\/\/www.facebook.com\/p\/Sogelux-100050365376293\/?locale=fr_FR","https:\/\/www.instagram.com\/sogelux.ci\/","https:\/\/ci.linkedin.com\/company\/sogelux"]}]}},"_links":{"self":[{"href":"https:\/\/sogecom.sogelux.net\/index.php?rest_route=\/wp\/v2\/product\/2022","targetHints":{"allow":["GET"]}}],"collection":[{"href":"https:\/\/sogecom.sogelux.net\/index.php?rest_route=\/wp\/v2\/product"}],"about":[{"href":"https:\/\/sogecom.sogelux.net\/index.php?rest_route=\/wp\/v2\/types\/product"}],"replies":[{"embeddable":true,"href":"https:\/\/sogecom.sogelux.net\/index.php?rest_route=%2Fwp%2Fv2%2Fcomments&post=2022"}],"wp:featuredmedia":[{"embeddable":true,"href":"https:\/\/sogecom.sogelux.net\/index.php?rest_route=\/wp\/v2\/media\/2025"}],"wp:attachment":[{"href":"https:\/\/sogecom.sogelux.net\/index.php?rest_route=%2Fwp%2Fv2%2Fmedia&parent=2022"}],"wp:term":[{"taxonomy":"product_cat","embeddable":true,"href":"https:\/\/sogecom.sogelux.net\/index.php?rest_route=%2Fwp%2Fv2%2Fproduct_cat&post=2022"},{"taxonomy":"product_tag","embeddable":true,"href":"https:\/\/sogecom.sogelux.net\/index.php?rest_route=%2Fwp%2Fv2%2Fproduct_tag&post=2022"}],"curies":[{"name":"wp","href":"https:\/\/api.w.org\/{rel}","templated":true}]}}