{"id":1471,"date":"2024-07-25T13:21:46","date_gmt":"2024-07-25T11:21:46","guid":{"rendered":"https:\/\/sogecom.sogelux.net\/?post_type=product&#038;p=1471"},"modified":"2024-07-25T13:21:46","modified_gmt":"2024-07-25T11:21:46","slug":"fiche-mobile-droite-hypra-ip44-16a-380v-a-415v-3pnt-caoutchouc","status":"publish","type":"product","link":"https:\/\/sogecom.sogelux.net\/?product=fiche-mobile-droite-hypra-ip44-16a-380v-a-415v-3pnt-caoutchouc","title":{"rendered":"Fiche mobile droite Hypra IP44 16A &#8211; 380V~ \u00e0 415V~ &#8211; 3P+N+T &#8211; caoutchouc"},"content":{"rendered":"<div id=\"caracteristiques-produit\" class=\"accordion-wrapper nav-anchor\">\n<div class=\"section section-small section-large-big-border module\">\n<div class=\"section-inner\">\n<div class=\"section-content\">\n<h2 class=\"section-title\">Caract\u00e9ristiques produit<\/h2>\n<div class=\"module m-28-2\">\n<div class=\"block-tab dot-list colored\">\n<ul>\n<li>Fiche mobile droite Hypra IP44<\/li>\n<li>Rouge<\/li>\n<li>380V~ \u00e0 415V~<\/li>\n<li>16A &#8211; 3P+N+T<\/li>\n<li>Caoutchouc<\/li>\n<\/ul>\n<\/div>\n<\/div>\n<div class=\"block-content\">\n<h3 class=\"black\">Information sur la gamme<\/h3>\n<p>Les fiches et prises industrielles Hypra sont fabriqu\u00e9es en mati\u00e8re de plastique (PA 6 et PBT), de m\u00e9tal (zamak) ou caoutchouc offrant ainsi une tr\u00e8s bonne solidit\u00e9 et r\u00e9sistance aux chocs avec 2 niveaux d&#8217;\u00e9tanch\u00e9it\u00e9 : IP 44 et triple IP 55-66\/67. Les prises Hypra sont disponibles en Prisinter (avec bouton poussoir), une exclusivit\u00e9 Legrand, mais aussi socles de tableau, fiches droites ou coud\u00e9es, prises mobiles et socles de connecteurs. Les socles de tableau Transfert Direct Hypra IP 44, 16 ou 32 A se montent sur les anciens bo\u00eetiers pour socles Martin Lunel ou remplacent un ancien socle de tableau Martin Lunel. Les connecteurs multip\u00f4les Hypra permettent de r\u00e9pondre au besoin de liaison pour circuit de puissance et de commande dans les applications de type industriel (automobile, sid\u00e9rurgie, etc.), machine-outil, automatisation industrielle, commandes et transport d&#8217;informations, signalisation. Ils sont disponibles en kit de 10 \u00e0 32 A et en version embase, prolongateurs et socles \u00e0 assembler pour des besoins plus sp\u00e9cifiques.<\/p>\n<\/div>\n<\/div>\n<\/div>\n<\/div>\n<\/div>\n<div id=\"documentation-et-conseils-de-pose\" class=\"accordion-wrapper nav-anchor\">\n<div class=\"section section-small section-large-big-border module\">\n<div class=\"section-inner\">\n<div class=\"section-content\">\n<h2 class=\"section-title\">Documentation et conseils de pose<\/h2>\n<div class=\"block-content col\">\n<div>\n<h3>Pages catalogue &amp; annexes<\/h3>\n<ul class=\"list-docs\">\n<li><a class=\"docs-link docs-link-downloads js-tracker\" href=\"https:\/\/assets.legrand.com\/pim\/DOCUMENT\/cm222600_0098-0099.pdf\" target=\"_blank\" rel=\"noopener\" data-gtm-event=\"downloads\" data-gtm-event-category=\"downloads\" data-gtm-event-action=\"Fiche mobile droite Hypra IP44 16A - 380V~ \u00e0 415V~ - 3P+N+T - caoutchouc\" data-gtm-event-label=\"PC\" data-gtm-event-value=\"cm222600_0098-0099.pdf\">TABLEAU DE CHOIX (P.98 \u00c9DITION 2022)<i class=\"icon icon-downloads thin-icon\"><\/i><\/a><i class=\"icon-score-empty-thin\"><\/i><\/li>\n<li><a class=\"docs-link docs-link-downloads js-tracker\" href=\"https:\/\/assets.legrand.com\/pim\/DOCUMENT\/cm222600_0116.pdf\" target=\"_blank\" rel=\"noopener\" data-gtm-event=\"downloads\" data-gtm-event-category=\"downloads\" data-gtm-event-action=\"Fiche mobile droite Hypra IP44 16A - 380V~ \u00e0 415V~ - 3P+N+T - caoutchouc\" data-gtm-event-label=\"PC\" data-gtm-event-value=\"cm222600_0116.pdf\">PAGE TECHNIQUE (P.116 \u00c9DITION 2022)<i class=\"icon icon-downloads thin-icon\"><\/i><\/a><i class=\"icon-score-empty-thin\"><\/i><\/li>\n<li><a class=\"docs-link docs-link-downloads js-tracker\" href=\"https:\/\/assets.legrand.com\/pim\/DOCUMENT\/cm222600_0104.pdf\" target=\"_blank\" rel=\"noopener\" data-gtm-event=\"downloads\" data-gtm-event-category=\"downloads\" data-gtm-event-action=\"Fiche mobile droite Hypra IP44 16A - 380V~ \u00e0 415V~ - 3P+N+T - caoutchouc\" data-gtm-event-label=\"PC\" data-gtm-event-value=\"cm222600_0104.pdf\">PAGE COMMERCIALE (P.104 \u00c9DITION 2022)<i class=\"icon icon-downloads thin-icon\"><\/i><\/a><i class=\"icon-score-empty-thin\"><\/i><\/li>\n<\/ul>\n<\/div>\n<div>\n<h3>Fiches techniques \/ Guides m\u00e9tier<\/h3>\n<ul class=\"list-docs\">\n<li><a class=\"docs-link docs-link-downloads js-tracker\" href=\"https:\/\/assets.legrand.com\/pim\/NP-FT-GT\/F00138FR-04.pdf\" target=\"_blank\" rel=\"noopener\" data-gtm-event=\"downloads\" data-gtm-event-category=\"downloads\" data-gtm-event-action=\"Fiche mobile droite Hypra IP44 16A - 380V~ \u00e0 415V~ - 3P+N+T - caoutchouc\" data-gtm-event-label=\"FT\" data-gtm-event-value=\"F00138FR-04.pdf\">F00138FR-04.PDF<\/a><\/li>\n<\/ul>\n<\/div>\n<\/div>\n<\/div>\n<\/div>\n<\/div>\n<\/div>\n","protected":false},"excerpt":{"rendered":"<ul>\n<li>\n<p class=\"notice-item notice-item-ref js-product-ref\">REF. 0 522 54<\/p>\n<\/li>\n<li><a href=\"https:\/\/assets.legrand.com\/pim\/NP-FT-GT\/F00138FR-04.pdf\" target=\"_blank\" rel=\"noopener\">Fiche technique <\/a><\/li>\n<\/ul>\n","protected":false},"featured_media":1472,"comment_status":"open","ping_status":"closed","template":"","meta":[],"product_cat":[135,226],"product_tag":[222],"class_list":{"0":"post-1471","1":"product","2":"type-product","3":"status-publish","4":"has-post-thumbnail","6":"product_cat-interrupteurs-et-prises","7":"product_cat-prise-et-fiche-industrielle","8":"product_tag-legrand","9":"yith_product_brand-le-grand","11":"first","12":"instock","13":"taxable","14":"shipping-taxable","15":"purchasable","16":"product-type-simple","17":"add-to-wishlist-after_add_to_cart"},"yoast_head":"<!-- This site is optimized with the Yoast SEO plugin v23.4 - https:\/\/yoast.com\/wordpress\/plugins\/seo\/ -->\n<title>Fiche mobile droite Hypra IP44 16A - 380V~ \u00e0 415V~ - 3P+N+T - caoutchouc - Sogecom<\/title>\n<meta name=\"robots\" content=\"index, follow, max-snippet:-1, max-image-preview:large, max-video-preview:-1\" \/>\n<link rel=\"canonical\" href=\"https:\/\/sogecom.sogelux.net\/?product=fiche-mobile-droite-hypra-ip44-16a-380v-a-415v-3pnt-caoutchouc\" \/>\n<meta property=\"og:locale\" content=\"fr_FR\" \/>\n<meta property=\"og:type\" content=\"article\" \/>\n<meta property=\"og:title\" content=\"Fiche mobile droite Hypra IP44 16A - 380V~ \u00e0 415V~ - 3P+N+T - caoutchouc - Sogecom\" \/>\n<meta property=\"og:description\" content=\"REF. 0 522 54   Fiche technique\" \/>\n<meta property=\"og:url\" content=\"https:\/\/sogecom.sogelux.net\/?product=fiche-mobile-droite-hypra-ip44-16a-380v-a-415v-3pnt-caoutchouc\" \/>\n<meta property=\"og:site_name\" content=\"Sogecom\" \/>\n<meta property=\"article:publisher\" content=\"https:\/\/www.facebook.com\/p\/Sogelux-100050365376293\/?locale=fr_FR\" \/>\n<meta property=\"og:image\" content=\"https:\/\/sogecom.sogelux.net\/wp-content\/uploads\/2024\/07\/Fiche-mobile-droite-Hypra-IP44-16A-380V-a-415V-3PNT-caoutchouc.jpg\" \/>\n\t<meta property=\"og:image:width\" content=\"780\" \/>\n\t<meta property=\"og:image:height\" content=\"780\" \/>\n\t<meta property=\"og:image:type\" content=\"image\/jpeg\" \/>\n<meta name=\"twitter:card\" content=\"summary_large_image\" \/>\n<meta name=\"twitter:label1\" content=\"Dur\u00e9e de lecture estim\u00e9e\" \/>\n\t<meta name=\"twitter:data1\" content=\"1 minute\" \/>\n<script type=\"application\/ld+json\" class=\"yoast-schema-graph\">{\"@context\":\"https:\/\/schema.org\",\"@graph\":[{\"@type\":\"WebPage\",\"@id\":\"https:\/\/sogecom.sogelux.net\/?product=fiche-mobile-droite-hypra-ip44-16a-380v-a-415v-3pnt-caoutchouc\",\"url\":\"https:\/\/sogecom.sogelux.net\/?product=fiche-mobile-droite-hypra-ip44-16a-380v-a-415v-3pnt-caoutchouc\",\"name\":\"Fiche mobile droite Hypra IP44 16A - 380V~ \u00e0 415V~ - 3P+N+T - caoutchouc - Sogecom\",\"isPartOf\":{\"@id\":\"https:\/\/sogecom.sogelux.net\/#website\"},\"primaryImageOfPage\":{\"@id\":\"https:\/\/sogecom.sogelux.net\/?product=fiche-mobile-droite-hypra-ip44-16a-380v-a-415v-3pnt-caoutchouc#primaryimage\"},\"image\":{\"@id\":\"https:\/\/sogecom.sogelux.net\/?product=fiche-mobile-droite-hypra-ip44-16a-380v-a-415v-3pnt-caoutchouc#primaryimage\"},\"thumbnailUrl\":\"https:\/\/sogecom.sogelux.net\/wp-content\/uploads\/2024\/07\/Fiche-mobile-droite-Hypra-IP44-16A-380V-a-415V-3PNT-caoutchouc.jpg\",\"datePublished\":\"2024-07-25T11:21:46+00:00\",\"dateModified\":\"2024-07-25T11:21:46+00:00\",\"breadcrumb\":{\"@id\":\"https:\/\/sogecom.sogelux.net\/?product=fiche-mobile-droite-hypra-ip44-16a-380v-a-415v-3pnt-caoutchouc#breadcrumb\"},\"inLanguage\":\"fr-FR\",\"potentialAction\":[{\"@type\":\"ReadAction\",\"target\":[\"https:\/\/sogecom.sogelux.net\/?product=fiche-mobile-droite-hypra-ip44-16a-380v-a-415v-3pnt-caoutchouc\"]}]},{\"@type\":\"ImageObject\",\"inLanguage\":\"fr-FR\",\"@id\":\"https:\/\/sogecom.sogelux.net\/?product=fiche-mobile-droite-hypra-ip44-16a-380v-a-415v-3pnt-caoutchouc#primaryimage\",\"url\":\"https:\/\/sogecom.sogelux.net\/wp-content\/uploads\/2024\/07\/Fiche-mobile-droite-Hypra-IP44-16A-380V-a-415V-3PNT-caoutchouc.jpg\",\"contentUrl\":\"https:\/\/sogecom.sogelux.net\/wp-content\/uploads\/2024\/07\/Fiche-mobile-droite-Hypra-IP44-16A-380V-a-415V-3PNT-caoutchouc.jpg\",\"width\":780,\"height\":780},{\"@type\":\"BreadcrumbList\",\"@id\":\"https:\/\/sogecom.sogelux.net\/?product=fiche-mobile-droite-hypra-ip44-16a-380v-a-415v-3pnt-caoutchouc#breadcrumb\",\"itemListElement\":[{\"@type\":\"ListItem\",\"position\":1,\"name\":\"Accueil\",\"item\":\"https:\/\/sogecom.sogelux.net\/\"},{\"@type\":\"ListItem\",\"position\":2,\"name\":\"Boutique\",\"item\":\"https:\/\/sogecom.sogelux.net\/?page_id=10\"},{\"@type\":\"ListItem\",\"position\":3,\"name\":\"Fiche mobile droite Hypra IP44 16A &#8211; 380V~ \u00e0 415V~ &#8211; 3P+N+T &#8211; caoutchouc\"}]},{\"@type\":\"WebSite\",\"@id\":\"https:\/\/sogecom.sogelux.net\/#website\",\"url\":\"https:\/\/sogecom.sogelux.net\/\",\"name\":\"Sogecom sogelux\",\"description\":\"\",\"publisher\":{\"@id\":\"https:\/\/sogecom.sogelux.net\/#organization\"},\"potentialAction\":[{\"@type\":\"SearchAction\",\"target\":{\"@type\":\"EntryPoint\",\"urlTemplate\":\"https:\/\/sogecom.sogelux.net\/?s={search_term_string}\"},\"query-input\":{\"@type\":\"PropertyValueSpecification\",\"valueRequired\":true,\"valueName\":\"search_term_string\"}}],\"inLanguage\":\"fr-FR\"},{\"@type\":\"Organization\",\"@id\":\"https:\/\/sogecom.sogelux.net\/#organization\",\"name\":\"Sogecom\",\"url\":\"https:\/\/sogecom.sogelux.net\/\",\"logo\":{\"@type\":\"ImageObject\",\"inLanguage\":\"fr-FR\",\"@id\":\"https:\/\/sogecom.sogelux.net\/#\/schema\/logo\/image\/\",\"url\":\"https:\/\/sogecom.sogelux.net\/wp-content\/uploads\/2024\/07\/cropped-logo-sogelux-scaled-1.webp\",\"contentUrl\":\"https:\/\/sogecom.sogelux.net\/wp-content\/uploads\/2024\/07\/cropped-logo-sogelux-scaled-1.webp\",\"width\":2560,\"height\":697,\"caption\":\"Sogecom\"},\"image\":{\"@id\":\"https:\/\/sogecom.sogelux.net\/#\/schema\/logo\/image\/\"},\"sameAs\":[\"https:\/\/www.facebook.com\/p\/Sogelux-100050365376293\/?locale=fr_FR\",\"https:\/\/www.instagram.com\/sogelux.ci\/\",\"https:\/\/ci.linkedin.com\/company\/sogelux\"]}]}<\/script>\n<!-- \/ Yoast SEO plugin. -->","yoast_head_json":{"title":"Fiche mobile droite Hypra IP44 16A - 380V~ \u00e0 415V~ - 3P+N+T - caoutchouc - Sogecom","robots":{"index":"index","follow":"follow","max-snippet":"max-snippet:-1","max-image-preview":"max-image-preview:large","max-video-preview":"max-video-preview:-1"},"canonical":"https:\/\/sogecom.sogelux.net\/?product=fiche-mobile-droite-hypra-ip44-16a-380v-a-415v-3pnt-caoutchouc","og_locale":"fr_FR","og_type":"article","og_title":"Fiche mobile droite Hypra IP44 16A - 380V~ \u00e0 415V~ - 3P+N+T - caoutchouc - Sogecom","og_description":"REF. 0 522 54   Fiche technique","og_url":"https:\/\/sogecom.sogelux.net\/?product=fiche-mobile-droite-hypra-ip44-16a-380v-a-415v-3pnt-caoutchouc","og_site_name":"Sogecom","article_publisher":"https:\/\/www.facebook.com\/p\/Sogelux-100050365376293\/?locale=fr_FR","og_image":[{"width":780,"height":780,"url":"https:\/\/sogecom.sogelux.net\/wp-content\/uploads\/2024\/07\/Fiche-mobile-droite-Hypra-IP44-16A-380V-a-415V-3PNT-caoutchouc.jpg","type":"image\/jpeg"}],"twitter_card":"summary_large_image","twitter_misc":{"Dur\u00e9e de lecture estim\u00e9e":"1 minute"},"schema":{"@context":"https:\/\/schema.org","@graph":[{"@type":"WebPage","@id":"https:\/\/sogecom.sogelux.net\/?product=fiche-mobile-droite-hypra-ip44-16a-380v-a-415v-3pnt-caoutchouc","url":"https:\/\/sogecom.sogelux.net\/?product=fiche-mobile-droite-hypra-ip44-16a-380v-a-415v-3pnt-caoutchouc","name":"Fiche mobile droite Hypra IP44 16A - 380V~ \u00e0 415V~ - 3P+N+T - caoutchouc - Sogecom","isPartOf":{"@id":"https:\/\/sogecom.sogelux.net\/#website"},"primaryImageOfPage":{"@id":"https:\/\/sogecom.sogelux.net\/?product=fiche-mobile-droite-hypra-ip44-16a-380v-a-415v-3pnt-caoutchouc#primaryimage"},"image":{"@id":"https:\/\/sogecom.sogelux.net\/?product=fiche-mobile-droite-hypra-ip44-16a-380v-a-415v-3pnt-caoutchouc#primaryimage"},"thumbnailUrl":"https:\/\/sogecom.sogelux.net\/wp-content\/uploads\/2024\/07\/Fiche-mobile-droite-Hypra-IP44-16A-380V-a-415V-3PNT-caoutchouc.jpg","datePublished":"2024-07-25T11:21:46+00:00","dateModified":"2024-07-25T11:21:46+00:00","breadcrumb":{"@id":"https:\/\/sogecom.sogelux.net\/?product=fiche-mobile-droite-hypra-ip44-16a-380v-a-415v-3pnt-caoutchouc#breadcrumb"},"inLanguage":"fr-FR","potentialAction":[{"@type":"ReadAction","target":["https:\/\/sogecom.sogelux.net\/?product=fiche-mobile-droite-hypra-ip44-16a-380v-a-415v-3pnt-caoutchouc"]}]},{"@type":"ImageObject","inLanguage":"fr-FR","@id":"https:\/\/sogecom.sogelux.net\/?product=fiche-mobile-droite-hypra-ip44-16a-380v-a-415v-3pnt-caoutchouc#primaryimage","url":"https:\/\/sogecom.sogelux.net\/wp-content\/uploads\/2024\/07\/Fiche-mobile-droite-Hypra-IP44-16A-380V-a-415V-3PNT-caoutchouc.jpg","contentUrl":"https:\/\/sogecom.sogelux.net\/wp-content\/uploads\/2024\/07\/Fiche-mobile-droite-Hypra-IP44-16A-380V-a-415V-3PNT-caoutchouc.jpg","width":780,"height":780},{"@type":"BreadcrumbList","@id":"https:\/\/sogecom.sogelux.net\/?product=fiche-mobile-droite-hypra-ip44-16a-380v-a-415v-3pnt-caoutchouc#breadcrumb","itemListElement":[{"@type":"ListItem","position":1,"name":"Accueil","item":"https:\/\/sogecom.sogelux.net\/"},{"@type":"ListItem","position":2,"name":"Boutique","item":"https:\/\/sogecom.sogelux.net\/?page_id=10"},{"@type":"ListItem","position":3,"name":"Fiche mobile droite Hypra IP44 16A &#8211; 380V~ \u00e0 415V~ &#8211; 3P+N+T &#8211; caoutchouc"}]},{"@type":"WebSite","@id":"https:\/\/sogecom.sogelux.net\/#website","url":"https:\/\/sogecom.sogelux.net\/","name":"Sogecom sogelux","description":"","publisher":{"@id":"https:\/\/sogecom.sogelux.net\/#organization"},"potentialAction":[{"@type":"SearchAction","target":{"@type":"EntryPoint","urlTemplate":"https:\/\/sogecom.sogelux.net\/?s={search_term_string}"},"query-input":{"@type":"PropertyValueSpecification","valueRequired":true,"valueName":"search_term_string"}}],"inLanguage":"fr-FR"},{"@type":"Organization","@id":"https:\/\/sogecom.sogelux.net\/#organization","name":"Sogecom","url":"https:\/\/sogecom.sogelux.net\/","logo":{"@type":"ImageObject","inLanguage":"fr-FR","@id":"https:\/\/sogecom.sogelux.net\/#\/schema\/logo\/image\/","url":"https:\/\/sogecom.sogelux.net\/wp-content\/uploads\/2024\/07\/cropped-logo-sogelux-scaled-1.webp","contentUrl":"https:\/\/sogecom.sogelux.net\/wp-content\/uploads\/2024\/07\/cropped-logo-sogelux-scaled-1.webp","width":2560,"height":697,"caption":"Sogecom"},"image":{"@id":"https:\/\/sogecom.sogelux.net\/#\/schema\/logo\/image\/"},"sameAs":["https:\/\/www.facebook.com\/p\/Sogelux-100050365376293\/?locale=fr_FR","https:\/\/www.instagram.com\/sogelux.ci\/","https:\/\/ci.linkedin.com\/company\/sogelux"]}]}},"_links":{"self":[{"href":"https:\/\/sogecom.sogelux.net\/index.php?rest_route=\/wp\/v2\/product\/1471","targetHints":{"allow":["GET"]}}],"collection":[{"href":"https:\/\/sogecom.sogelux.net\/index.php?rest_route=\/wp\/v2\/product"}],"about":[{"href":"https:\/\/sogecom.sogelux.net\/index.php?rest_route=\/wp\/v2\/types\/product"}],"replies":[{"embeddable":true,"href":"https:\/\/sogecom.sogelux.net\/index.php?rest_route=%2Fwp%2Fv2%2Fcomments&post=1471"}],"wp:featuredmedia":[{"embeddable":true,"href":"https:\/\/sogecom.sogelux.net\/index.php?rest_route=\/wp\/v2\/media\/1472"}],"wp:attachment":[{"href":"https:\/\/sogecom.sogelux.net\/index.php?rest_route=%2Fwp%2Fv2%2Fmedia&parent=1471"}],"wp:term":[{"taxonomy":"product_cat","embeddable":true,"href":"https:\/\/sogecom.sogelux.net\/index.php?rest_route=%2Fwp%2Fv2%2Fproduct_cat&post=1471"},{"taxonomy":"product_tag","embeddable":true,"href":"https:\/\/sogecom.sogelux.net\/index.php?rest_route=%2Fwp%2Fv2%2Fproduct_tag&post=1471"}],"curies":[{"name":"wp","href":"https:\/\/api.w.org\/{rel}","templated":true}]}}