{"id":1179,"date":"2024-07-20T12:07:49","date_gmt":"2024-07-20T10:07:49","guid":{"rendered":"https:\/\/sogecom.sogelux.net\/?post_type=product&#038;p=1179"},"modified":"2024-07-20T12:07:49","modified_gmt":"2024-07-20T10:07:49","slug":"douille-patere-plexo-culot-e27-gris","status":"publish","type":"product","link":"https:\/\/sogecom.sogelux.net\/?product=douille-patere-plexo-culot-e27-gris","title":{"rendered":"Douille pat\u00e8re Plexo culot E27 &#8211; gris"},"content":{"rendered":"<div id=\"caracteristiques-produit\" class=\"accordion-wrapper nav-anchor\">\n<div class=\"section section-small section-large-big-border module\">\n<div class=\"section-inner\">\n<div class=\"section-content\">\n<h2 class=\"section-title\">Caract\u00e9ristiques produit<\/h2>\n<div class=\"module m-28-2\">\n<div class=\"block-tab dot-list colored\">\n<ul>\n<li>Douille pat\u00e8re Plexo &#8211; culot E27 &#8211; IP20 &#8211; Classe II<\/li>\n<li>Sur bo\u00eete ronde \u00d870mm, avec 4 embouts \u00e0 entr\u00e9es directes pour montage droit ou inclin\u00e9 selon orientation du couvercle<\/li>\n<li>Connexion sur borne \u00e0 vis<\/li>\n<li>Gris<\/li>\n<li>Pour hublots \u00e9tanches pour lieux publics ou environnements s\u00e9v\u00e8res<\/li>\n<\/ul>\n<\/div>\n<\/div>\n<\/div>\n<\/div>\n<\/div>\n<\/div>\n<div id=\"documentation-et-conseils-de-pose\" class=\"accordion-wrapper nav-anchor\">\n<div class=\"section section-small section-large-big-border module\">\n<div class=\"section-inner\">\n<div class=\"section-content\">\n<h2 class=\"section-title\">Documentation et conseils de pose<\/h2>\n<div class=\"block-content col\">\n<div>\n<h3>Pages catalogue &amp; annexes<\/h3>\n<ul class=\"list-docs\">\n<li><a class=\"docs-link docs-link-downloads js-tracker\" href=\"https:\/\/assets.legrand.com\/pim\/DOCUMENT\/cm222600_0800.pdf\" target=\"_blank\" rel=\"noopener\" data-gtm-event=\"downloads\" data-gtm-event-category=\"downloads\" data-gtm-event-action=\"Douille pat\u00e8re Plexo culot E27 - gris\" data-gtm-event-label=\"PC\" data-gtm-event-value=\"cm222600_0800.pdf\">PAGE COMMERCIALE (P.800 \u00c9DITION 2022)<i class=\"icon icon-downloads thin-icon\"><\/i><\/a><i class=\"icon-score-empty-thin\"><\/i><\/li>\n<li><a class=\"docs-link docs-link-downloads js-tracker\" href=\"https:\/\/assets.legrand.com\/pim\/DOCUMENT\/cm222600_0796.pdf\" target=\"_blank\" rel=\"noopener\" data-gtm-event=\"downloads\" data-gtm-event-category=\"downloads\" data-gtm-event-action=\"Douille pat\u00e8re Plexo culot E27 - gris\" data-gtm-event-label=\"PC\" data-gtm-event-value=\"cm222600_0796.pdf\">PAGE COMMERCIALE (P.796 \u00c9DITION 2022)<i class=\"icon icon-downloads thin-icon\"><\/i><\/a><i class=\"icon-score-empty-thin\"><\/i><\/li>\n<\/ul>\n<\/div>\n<div>\n<h3>Fiches techniques \/ Guides m\u00e9tier<\/h3>\n<ul class=\"list-docs\">\n<li><a class=\"docs-link docs-link-downloads js-tracker\" href=\"https:\/\/assets.legrand.com\/pim\/NP-FT-GT\/F00176FR-03.pdf\" target=\"_blank\" rel=\"noopener\" data-gtm-event=\"downloads\" data-gtm-event-category=\"downloads\" data-gtm-event-action=\"Douille pat\u00e8re Plexo culot E27 - gris\" data-gtm-event-label=\"FT\" data-gtm-event-value=\"F00176FR-03.pdf\">F00176FR-03.PDF<i class=\"icon icon-downloads thin-icon\"><\/i><\/a><i class=\"icon-score-empty-thin\"><\/i><\/li>\n<\/ul>\n<\/div>\n<\/div>\n<\/div>\n<\/div>\n<\/div>\n<\/div>\n<div id=\"caracteristiques-techniques\" class=\"accordion-wrapper nav-anchor\">\n<div class=\"section section-small section-large-big-border module\">\n<div class=\"section-inner\">\n<div class=\"section-content\">\n<h2 class=\"section-title\">Caract\u00e9ristiques techniques<\/h2>\n<ul class=\"block-tech\">\n<li><span class=\"name\">Mod\u00e8le<\/span><span class=\"value\">Support de lampe en saillie<\/span><\/li>\n<li><span class=\"name\">Couleur<\/span><span class=\"value\">Gris<\/span><\/li>\n<li><span class=\"name\">Douille<\/span><span class=\"value\">E27<\/span><\/li>\n<li><span class=\"name\">Avec insertion de starter<\/span><span class=\"value\">Non<\/span><\/li>\n<li><span class=\"name\">Type de fixation<\/span><span class=\"value\">Autre<\/span><\/li>\n<li><span class=\"name\">Filetage de raccord<\/span><span class=\"value\">Autre<\/span><\/li>\n<li><span class=\"name\">Compatible avec Apple HomeKit<\/span><span class=\"value\">Non<\/span><\/li>\n<li><span class=\"name\">Compatible avec Google Assistant<\/span><span class=\"value\">Non<\/span><\/li>\n<li><span class=\"name\">Compatible avec Amazon Alexa<\/span><span class=\"value\">Non<\/span><\/li>\n<li><span class=\"name\">Compatible IFTTT<\/span><span class=\"value\">Non<\/span><\/li>\n<li><span class=\"name\">EAN\/Gencode<\/span><span class=\"value\">3245060601522<\/span><\/li>\n<\/ul>\n<\/div>\n<\/div>\n<\/div>\n<\/div>\n","protected":false},"excerpt":{"rendered":"<p class=\"notice-item notice-item-ref js-product-ref\">REF. 0 601 52<\/p>\n<p><a href=\"https:\/\/assets.legrand.com\/pim\/NP-FT-GT\/F00176FR-03.pdf\">Fiche Technique<\/a><\/p>\n","protected":false},"featured_media":1180,"comment_status":"open","ping_status":"closed","template":"","meta":[],"product_brand":[],"product_cat":[167,160],"product_tag":[222],"class_list":{"0":"post-1179","1":"product","2":"type-product","3":"status-publish","4":"has-post-thumbnail","6":"product_cat-douilles-electriques","7":"product_cat-ecalirage-ampoule-luminaire","8":"product_tag-legrand","9":"yith_product_brand-le-grand","11":"first","12":"instock","13":"taxable","14":"shipping-taxable","15":"purchasable","16":"product-type-simple","17":"add-to-wishlist-after_add_to_cart"},"yoast_head":"<!-- This site is optimized with the Yoast SEO plugin v23.4 - https:\/\/yoast.com\/wordpress\/plugins\/seo\/ -->\n<title>Douille pat\u00e8re Plexo culot E27 - gris - Sogecom<\/title>\n<meta name=\"robots\" content=\"index, follow, max-snippet:-1, max-image-preview:large, max-video-preview:-1\" \/>\n<link rel=\"canonical\" href=\"https:\/\/sogecom.sogelux.net\/?product=douille-patere-plexo-culot-e27-gris\" \/>\n<meta property=\"og:locale\" content=\"fr_FR\" \/>\n<meta property=\"og:type\" content=\"article\" \/>\n<meta property=\"og:title\" content=\"Douille pat\u00e8re Plexo culot E27 - gris - Sogecom\" \/>\n<meta property=\"og:description\" content=\"REF. 0 601 52 Fiche Technique\" \/>\n<meta property=\"og:url\" content=\"https:\/\/sogecom.sogelux.net\/?product=douille-patere-plexo-culot-e27-gris\" \/>\n<meta property=\"og:site_name\" content=\"Sogecom\" \/>\n<meta property=\"article:publisher\" content=\"https:\/\/www.facebook.com\/p\/Sogelux-100050365376293\/?locale=fr_FR\" \/>\n<meta property=\"og:image\" content=\"https:\/\/sogecom.sogelux.net\/wp-content\/uploads\/2024\/07\/Douille-patere-Plexo-culot-E27-gris.jpg\" \/>\n\t<meta property=\"og:image:width\" content=\"780\" \/>\n\t<meta property=\"og:image:height\" content=\"780\" \/>\n\t<meta property=\"og:image:type\" content=\"image\/jpeg\" \/>\n<meta name=\"twitter:card\" content=\"summary_large_image\" \/>\n<meta name=\"twitter:label1\" content=\"Dur\u00e9e de lecture estim\u00e9e\" \/>\n\t<meta name=\"twitter:data1\" content=\"1 minute\" \/>\n<script type=\"application\/ld+json\" class=\"yoast-schema-graph\">{\"@context\":\"https:\/\/schema.org\",\"@graph\":[{\"@type\":\"WebPage\",\"@id\":\"https:\/\/sogecom.sogelux.net\/?product=douille-patere-plexo-culot-e27-gris\",\"url\":\"https:\/\/sogecom.sogelux.net\/?product=douille-patere-plexo-culot-e27-gris\",\"name\":\"Douille pat\u00e8re Plexo culot E27 - gris - Sogecom\",\"isPartOf\":{\"@id\":\"https:\/\/sogecom.sogelux.net\/#website\"},\"primaryImageOfPage\":{\"@id\":\"https:\/\/sogecom.sogelux.net\/?product=douille-patere-plexo-culot-e27-gris#primaryimage\"},\"image\":{\"@id\":\"https:\/\/sogecom.sogelux.net\/?product=douille-patere-plexo-culot-e27-gris#primaryimage\"},\"thumbnailUrl\":\"https:\/\/sogecom.sogelux.net\/wp-content\/uploads\/2024\/07\/Douille-patere-Plexo-culot-E27-gris.jpg\",\"datePublished\":\"2024-07-20T10:07:49+00:00\",\"dateModified\":\"2024-07-20T10:07:49+00:00\",\"breadcrumb\":{\"@id\":\"https:\/\/sogecom.sogelux.net\/?product=douille-patere-plexo-culot-e27-gris#breadcrumb\"},\"inLanguage\":\"fr-FR\",\"potentialAction\":[{\"@type\":\"ReadAction\",\"target\":[\"https:\/\/sogecom.sogelux.net\/?product=douille-patere-plexo-culot-e27-gris\"]}]},{\"@type\":\"ImageObject\",\"inLanguage\":\"fr-FR\",\"@id\":\"https:\/\/sogecom.sogelux.net\/?product=douille-patere-plexo-culot-e27-gris#primaryimage\",\"url\":\"https:\/\/sogecom.sogelux.net\/wp-content\/uploads\/2024\/07\/Douille-patere-Plexo-culot-E27-gris.jpg\",\"contentUrl\":\"https:\/\/sogecom.sogelux.net\/wp-content\/uploads\/2024\/07\/Douille-patere-Plexo-culot-E27-gris.jpg\",\"width\":780,\"height\":780},{\"@type\":\"BreadcrumbList\",\"@id\":\"https:\/\/sogecom.sogelux.net\/?product=douille-patere-plexo-culot-e27-gris#breadcrumb\",\"itemListElement\":[{\"@type\":\"ListItem\",\"position\":1,\"name\":\"Accueil\",\"item\":\"https:\/\/sogecom.sogelux.net\/\"},{\"@type\":\"ListItem\",\"position\":2,\"name\":\"Boutique\",\"item\":\"https:\/\/sogecom.sogelux.net\/?page_id=10\"},{\"@type\":\"ListItem\",\"position\":3,\"name\":\"Douille pat\u00e8re Plexo culot E27 &#8211; gris\"}]},{\"@type\":\"WebSite\",\"@id\":\"https:\/\/sogecom.sogelux.net\/#website\",\"url\":\"https:\/\/sogecom.sogelux.net\/\",\"name\":\"Sogecom sogelux\",\"description\":\"\",\"publisher\":{\"@id\":\"https:\/\/sogecom.sogelux.net\/#organization\"},\"potentialAction\":[{\"@type\":\"SearchAction\",\"target\":{\"@type\":\"EntryPoint\",\"urlTemplate\":\"https:\/\/sogecom.sogelux.net\/?s={search_term_string}\"},\"query-input\":{\"@type\":\"PropertyValueSpecification\",\"valueRequired\":true,\"valueName\":\"search_term_string\"}}],\"inLanguage\":\"fr-FR\"},{\"@type\":\"Organization\",\"@id\":\"https:\/\/sogecom.sogelux.net\/#organization\",\"name\":\"Sogecom\",\"url\":\"https:\/\/sogecom.sogelux.net\/\",\"logo\":{\"@type\":\"ImageObject\",\"inLanguage\":\"fr-FR\",\"@id\":\"https:\/\/sogecom.sogelux.net\/#\/schema\/logo\/image\/\",\"url\":\"https:\/\/sogecom.sogelux.net\/wp-content\/uploads\/2024\/07\/cropped-logo-sogelux-scaled-1.webp\",\"contentUrl\":\"https:\/\/sogecom.sogelux.net\/wp-content\/uploads\/2024\/07\/cropped-logo-sogelux-scaled-1.webp\",\"width\":2560,\"height\":697,\"caption\":\"Sogecom\"},\"image\":{\"@id\":\"https:\/\/sogecom.sogelux.net\/#\/schema\/logo\/image\/\"},\"sameAs\":[\"https:\/\/www.facebook.com\/p\/Sogelux-100050365376293\/?locale=fr_FR\",\"https:\/\/www.instagram.com\/sogelux.ci\/\",\"https:\/\/ci.linkedin.com\/company\/sogelux\"]}]}<\/script>\n<!-- \/ Yoast SEO plugin. -->","yoast_head_json":{"title":"Douille pat\u00e8re Plexo culot E27 - gris - Sogecom","robots":{"index":"index","follow":"follow","max-snippet":"max-snippet:-1","max-image-preview":"max-image-preview:large","max-video-preview":"max-video-preview:-1"},"canonical":"https:\/\/sogecom.sogelux.net\/?product=douille-patere-plexo-culot-e27-gris","og_locale":"fr_FR","og_type":"article","og_title":"Douille pat\u00e8re Plexo culot E27 - gris - Sogecom","og_description":"REF. 0 601 52 Fiche Technique","og_url":"https:\/\/sogecom.sogelux.net\/?product=douille-patere-plexo-culot-e27-gris","og_site_name":"Sogecom","article_publisher":"https:\/\/www.facebook.com\/p\/Sogelux-100050365376293\/?locale=fr_FR","og_image":[{"width":780,"height":780,"url":"https:\/\/sogecom.sogelux.net\/wp-content\/uploads\/2024\/07\/Douille-patere-Plexo-culot-E27-gris.jpg","type":"image\/jpeg"}],"twitter_card":"summary_large_image","twitter_misc":{"Dur\u00e9e de lecture estim\u00e9e":"1 minute"},"schema":{"@context":"https:\/\/schema.org","@graph":[{"@type":"WebPage","@id":"https:\/\/sogecom.sogelux.net\/?product=douille-patere-plexo-culot-e27-gris","url":"https:\/\/sogecom.sogelux.net\/?product=douille-patere-plexo-culot-e27-gris","name":"Douille pat\u00e8re Plexo culot E27 - gris - Sogecom","isPartOf":{"@id":"https:\/\/sogecom.sogelux.net\/#website"},"primaryImageOfPage":{"@id":"https:\/\/sogecom.sogelux.net\/?product=douille-patere-plexo-culot-e27-gris#primaryimage"},"image":{"@id":"https:\/\/sogecom.sogelux.net\/?product=douille-patere-plexo-culot-e27-gris#primaryimage"},"thumbnailUrl":"https:\/\/sogecom.sogelux.net\/wp-content\/uploads\/2024\/07\/Douille-patere-Plexo-culot-E27-gris.jpg","datePublished":"2024-07-20T10:07:49+00:00","dateModified":"2024-07-20T10:07:49+00:00","breadcrumb":{"@id":"https:\/\/sogecom.sogelux.net\/?product=douille-patere-plexo-culot-e27-gris#breadcrumb"},"inLanguage":"fr-FR","potentialAction":[{"@type":"ReadAction","target":["https:\/\/sogecom.sogelux.net\/?product=douille-patere-plexo-culot-e27-gris"]}]},{"@type":"ImageObject","inLanguage":"fr-FR","@id":"https:\/\/sogecom.sogelux.net\/?product=douille-patere-plexo-culot-e27-gris#primaryimage","url":"https:\/\/sogecom.sogelux.net\/wp-content\/uploads\/2024\/07\/Douille-patere-Plexo-culot-E27-gris.jpg","contentUrl":"https:\/\/sogecom.sogelux.net\/wp-content\/uploads\/2024\/07\/Douille-patere-Plexo-culot-E27-gris.jpg","width":780,"height":780},{"@type":"BreadcrumbList","@id":"https:\/\/sogecom.sogelux.net\/?product=douille-patere-plexo-culot-e27-gris#breadcrumb","itemListElement":[{"@type":"ListItem","position":1,"name":"Accueil","item":"https:\/\/sogecom.sogelux.net\/"},{"@type":"ListItem","position":2,"name":"Boutique","item":"https:\/\/sogecom.sogelux.net\/?page_id=10"},{"@type":"ListItem","position":3,"name":"Douille pat\u00e8re Plexo culot E27 &#8211; gris"}]},{"@type":"WebSite","@id":"https:\/\/sogecom.sogelux.net\/#website","url":"https:\/\/sogecom.sogelux.net\/","name":"Sogecom sogelux","description":"","publisher":{"@id":"https:\/\/sogecom.sogelux.net\/#organization"},"potentialAction":[{"@type":"SearchAction","target":{"@type":"EntryPoint","urlTemplate":"https:\/\/sogecom.sogelux.net\/?s={search_term_string}"},"query-input":{"@type":"PropertyValueSpecification","valueRequired":true,"valueName":"search_term_string"}}],"inLanguage":"fr-FR"},{"@type":"Organization","@id":"https:\/\/sogecom.sogelux.net\/#organization","name":"Sogecom","url":"https:\/\/sogecom.sogelux.net\/","logo":{"@type":"ImageObject","inLanguage":"fr-FR","@id":"https:\/\/sogecom.sogelux.net\/#\/schema\/logo\/image\/","url":"https:\/\/sogecom.sogelux.net\/wp-content\/uploads\/2024\/07\/cropped-logo-sogelux-scaled-1.webp","contentUrl":"https:\/\/sogecom.sogelux.net\/wp-content\/uploads\/2024\/07\/cropped-logo-sogelux-scaled-1.webp","width":2560,"height":697,"caption":"Sogecom"},"image":{"@id":"https:\/\/sogecom.sogelux.net\/#\/schema\/logo\/image\/"},"sameAs":["https:\/\/www.facebook.com\/p\/Sogelux-100050365376293\/?locale=fr_FR","https:\/\/www.instagram.com\/sogelux.ci\/","https:\/\/ci.linkedin.com\/company\/sogelux"]}]}},"_links":{"self":[{"href":"https:\/\/sogecom.sogelux.net\/index.php?rest_route=\/wp\/v2\/product\/1179","targetHints":{"allow":["GET"]}}],"collection":[{"href":"https:\/\/sogecom.sogelux.net\/index.php?rest_route=\/wp\/v2\/product"}],"about":[{"href":"https:\/\/sogecom.sogelux.net\/index.php?rest_route=\/wp\/v2\/types\/product"}],"replies":[{"embeddable":true,"href":"https:\/\/sogecom.sogelux.net\/index.php?rest_route=%2Fwp%2Fv2%2Fcomments&post=1179"}],"wp:featuredmedia":[{"embeddable":true,"href":"https:\/\/sogecom.sogelux.net\/index.php?rest_route=\/wp\/v2\/media\/1180"}],"wp:attachment":[{"href":"https:\/\/sogecom.sogelux.net\/index.php?rest_route=%2Fwp%2Fv2%2Fmedia&parent=1179"}],"wp:term":[{"taxonomy":"product_brand","embeddable":true,"href":"https:\/\/sogecom.sogelux.net\/index.php?rest_route=%2Fwp%2Fv2%2Fproduct_brand&post=1179"},{"taxonomy":"product_cat","embeddable":true,"href":"https:\/\/sogecom.sogelux.net\/index.php?rest_route=%2Fwp%2Fv2%2Fproduct_cat&post=1179"},{"taxonomy":"product_tag","embeddable":true,"href":"https:\/\/sogecom.sogelux.net\/index.php?rest_route=%2Fwp%2Fv2%2Fproduct_tag&post=1179"}],"curies":[{"name":"wp","href":"https:\/\/api.w.org\/{rel}","templated":true}]}}