{"id":1159,"date":"2024-07-19T18:26:04","date_gmt":"2024-07-19T16:26:04","guid":{"rendered":"https:\/\/sogecom.sogelux.net\/?post_type=product&#038;p=1159"},"modified":"2024-07-19T18:26:04","modified_gmt":"2024-07-19T16:26:04","slug":"cable-hi-fi-2x2-5%c2%b2-n-r-nexans-prix-au-metre","status":"publish","type":"product","link":"https:\/\/sogecom.sogelux.net\/?product=cable-hi-fi-2x2-5%c2%b2-n-r-nexans-prix-au-metre","title":{"rendered":"C\u00e2ble HI-FI 2&#215;2.5\u00b2 N\/R Nexans &#8211; Prix au m\u00e8tre"},"content":{"rendered":"<h2 class=\"title-2\">Pr\u00e9sentation<\/h2>\n<p>C\u00e2ble HI-FI 2&#215;2.5\u00b2 N\/R Nexans<\/p>\n<p>Raccordez vos enceintes \u00e0 votre cha\u00eene Hifi jusqu&#8217;\u00e0 une puissance maximale de 120W avec le c\u00e2ble hifi compos\u00e9 de 2 conducteurs de 2,5 mm\u00b2 de section.<\/p>\n<ul>\n<li>Vous b\u00e9n\u00e9ficiez d&#8217;une\u00a0<strong>\u00e9coute optimale<\/strong>\u00a0gr\u00e2ce \u00e0 sa d\u00e9soxyg\u00e9nation et ses fils \u00e9lectriques doublement torsad\u00e9s.<\/li>\n<li>Ce type de c\u00e2ble hifi est\u00a0<strong>conforme aux normes en vigueur<\/strong><i class=\"icon icon_reassurance_garantie-2-ans\"><\/i><\/li>\n<\/ul>\n<h2 class=\"title-2 show-hide\" data-target=\"#descriptif\">Descriptif<\/h2>\n<div id=\"descriptif\" class=\"show-hide-target\"><strong>Caract\u00e9ristiques techniques de ce c\u00e2ble Hi &#8211; FI :<\/strong>&nbsp;<\/p>\n<ul>\n<li>Section de c\u00e2ble : 2.5 mm\u00b2<\/li>\n<li>Nombre de fils : 2<\/li>\n<li>Diam\u00e8tre nominal : 3.7 x 7.3 mm<\/li>\n<li>C\u00e2ble HI &#8211; FI 2&#215;2.5\u00b2 au m\u00e8tre<\/li>\n<li>C\u00e2ble HiFi 2 x 2.5mm\u00b2 transparent pour puissance sup\u00e9rieure \u00e0\u00a050W<\/li>\n<li>C\u00e2ble destin\u00e9 \u00e0\u00a0alimenter les appareils audio, des hauts parleurs de voiture aux enceintes du Home Cin\u00e9ma<\/li>\n<\/ul>\n<\/div>\n","protected":false},"excerpt":{"rendered":"<p><abbr title=\"R\u00e9f\u00e9rence\">R\u00e9f.<\/abbr>\u00a0Fabricant\u00a0:\u00a010104184<\/p>\n<div class=\"product__rating\"><\/div>\n","protected":false},"featured_media":1160,"comment_status":"open","ping_status":"closed","template":"","meta":[],"product_cat":[142,145],"product_tag":[223],"class_list":{"0":"post-1159","1":"product","2":"type-product","3":"status-publish","4":"has-post-thumbnail","6":"product_cat-cable-gaines-et-conduits","7":"product_cat-cables-multimedia","8":"product_tag-nexans","9":"yith_product_brand-nexans","11":"first","12":"instock","13":"taxable","14":"shipping-taxable","15":"purchasable","16":"product-type-simple","17":"add-to-wishlist-after_add_to_cart"},"yoast_head":"<!-- This site is optimized with the Yoast SEO plugin v23.4 - https:\/\/yoast.com\/wordpress\/plugins\/seo\/ -->\n<title>C\u00e2ble HI-FI 2x2.5\u00b2 N\/R Nexans - Prix au m\u00e8tre - Sogecom<\/title>\n<meta name=\"robots\" content=\"index, follow, max-snippet:-1, max-image-preview:large, max-video-preview:-1\" \/>\n<link rel=\"canonical\" href=\"https:\/\/sogecom.sogelux.net\/?product=cable-hi-fi-2x2-5\u00b2-n-r-nexans-prix-au-metre\" \/>\n<meta property=\"og:locale\" content=\"fr_FR\" \/>\n<meta property=\"og:type\" content=\"article\" \/>\n<meta property=\"og:title\" content=\"C\u00e2ble HI-FI 2x2.5\u00b2 N\/R Nexans - Prix au m\u00e8tre - Sogecom\" \/>\n<meta property=\"og:description\" content=\"R\u00e9f.\u00a0Fabricant\u00a0:\u00a010104184\" \/>\n<meta property=\"og:url\" content=\"https:\/\/sogecom.sogelux.net\/?product=cable-hi-fi-2x2-5\u00b2-n-r-nexans-prix-au-metre\" \/>\n<meta property=\"og:site_name\" content=\"Sogecom\" \/>\n<meta property=\"article:publisher\" content=\"https:\/\/www.facebook.com\/p\/Sogelux-100050365376293\/?locale=fr_FR\" \/>\n<meta property=\"og:image\" content=\"https:\/\/sogecom.sogelux.net\/wp-content\/uploads\/2024\/07\/Cable-HI-FI-2x2.5\u00b2-N-R-Nexans-Prix-au-metre1.jpg\" \/>\n\t<meta property=\"og:image:width\" content=\"780\" \/>\n\t<meta property=\"og:image:height\" content=\"780\" \/>\n\t<meta property=\"og:image:type\" content=\"image\/jpeg\" \/>\n<meta name=\"twitter:card\" content=\"summary_large_image\" \/>\n<meta name=\"twitter:label1\" content=\"Dur\u00e9e de lecture estim\u00e9e\" \/>\n\t<meta name=\"twitter:data1\" content=\"1 minute\" \/>\n<script type=\"application\/ld+json\" class=\"yoast-schema-graph\">{\"@context\":\"https:\/\/schema.org\",\"@graph\":[{\"@type\":\"WebPage\",\"@id\":\"https:\/\/sogecom.sogelux.net\/?product=cable-hi-fi-2x2-5%c2%b2-n-r-nexans-prix-au-metre\",\"url\":\"https:\/\/sogecom.sogelux.net\/?product=cable-hi-fi-2x2-5%c2%b2-n-r-nexans-prix-au-metre\",\"name\":\"C\u00e2ble HI-FI 2x2.5\u00b2 N\/R Nexans - Prix au m\u00e8tre - Sogecom\",\"isPartOf\":{\"@id\":\"https:\/\/sogecom.sogelux.net\/#website\"},\"primaryImageOfPage\":{\"@id\":\"https:\/\/sogecom.sogelux.net\/?product=cable-hi-fi-2x2-5%c2%b2-n-r-nexans-prix-au-metre#primaryimage\"},\"image\":{\"@id\":\"https:\/\/sogecom.sogelux.net\/?product=cable-hi-fi-2x2-5%c2%b2-n-r-nexans-prix-au-metre#primaryimage\"},\"thumbnailUrl\":\"https:\/\/sogecom.sogelux.net\/wp-content\/uploads\/2024\/07\/Cable-HI-FI-2x2.5\u00b2-N-R-Nexans-Prix-au-metre1.jpg\",\"datePublished\":\"2024-07-19T16:26:04+00:00\",\"dateModified\":\"2024-07-19T16:26:04+00:00\",\"breadcrumb\":{\"@id\":\"https:\/\/sogecom.sogelux.net\/?product=cable-hi-fi-2x2-5%c2%b2-n-r-nexans-prix-au-metre#breadcrumb\"},\"inLanguage\":\"fr-FR\",\"potentialAction\":[{\"@type\":\"ReadAction\",\"target\":[\"https:\/\/sogecom.sogelux.net\/?product=cable-hi-fi-2x2-5%c2%b2-n-r-nexans-prix-au-metre\"]}]},{\"@type\":\"ImageObject\",\"inLanguage\":\"fr-FR\",\"@id\":\"https:\/\/sogecom.sogelux.net\/?product=cable-hi-fi-2x2-5%c2%b2-n-r-nexans-prix-au-metre#primaryimage\",\"url\":\"https:\/\/sogecom.sogelux.net\/wp-content\/uploads\/2024\/07\/Cable-HI-FI-2x2.5\u00b2-N-R-Nexans-Prix-au-metre1.jpg\",\"contentUrl\":\"https:\/\/sogecom.sogelux.net\/wp-content\/uploads\/2024\/07\/Cable-HI-FI-2x2.5\u00b2-N-R-Nexans-Prix-au-metre1.jpg\",\"width\":780,\"height\":780},{\"@type\":\"BreadcrumbList\",\"@id\":\"https:\/\/sogecom.sogelux.net\/?product=cable-hi-fi-2x2-5%c2%b2-n-r-nexans-prix-au-metre#breadcrumb\",\"itemListElement\":[{\"@type\":\"ListItem\",\"position\":1,\"name\":\"Accueil\",\"item\":\"https:\/\/sogecom.sogelux.net\/\"},{\"@type\":\"ListItem\",\"position\":2,\"name\":\"Boutique\",\"item\":\"https:\/\/sogecom.sogelux.net\/?page_id=10\"},{\"@type\":\"ListItem\",\"position\":3,\"name\":\"C\u00e2ble HI-FI 2&#215;2.5\u00b2 N\/R Nexans &#8211; Prix au m\u00e8tre\"}]},{\"@type\":\"WebSite\",\"@id\":\"https:\/\/sogecom.sogelux.net\/#website\",\"url\":\"https:\/\/sogecom.sogelux.net\/\",\"name\":\"Sogecom sogelux\",\"description\":\"\",\"publisher\":{\"@id\":\"https:\/\/sogecom.sogelux.net\/#organization\"},\"potentialAction\":[{\"@type\":\"SearchAction\",\"target\":{\"@type\":\"EntryPoint\",\"urlTemplate\":\"https:\/\/sogecom.sogelux.net\/?s={search_term_string}\"},\"query-input\":{\"@type\":\"PropertyValueSpecification\",\"valueRequired\":true,\"valueName\":\"search_term_string\"}}],\"inLanguage\":\"fr-FR\"},{\"@type\":\"Organization\",\"@id\":\"https:\/\/sogecom.sogelux.net\/#organization\",\"name\":\"Sogecom\",\"url\":\"https:\/\/sogecom.sogelux.net\/\",\"logo\":{\"@type\":\"ImageObject\",\"inLanguage\":\"fr-FR\",\"@id\":\"https:\/\/sogecom.sogelux.net\/#\/schema\/logo\/image\/\",\"url\":\"https:\/\/sogecom.sogelux.net\/wp-content\/uploads\/2024\/07\/cropped-logo-sogelux-scaled-1.webp\",\"contentUrl\":\"https:\/\/sogecom.sogelux.net\/wp-content\/uploads\/2024\/07\/cropped-logo-sogelux-scaled-1.webp\",\"width\":2560,\"height\":697,\"caption\":\"Sogecom\"},\"image\":{\"@id\":\"https:\/\/sogecom.sogelux.net\/#\/schema\/logo\/image\/\"},\"sameAs\":[\"https:\/\/www.facebook.com\/p\/Sogelux-100050365376293\/?locale=fr_FR\",\"https:\/\/www.instagram.com\/sogelux.ci\/\",\"https:\/\/ci.linkedin.com\/company\/sogelux\"]}]}<\/script>\n<!-- \/ Yoast SEO plugin. -->","yoast_head_json":{"title":"C\u00e2ble HI-FI 2x2.5\u00b2 N\/R Nexans - Prix au m\u00e8tre - Sogecom","robots":{"index":"index","follow":"follow","max-snippet":"max-snippet:-1","max-image-preview":"max-image-preview:large","max-video-preview":"max-video-preview:-1"},"canonical":"https:\/\/sogecom.sogelux.net\/?product=cable-hi-fi-2x2-5\u00b2-n-r-nexans-prix-au-metre","og_locale":"fr_FR","og_type":"article","og_title":"C\u00e2ble HI-FI 2x2.5\u00b2 N\/R Nexans - Prix au m\u00e8tre - Sogecom","og_description":"R\u00e9f.\u00a0Fabricant\u00a0:\u00a010104184","og_url":"https:\/\/sogecom.sogelux.net\/?product=cable-hi-fi-2x2-5\u00b2-n-r-nexans-prix-au-metre","og_site_name":"Sogecom","article_publisher":"https:\/\/www.facebook.com\/p\/Sogelux-100050365376293\/?locale=fr_FR","og_image":[{"width":780,"height":780,"url":"https:\/\/sogecom.sogelux.net\/wp-content\/uploads\/2024\/07\/Cable-HI-FI-2x2.5\u00b2-N-R-Nexans-Prix-au-metre1.jpg","type":"image\/jpeg"}],"twitter_card":"summary_large_image","twitter_misc":{"Dur\u00e9e de lecture estim\u00e9e":"1 minute"},"schema":{"@context":"https:\/\/schema.org","@graph":[{"@type":"WebPage","@id":"https:\/\/sogecom.sogelux.net\/?product=cable-hi-fi-2x2-5%c2%b2-n-r-nexans-prix-au-metre","url":"https:\/\/sogecom.sogelux.net\/?product=cable-hi-fi-2x2-5%c2%b2-n-r-nexans-prix-au-metre","name":"C\u00e2ble HI-FI 2x2.5\u00b2 N\/R Nexans - Prix au m\u00e8tre - Sogecom","isPartOf":{"@id":"https:\/\/sogecom.sogelux.net\/#website"},"primaryImageOfPage":{"@id":"https:\/\/sogecom.sogelux.net\/?product=cable-hi-fi-2x2-5%c2%b2-n-r-nexans-prix-au-metre#primaryimage"},"image":{"@id":"https:\/\/sogecom.sogelux.net\/?product=cable-hi-fi-2x2-5%c2%b2-n-r-nexans-prix-au-metre#primaryimage"},"thumbnailUrl":"https:\/\/sogecom.sogelux.net\/wp-content\/uploads\/2024\/07\/Cable-HI-FI-2x2.5\u00b2-N-R-Nexans-Prix-au-metre1.jpg","datePublished":"2024-07-19T16:26:04+00:00","dateModified":"2024-07-19T16:26:04+00:00","breadcrumb":{"@id":"https:\/\/sogecom.sogelux.net\/?product=cable-hi-fi-2x2-5%c2%b2-n-r-nexans-prix-au-metre#breadcrumb"},"inLanguage":"fr-FR","potentialAction":[{"@type":"ReadAction","target":["https:\/\/sogecom.sogelux.net\/?product=cable-hi-fi-2x2-5%c2%b2-n-r-nexans-prix-au-metre"]}]},{"@type":"ImageObject","inLanguage":"fr-FR","@id":"https:\/\/sogecom.sogelux.net\/?product=cable-hi-fi-2x2-5%c2%b2-n-r-nexans-prix-au-metre#primaryimage","url":"https:\/\/sogecom.sogelux.net\/wp-content\/uploads\/2024\/07\/Cable-HI-FI-2x2.5\u00b2-N-R-Nexans-Prix-au-metre1.jpg","contentUrl":"https:\/\/sogecom.sogelux.net\/wp-content\/uploads\/2024\/07\/Cable-HI-FI-2x2.5\u00b2-N-R-Nexans-Prix-au-metre1.jpg","width":780,"height":780},{"@type":"BreadcrumbList","@id":"https:\/\/sogecom.sogelux.net\/?product=cable-hi-fi-2x2-5%c2%b2-n-r-nexans-prix-au-metre#breadcrumb","itemListElement":[{"@type":"ListItem","position":1,"name":"Accueil","item":"https:\/\/sogecom.sogelux.net\/"},{"@type":"ListItem","position":2,"name":"Boutique","item":"https:\/\/sogecom.sogelux.net\/?page_id=10"},{"@type":"ListItem","position":3,"name":"C\u00e2ble HI-FI 2&#215;2.5\u00b2 N\/R Nexans &#8211; Prix au m\u00e8tre"}]},{"@type":"WebSite","@id":"https:\/\/sogecom.sogelux.net\/#website","url":"https:\/\/sogecom.sogelux.net\/","name":"Sogecom sogelux","description":"","publisher":{"@id":"https:\/\/sogecom.sogelux.net\/#organization"},"potentialAction":[{"@type":"SearchAction","target":{"@type":"EntryPoint","urlTemplate":"https:\/\/sogecom.sogelux.net\/?s={search_term_string}"},"query-input":{"@type":"PropertyValueSpecification","valueRequired":true,"valueName":"search_term_string"}}],"inLanguage":"fr-FR"},{"@type":"Organization","@id":"https:\/\/sogecom.sogelux.net\/#organization","name":"Sogecom","url":"https:\/\/sogecom.sogelux.net\/","logo":{"@type":"ImageObject","inLanguage":"fr-FR","@id":"https:\/\/sogecom.sogelux.net\/#\/schema\/logo\/image\/","url":"https:\/\/sogecom.sogelux.net\/wp-content\/uploads\/2024\/07\/cropped-logo-sogelux-scaled-1.webp","contentUrl":"https:\/\/sogecom.sogelux.net\/wp-content\/uploads\/2024\/07\/cropped-logo-sogelux-scaled-1.webp","width":2560,"height":697,"caption":"Sogecom"},"image":{"@id":"https:\/\/sogecom.sogelux.net\/#\/schema\/logo\/image\/"},"sameAs":["https:\/\/www.facebook.com\/p\/Sogelux-100050365376293\/?locale=fr_FR","https:\/\/www.instagram.com\/sogelux.ci\/","https:\/\/ci.linkedin.com\/company\/sogelux"]}]}},"_links":{"self":[{"href":"https:\/\/sogecom.sogelux.net\/index.php?rest_route=\/wp\/v2\/product\/1159","targetHints":{"allow":["GET"]}}],"collection":[{"href":"https:\/\/sogecom.sogelux.net\/index.php?rest_route=\/wp\/v2\/product"}],"about":[{"href":"https:\/\/sogecom.sogelux.net\/index.php?rest_route=\/wp\/v2\/types\/product"}],"replies":[{"embeddable":true,"href":"https:\/\/sogecom.sogelux.net\/index.php?rest_route=%2Fwp%2Fv2%2Fcomments&post=1159"}],"wp:featuredmedia":[{"embeddable":true,"href":"https:\/\/sogecom.sogelux.net\/index.php?rest_route=\/wp\/v2\/media\/1160"}],"wp:attachment":[{"href":"https:\/\/sogecom.sogelux.net\/index.php?rest_route=%2Fwp%2Fv2%2Fmedia&parent=1159"}],"wp:term":[{"taxonomy":"product_cat","embeddable":true,"href":"https:\/\/sogecom.sogelux.net\/index.php?rest_route=%2Fwp%2Fv2%2Fproduct_cat&post=1159"},{"taxonomy":"product_tag","embeddable":true,"href":"https:\/\/sogecom.sogelux.net\/index.php?rest_route=%2Fwp%2Fv2%2Fproduct_tag&post=1159"}],"curies":[{"name":"wp","href":"https:\/\/api.w.org\/{rel}","templated":true}]}}