{"id":1084,"date":"2024-07-18T18:59:44","date_gmt":"2024-07-18T16:59:44","guid":{"rendered":"https:\/\/sogecom.sogelux.net\/?post_type=product&#038;p=1084"},"modified":"2024-07-18T19:03:17","modified_gmt":"2024-07-18T17:03:17","slug":"disjoncteur-magnetothermique-dpx%c2%b3160-pouvoir-de-coupure-16ka-400v-4p-125a","status":"publish","type":"product","link":"https:\/\/sogecom.sogelux.net\/?product=disjoncteur-magnetothermique-dpx%c2%b3160-pouvoir-de-coupure-16ka-400v-4p-125a","title":{"rendered":"Disjoncteur magn\u00e9tothermique DPX\u00b3160 pouvoir de coupure 16kA 400V~ &#8211; 4P &#8211; 125A"},"content":{"rendered":"<h2><\/h2>\n<h2 class=\"section-title\">Caract\u00e9ristiques produit<\/h2>\n<div class=\"module m-28-2\">\n<div class=\"block-tab dot-list colored\">\n<ul>\n<li>Disjoncteur de puissance DPX\u00b3160 \u00e0 d\u00e9clencheur magn\u00e9tothermique<\/li>\n<li>Pouvoir de coupure Icu 16kA (400V~) &#8211; 4P &#8211; In: 125A<\/li>\n<li>Thermique r\u00e9glable de 0,8In \u00e0 1In &#8211; Magn\u00e9tique fixe: 400A de 16A \u00e0 40A ou 10In de 63A \u00e0 160A<\/li>\n<li>Re\u00e7oit les accessoires et les auxiliaires communs DPX\u00b3<\/li>\n<li>Se monte sur rail sym\u00e9trique ou sur platine dans les coffrets et armoires XL\u00b3 &#8211; Conforme \u00e0 la norme NF IEC 60947-2<\/li>\n<\/ul>\n<\/div>\n<\/div>\n<div class=\"block-content col\">\n<div>\n<h3>Les <i class=\"icon icon-add thin-icon\"><\/i>installation<\/h3>\n<p>Livr\u00e9 avec :<br \/>\n&#8211; vis de fixation<br \/>\n&#8211; bornes \u00e0 cage , raccordement 70mm\u00b2 maximum en c\u00e2ble souple et jusqu&#8217;\u00e0 120mm\u00b2 en c\u00e2ble rigide avec accessoire<\/p>\n<\/div>\n<div>\n<h3>Les <i class=\"icon icon-add thin-icon\"><\/i>utilisation<\/h3>\n<p>Disjoncteur de puissance, &#8220;bo\u00eetier moul\u00e9&#8221;, qui assure la coupure, la commande, le sectionnement et la protection des lignes \u00e9lectriques basse tension<\/p>\n<\/div>\n<\/div>\n<div class=\"block-content\">\n<h3 class=\"black\">Information sur la gamme<\/h3>\n<p>Adapt\u00e9e \u00e0 tous les chantiers, la gamme DPX\u00b3 propose 4 tailles de disjoncteurs de puissance, pour des calibres entre 16 A et 1600 A et des pouvoirs de coupure allant de 16 \u00e0 100 kA. Elle offre \u00e9galement un large choix de versions permettant de r\u00e9pondre \u00e0 toutes les exigences : d\u00e9clencheurs magn\u00e9tothermiques ou \u00e9lectroniques selon le niveau de protection requis, appareils fixes, d\u00e9brochables et extractibles selon le niveau de maintenance souhait\u00e9 et disjoncteurs diff\u00e9rentiels. Avec les disjoncteurs DPX\u00b3 \u00e9lectroniques \u00e0 mesure int\u00e9gr\u00e9e, il est possible de surveiller les param\u00e8tres et les consommations des diff\u00e9rents circuits de l\u2019installation, sans appareil ni accessoire suppl\u00e9mentaires. La s\u00e9lectivit\u00e9 entre les disjoncteurs est optimale gr\u00e2ce aux performances des appareils DPX\u00b3, dans les configurations critiques, la s\u00e9lectivit\u00e9 dynamique et la s\u00e9lectivit\u00e9 logique offertes par les unit\u00e9s de protection des DPX\u00b3 \u00e9lectroniques permettent d\u2019assurer une continuit\u00e9 de service maximale.<\/p>\n<\/div>\n","protected":false},"excerpt":{"rendered":"<p class=\"notice-item notice-item-ref js-product-ref\">REF: LG-420016<\/p>\n<div class=\"block-add-list js-wishlist-wrapper\" data-product-id=\"3245064200165\">\n<div class=\"btn-add-list\"><a href=\"https:\/\/www.legrand.fr\/assets\/sites\/default\/files\/pdf\/03\/b9\/47\/3245064200165.pdf\">Fiche technique<\/a><\/div>\n<\/div>\n<p>&nbsp;<\/p>\n","protected":false},"featured_media":1085,"comment_status":"open","ping_status":"closed","template":"","meta":[],"product_cat":[123,121],"product_tag":[],"class_list":{"0":"post-1084","1":"product","2":"type-product","3":"status-publish","4":"has-post-thumbnail","6":"product_cat-disjoncteurs","7":"product_cat-materiels-electrique","8":"yith_product_brand-le-grand","10":"first","11":"instock","12":"taxable","13":"shipping-taxable","14":"purchasable","15":"product-type-simple","16":"add-to-wishlist-after_add_to_cart"},"yoast_head":"<!-- This site is optimized with the Yoast SEO plugin v23.4 - https:\/\/yoast.com\/wordpress\/plugins\/seo\/ -->\n<title>Disjoncteur magn\u00e9tothermique DPX\u00b3160 pouvoir de coupure 16kA 400V~ - 4P - 125A - Sogecom<\/title>\n<meta name=\"robots\" content=\"index, follow, max-snippet:-1, max-image-preview:large, max-video-preview:-1\" \/>\n<link rel=\"canonical\" href=\"https:\/\/sogecom.sogelux.net\/?product=disjoncteur-magnetothermique-dpx\u00b3160-pouvoir-de-coupure-16ka-400v-4p-125a\" \/>\n<meta property=\"og:locale\" content=\"fr_FR\" \/>\n<meta property=\"og:type\" content=\"article\" \/>\n<meta property=\"og:title\" content=\"Disjoncteur magn\u00e9tothermique DPX\u00b3160 pouvoir de coupure 16kA 400V~ - 4P - 125A - Sogecom\" \/>\n<meta property=\"og:description\" content=\"REF: LG-420016   Fiche technique  &nbsp;\" \/>\n<meta property=\"og:url\" content=\"https:\/\/sogecom.sogelux.net\/?product=disjoncteur-magnetothermique-dpx\u00b3160-pouvoir-de-coupure-16ka-400v-4p-125a\" \/>\n<meta property=\"og:site_name\" content=\"Sogecom\" \/>\n<meta property=\"article:publisher\" content=\"https:\/\/www.facebook.com\/p\/Sogelux-100050365376293\/?locale=fr_FR\" \/>\n<meta property=\"article:modified_time\" content=\"2024-07-18T17:03:17+00:00\" \/>\n<meta property=\"og:image\" content=\"https:\/\/sogecom.sogelux.net\/wp-content\/uploads\/2024\/07\/Disjoncteur-magnetothermique-DPX\u00b3160-pouvoir-de-coupure-16kA-400V-4P-125A.jpg\" \/>\n\t<meta property=\"og:image:width\" content=\"780\" \/>\n\t<meta property=\"og:image:height\" content=\"780\" \/>\n\t<meta property=\"og:image:type\" content=\"image\/jpeg\" \/>\n<meta name=\"twitter:card\" content=\"summary_large_image\" \/>\n<meta name=\"twitter:label1\" content=\"Dur\u00e9e de lecture estim\u00e9e\" \/>\n\t<meta name=\"twitter:data1\" content=\"1 minute\" \/>\n<script type=\"application\/ld+json\" class=\"yoast-schema-graph\">{\"@context\":\"https:\/\/schema.org\",\"@graph\":[{\"@type\":\"WebPage\",\"@id\":\"https:\/\/sogecom.sogelux.net\/?product=disjoncteur-magnetothermique-dpx%c2%b3160-pouvoir-de-coupure-16ka-400v-4p-125a\",\"url\":\"https:\/\/sogecom.sogelux.net\/?product=disjoncteur-magnetothermique-dpx%c2%b3160-pouvoir-de-coupure-16ka-400v-4p-125a\",\"name\":\"Disjoncteur magn\u00e9tothermique DPX\u00b3160 pouvoir de coupure 16kA 400V~ - 4P - 125A - Sogecom\",\"isPartOf\":{\"@id\":\"https:\/\/sogecom.sogelux.net\/#website\"},\"primaryImageOfPage\":{\"@id\":\"https:\/\/sogecom.sogelux.net\/?product=disjoncteur-magnetothermique-dpx%c2%b3160-pouvoir-de-coupure-16ka-400v-4p-125a#primaryimage\"},\"image\":{\"@id\":\"https:\/\/sogecom.sogelux.net\/?product=disjoncteur-magnetothermique-dpx%c2%b3160-pouvoir-de-coupure-16ka-400v-4p-125a#primaryimage\"},\"thumbnailUrl\":\"https:\/\/sogecom.sogelux.net\/wp-content\/uploads\/2024\/07\/Disjoncteur-magnetothermique-DPX\u00b3160-pouvoir-de-coupure-16kA-400V-4P-125A.jpg\",\"datePublished\":\"2024-07-18T16:59:44+00:00\",\"dateModified\":\"2024-07-18T17:03:17+00:00\",\"breadcrumb\":{\"@id\":\"https:\/\/sogecom.sogelux.net\/?product=disjoncteur-magnetothermique-dpx%c2%b3160-pouvoir-de-coupure-16ka-400v-4p-125a#breadcrumb\"},\"inLanguage\":\"fr-FR\",\"potentialAction\":[{\"@type\":\"ReadAction\",\"target\":[\"https:\/\/sogecom.sogelux.net\/?product=disjoncteur-magnetothermique-dpx%c2%b3160-pouvoir-de-coupure-16ka-400v-4p-125a\"]}]},{\"@type\":\"ImageObject\",\"inLanguage\":\"fr-FR\",\"@id\":\"https:\/\/sogecom.sogelux.net\/?product=disjoncteur-magnetothermique-dpx%c2%b3160-pouvoir-de-coupure-16ka-400v-4p-125a#primaryimage\",\"url\":\"https:\/\/sogecom.sogelux.net\/wp-content\/uploads\/2024\/07\/Disjoncteur-magnetothermique-DPX\u00b3160-pouvoir-de-coupure-16kA-400V-4P-125A.jpg\",\"contentUrl\":\"https:\/\/sogecom.sogelux.net\/wp-content\/uploads\/2024\/07\/Disjoncteur-magnetothermique-DPX\u00b3160-pouvoir-de-coupure-16kA-400V-4P-125A.jpg\",\"width\":780,\"height\":780},{\"@type\":\"BreadcrumbList\",\"@id\":\"https:\/\/sogecom.sogelux.net\/?product=disjoncteur-magnetothermique-dpx%c2%b3160-pouvoir-de-coupure-16ka-400v-4p-125a#breadcrumb\",\"itemListElement\":[{\"@type\":\"ListItem\",\"position\":1,\"name\":\"Accueil\",\"item\":\"https:\/\/sogecom.sogelux.net\/\"},{\"@type\":\"ListItem\",\"position\":2,\"name\":\"Boutique\",\"item\":\"https:\/\/sogecom.sogelux.net\/?page_id=10\"},{\"@type\":\"ListItem\",\"position\":3,\"name\":\"Disjoncteur magn\u00e9tothermique DPX\u00b3160 pouvoir de coupure 16kA 400V~ &#8211; 4P &#8211; 125A\"}]},{\"@type\":\"WebSite\",\"@id\":\"https:\/\/sogecom.sogelux.net\/#website\",\"url\":\"https:\/\/sogecom.sogelux.net\/\",\"name\":\"Sogecom sogelux\",\"description\":\"\",\"publisher\":{\"@id\":\"https:\/\/sogecom.sogelux.net\/#organization\"},\"potentialAction\":[{\"@type\":\"SearchAction\",\"target\":{\"@type\":\"EntryPoint\",\"urlTemplate\":\"https:\/\/sogecom.sogelux.net\/?s={search_term_string}\"},\"query-input\":{\"@type\":\"PropertyValueSpecification\",\"valueRequired\":true,\"valueName\":\"search_term_string\"}}],\"inLanguage\":\"fr-FR\"},{\"@type\":\"Organization\",\"@id\":\"https:\/\/sogecom.sogelux.net\/#organization\",\"name\":\"Sogecom\",\"url\":\"https:\/\/sogecom.sogelux.net\/\",\"logo\":{\"@type\":\"ImageObject\",\"inLanguage\":\"fr-FR\",\"@id\":\"https:\/\/sogecom.sogelux.net\/#\/schema\/logo\/image\/\",\"url\":\"https:\/\/sogecom.sogelux.net\/wp-content\/uploads\/2024\/07\/cropped-logo-sogelux-scaled-1.webp\",\"contentUrl\":\"https:\/\/sogecom.sogelux.net\/wp-content\/uploads\/2024\/07\/cropped-logo-sogelux-scaled-1.webp\",\"width\":2560,\"height\":697,\"caption\":\"Sogecom\"},\"image\":{\"@id\":\"https:\/\/sogecom.sogelux.net\/#\/schema\/logo\/image\/\"},\"sameAs\":[\"https:\/\/www.facebook.com\/p\/Sogelux-100050365376293\/?locale=fr_FR\",\"https:\/\/www.instagram.com\/sogelux.ci\/\",\"https:\/\/ci.linkedin.com\/company\/sogelux\"]}]}<\/script>\n<!-- \/ Yoast SEO plugin. -->","yoast_head_json":{"title":"Disjoncteur magn\u00e9tothermique DPX\u00b3160 pouvoir de coupure 16kA 400V~ - 4P - 125A - Sogecom","robots":{"index":"index","follow":"follow","max-snippet":"max-snippet:-1","max-image-preview":"max-image-preview:large","max-video-preview":"max-video-preview:-1"},"canonical":"https:\/\/sogecom.sogelux.net\/?product=disjoncteur-magnetothermique-dpx\u00b3160-pouvoir-de-coupure-16ka-400v-4p-125a","og_locale":"fr_FR","og_type":"article","og_title":"Disjoncteur magn\u00e9tothermique DPX\u00b3160 pouvoir de coupure 16kA 400V~ - 4P - 125A - Sogecom","og_description":"REF: LG-420016   Fiche technique  &nbsp;","og_url":"https:\/\/sogecom.sogelux.net\/?product=disjoncteur-magnetothermique-dpx\u00b3160-pouvoir-de-coupure-16ka-400v-4p-125a","og_site_name":"Sogecom","article_publisher":"https:\/\/www.facebook.com\/p\/Sogelux-100050365376293\/?locale=fr_FR","article_modified_time":"2024-07-18T17:03:17+00:00","og_image":[{"width":780,"height":780,"url":"https:\/\/sogecom.sogelux.net\/wp-content\/uploads\/2024\/07\/Disjoncteur-magnetothermique-DPX\u00b3160-pouvoir-de-coupure-16kA-400V-4P-125A.jpg","type":"image\/jpeg"}],"twitter_card":"summary_large_image","twitter_misc":{"Dur\u00e9e de lecture estim\u00e9e":"1 minute"},"schema":{"@context":"https:\/\/schema.org","@graph":[{"@type":"WebPage","@id":"https:\/\/sogecom.sogelux.net\/?product=disjoncteur-magnetothermique-dpx%c2%b3160-pouvoir-de-coupure-16ka-400v-4p-125a","url":"https:\/\/sogecom.sogelux.net\/?product=disjoncteur-magnetothermique-dpx%c2%b3160-pouvoir-de-coupure-16ka-400v-4p-125a","name":"Disjoncteur magn\u00e9tothermique DPX\u00b3160 pouvoir de coupure 16kA 400V~ - 4P - 125A - Sogecom","isPartOf":{"@id":"https:\/\/sogecom.sogelux.net\/#website"},"primaryImageOfPage":{"@id":"https:\/\/sogecom.sogelux.net\/?product=disjoncteur-magnetothermique-dpx%c2%b3160-pouvoir-de-coupure-16ka-400v-4p-125a#primaryimage"},"image":{"@id":"https:\/\/sogecom.sogelux.net\/?product=disjoncteur-magnetothermique-dpx%c2%b3160-pouvoir-de-coupure-16ka-400v-4p-125a#primaryimage"},"thumbnailUrl":"https:\/\/sogecom.sogelux.net\/wp-content\/uploads\/2024\/07\/Disjoncteur-magnetothermique-DPX\u00b3160-pouvoir-de-coupure-16kA-400V-4P-125A.jpg","datePublished":"2024-07-18T16:59:44+00:00","dateModified":"2024-07-18T17:03:17+00:00","breadcrumb":{"@id":"https:\/\/sogecom.sogelux.net\/?product=disjoncteur-magnetothermique-dpx%c2%b3160-pouvoir-de-coupure-16ka-400v-4p-125a#breadcrumb"},"inLanguage":"fr-FR","potentialAction":[{"@type":"ReadAction","target":["https:\/\/sogecom.sogelux.net\/?product=disjoncteur-magnetothermique-dpx%c2%b3160-pouvoir-de-coupure-16ka-400v-4p-125a"]}]},{"@type":"ImageObject","inLanguage":"fr-FR","@id":"https:\/\/sogecom.sogelux.net\/?product=disjoncteur-magnetothermique-dpx%c2%b3160-pouvoir-de-coupure-16ka-400v-4p-125a#primaryimage","url":"https:\/\/sogecom.sogelux.net\/wp-content\/uploads\/2024\/07\/Disjoncteur-magnetothermique-DPX\u00b3160-pouvoir-de-coupure-16kA-400V-4P-125A.jpg","contentUrl":"https:\/\/sogecom.sogelux.net\/wp-content\/uploads\/2024\/07\/Disjoncteur-magnetothermique-DPX\u00b3160-pouvoir-de-coupure-16kA-400V-4P-125A.jpg","width":780,"height":780},{"@type":"BreadcrumbList","@id":"https:\/\/sogecom.sogelux.net\/?product=disjoncteur-magnetothermique-dpx%c2%b3160-pouvoir-de-coupure-16ka-400v-4p-125a#breadcrumb","itemListElement":[{"@type":"ListItem","position":1,"name":"Accueil","item":"https:\/\/sogecom.sogelux.net\/"},{"@type":"ListItem","position":2,"name":"Boutique","item":"https:\/\/sogecom.sogelux.net\/?page_id=10"},{"@type":"ListItem","position":3,"name":"Disjoncteur magn\u00e9tothermique DPX\u00b3160 pouvoir de coupure 16kA 400V~ &#8211; 4P &#8211; 125A"}]},{"@type":"WebSite","@id":"https:\/\/sogecom.sogelux.net\/#website","url":"https:\/\/sogecom.sogelux.net\/","name":"Sogecom sogelux","description":"","publisher":{"@id":"https:\/\/sogecom.sogelux.net\/#organization"},"potentialAction":[{"@type":"SearchAction","target":{"@type":"EntryPoint","urlTemplate":"https:\/\/sogecom.sogelux.net\/?s={search_term_string}"},"query-input":{"@type":"PropertyValueSpecification","valueRequired":true,"valueName":"search_term_string"}}],"inLanguage":"fr-FR"},{"@type":"Organization","@id":"https:\/\/sogecom.sogelux.net\/#organization","name":"Sogecom","url":"https:\/\/sogecom.sogelux.net\/","logo":{"@type":"ImageObject","inLanguage":"fr-FR","@id":"https:\/\/sogecom.sogelux.net\/#\/schema\/logo\/image\/","url":"https:\/\/sogecom.sogelux.net\/wp-content\/uploads\/2024\/07\/cropped-logo-sogelux-scaled-1.webp","contentUrl":"https:\/\/sogecom.sogelux.net\/wp-content\/uploads\/2024\/07\/cropped-logo-sogelux-scaled-1.webp","width":2560,"height":697,"caption":"Sogecom"},"image":{"@id":"https:\/\/sogecom.sogelux.net\/#\/schema\/logo\/image\/"},"sameAs":["https:\/\/www.facebook.com\/p\/Sogelux-100050365376293\/?locale=fr_FR","https:\/\/www.instagram.com\/sogelux.ci\/","https:\/\/ci.linkedin.com\/company\/sogelux"]}]}},"_links":{"self":[{"href":"https:\/\/sogecom.sogelux.net\/index.php?rest_route=\/wp\/v2\/product\/1084","targetHints":{"allow":["GET"]}}],"collection":[{"href":"https:\/\/sogecom.sogelux.net\/index.php?rest_route=\/wp\/v2\/product"}],"about":[{"href":"https:\/\/sogecom.sogelux.net\/index.php?rest_route=\/wp\/v2\/types\/product"}],"replies":[{"embeddable":true,"href":"https:\/\/sogecom.sogelux.net\/index.php?rest_route=%2Fwp%2Fv2%2Fcomments&post=1084"}],"wp:featuredmedia":[{"embeddable":true,"href":"https:\/\/sogecom.sogelux.net\/index.php?rest_route=\/wp\/v2\/media\/1085"}],"wp:attachment":[{"href":"https:\/\/sogecom.sogelux.net\/index.php?rest_route=%2Fwp%2Fv2%2Fmedia&parent=1084"}],"wp:term":[{"taxonomy":"product_cat","embeddable":true,"href":"https:\/\/sogecom.sogelux.net\/index.php?rest_route=%2Fwp%2Fv2%2Fproduct_cat&post=1084"},{"taxonomy":"product_tag","embeddable":true,"href":"https:\/\/sogecom.sogelux.net\/index.php?rest_route=%2Fwp%2Fv2%2Fproduct_tag&post=1084"}],"curies":[{"name":"wp","href":"https:\/\/api.w.org\/{rel}","templated":true}]}}